{"id":1364,"date":"2021-05-19T11:33:07","date_gmt":"2021-05-19T11:33:08","guid":{"rendered":"http:\/\/www.zigboat.com\/?post_type=product&#038;p=1364"},"modified":"2021-05-19T12:13:30","modified_gmt":"2021-05-19T12:13:30","slug":"zigboat-4g-link","status":"publish","type":"product","link":"http:\/\/www.zigboat.com\/es\/producto\/zigboat-4g-link\/","title":{"rendered":"ZigBoat 4G Link"},"content":{"rendered":"<div class=\"FFpbKc\"><\/div>\n<p>\u00a1Supervise su barco donde y cuando quiera que est\u00e9!<\/p>\n<p>ZigBoat\u00ae 4G Link (c\u00f3digo ZB212) es el nuevo <strong>dispositivo 4G para conectar a Internet su sistema de monitoreo ZigBoat\u00ae usando una conexi\u00f3n 4G<\/strong>.<\/p>\n<p>Con ZigBoat\u00ae 4G Link (tarjeta SIM no incluida) puede verificar la informaci\u00f3n de la embarcaci\u00f3n que est\u00e1 siendo monitoreada por el sistema donde y cuando est\u00e9, <strong>recibir notificaciones push en su aplicaci\u00f3n ZigBoat\u00ae y notificaciones por SMS<\/strong>.<\/p>\n<p>Adem\u00e1s, el sistema ZigBoat\u00ae utiliza una plataforma de conexi\u00f3n directa, encriptada y en tiempo real de igual a igual para comunicarse con sus dispositivos m\u00f3viles (tel\u00e9fono inteligente y tableta), lo que garantiza un 100% de privacidad sin nube ni suscripci\u00f3n.<\/p>\n<p>&nbsp;<\/p>\n<p>Para que el dongle funcione correctamente, se debe usar el Gateway ZigBoat\u2122 .<\/p>\n<p><strong>ZigBoat\u2122<\/strong> es un innovador sistema inal\u00e1mbrico ZigBee \/ WiFi, sin nubes, para monitorear e interactuar con su embarcaci\u00f3n a distancia y a bordo, lo que garantiza seguridad y tranquilidad sin costos ni suscripciones mensuales. ZigBoat \u2122 consta de un m\u00f3dulo principal (Gateway) y una serie de sensores est\u00e1ndar y opcionales que se pueden agregar a sus necesidades espec\u00edficas. Gracias a las tecnolog\u00edas inal\u00e1mbricas ZigBee y Wi-Fi, que tienen comunicaci\u00f3n directa con sensores a bordo sin la necesidad de una nube, ZigBoat \u2122 env\u00eda notificaciones autom\u00e1ticas en tiempo real cuando ocurren eventos cr\u00edticos. Usando la aplicaci\u00f3n ZigBoat \u2122, puede monitorear la informaci\u00f3n del barco monitoreada por el sistema.<\/p>\n<p>&nbsp;<\/p>\n<p><strong>ZigBoat\u2122 es:<\/strong><\/p>\n<p><strong>PLUG &amp; PLAY<\/strong><\/p>\n<p>ZigBoat es muy f\u00e1cil de instalar y utilizar. No necesita cables para un control remoto ni para monitorizar su barco.<\/p>\n<p>&nbsp;<\/p>\n<p><strong>LA ULTIMA TECNOLOGIA<\/strong><\/p>\n<p>Basado en las tecnologias inal\u00e1mbricas WiFi y ZigBee para una conexi\u00f3n r\u00e1pida y sencilla, con sensores incorporados y administrados por la APP ZigBoat para <strong>iOS<\/strong> y <strong>Android<\/strong><\/p>\n<p>&nbsp;<\/p>\n<p><strong>SEGURO Y FIABLE<\/strong><\/p>\n<p>El acceso de ZigBoat utiliza una plataforma de conexi\u00f3n punto a punto directa, encriptada y en tiempo real para comunicarse con sus dispositivos m\u00f3viles (tel\u00e9fono inteligente y tableta) y tener control del barco en cualquier momento y en cualquier lugar<\/p>\n<p>&nbsp;<\/p>\n<p><strong>FLEXIBLE, MODULAR Y EVOLUTIVO<\/strong><\/p>\n<p>ZigBoat ofrece varios sensores y funciones para satisfacer sus necesidades espec\u00edficas, administrar y configurar de forma r\u00e1pida y sencilla a trav\u00e9s de la aplicaci\u00f3n. El sistema puede integrarse y expandirse con sensores adicionales ilimitados<\/p>\n<p>&nbsp;<\/p>\n","protected":false},"excerpt":{"rendered":"<p>Dispositivo 4G para conectar a Internet su sistema de monitoreo ZigBoat\u00ae, recibir SMS y notificaciones push.<\/p>\n<table>\n<tbody>\n<tr>\n<td><a href=\"https:\/\/glomex.it\/webboat\/front\/upload\/Glomex_ZB212_quick_guide.pdf\" target=\"_blank\" rel=\"noopener noreferrer\"><img loading=\"lazy\" class=\"size-full wp-image-346\" src=\"http:\/\/www.zigboat.com\/wp-content\/uploads\/2018\/02\/pdf.png\" alt=\"Manual de Instalaci\u00f3n\" width=\"100\" height=\"100\" srcset=\"http:\/\/www.zigboat.com\/wp-content\/uploads\/2018\/02\/pdf.png 256w, http:\/\/www.zigboat.com\/wp-content\/uploads\/2018\/02\/pdf-150x150.png 150w, http:\/\/www.zigboat.com\/wp-content\/uploads\/2018\/02\/pdf-100x100.png 100w\" sizes=\"(max-width: 100px) 100vw, 100px\" \/><\/a><\/td>\n<td style=\"vertical-align: middle\">\n<h5 style=\"margin-top: 40px\">Manual de Instalaci\u00f3n<\/h5>\n<p>&nbsp;<\/td>\n<\/tr>\n<\/tbody>\n<\/table>\n","protected":false},"featured_media":1375,"template":"","meta":[],"yoast_head":"<!-- This site is optimized with the Yoast SEO plugin v17.1 - https:\/\/yoast.com\/wordpress\/plugins\/seo\/ -->\n<meta name=\"robots\" content=\"index, follow, max-snippet:-1, max-image-preview:large, max-video-preview:-1\" \/>\n<link rel=\"canonical\" href=\"http:\/\/www.zigboat.com\/es\/producto\/zigboat-4g-link\/\" \/>\n<meta property=\"og:locale\" content=\"es_ES\" \/>\n<meta property=\"og:type\" content=\"article\" \/>\n<meta property=\"og:title\" content=\"ZigBoat 4G Link - ZigBoat\u2122\" \/>\n<meta property=\"og:description\" content=\"Dispositivo 4G para conectar a Internet su sistema de monitoreo ZigBoat\u00ae, recibir SMS y notificaciones push.      Manual de Instalaci\u00f3n &nbsp;\" \/>\n<meta property=\"og:url\" content=\"http:\/\/www.zigboat.com\/es\/producto\/zigboat-4g-link\/\" \/>\n<meta property=\"og:site_name\" content=\"ZigBoat\u2122\" \/>\n<meta property=\"article:publisher\" content=\"https:\/\/www.facebook.com\/Glomex\/\" \/>\n<meta property=\"article:modified_time\" content=\"2021-05-19T12:13:30+00:00\" \/>\n<meta property=\"og:image\" content=\"http:\/\/www.zigboat.com\/wp-content\/uploads\/2021\/05\/Glomex-weBBoat-4G-Link-ZB212.png\" \/>\n\t<meta property=\"og:image:width\" content=\"1600\" \/>\n\t<meta property=\"og:image:height\" content=\"2274\" \/>\n<meta name=\"twitter:card\" content=\"summary_large_image\" \/>\n<meta name=\"twitter:site\" content=\"@glomexmarine\" \/>\n<meta name=\"twitter:label1\" content=\"Tiempo de lectura\" \/>\n\t<meta name=\"twitter:data1\" content=\"2 minutos\" \/>\n<script type=\"application\/ld+json\" class=\"yoast-schema-graph\">{\"@context\":\"https:\/\/schema.org\",\"@graph\":[{\"@type\":\"Organization\",\"@id\":\"http:\/\/www.zigboat.com\/#organization\",\"name\":\"ZigBoat&trade;\",\"url\":\"http:\/\/www.zigboat.com\/\",\"sameAs\":[\"https:\/\/www.facebook.com\/Glomex\/\",\"https:\/\/twitter.com\/glomexmarine\",\"https:\/\/twitter.com\/glomexmarine\"],\"logo\":{\"@type\":\"ImageObject\",\"@id\":\"http:\/\/www.zigboat.com\/#logo\",\"inLanguage\":\"es\",\"url\":\"http:\/\/www.zigboat.com\/wp-content\/uploads\/2018\/02\/Logo-Zigboat-TM.jpg\",\"contentUrl\":\"http:\/\/www.zigboat.com\/wp-content\/uploads\/2018\/02\/Logo-Zigboat-TM.jpg\",\"width\":1024,\"height\":455,\"caption\":\"ZigBoat&trade;\"},\"image\":{\"@id\":\"http:\/\/www.zigboat.com\/#logo\"}},{\"@type\":\"WebSite\",\"@id\":\"http:\/\/www.zigboat.com\/#website\",\"url\":\"http:\/\/www.zigboat.com\/\",\"name\":\"ZigBoat\\u2122\",\"description\":\"ZigBoat&trade; - The Best in Marine Antennas  \",\"publisher\":{\"@id\":\"http:\/\/www.zigboat.com\/#organization\"},\"potentialAction\":[{\"@type\":\"SearchAction\",\"target\":{\"@type\":\"EntryPoint\",\"urlTemplate\":\"http:\/\/www.zigboat.com\/?s={search_term_string}\"},\"query-input\":\"required name=search_term_string\"}],\"inLanguage\":\"es\"},{\"@type\":\"ImageObject\",\"@id\":\"http:\/\/www.zigboat.com\/es\/producto\/zigboat-4g-link\/#primaryimage\",\"inLanguage\":\"es\",\"url\":\"http:\/\/www.zigboat.com\/wp-content\/uploads\/2021\/05\/zigboat-4g-link.png\",\"contentUrl\":\"http:\/\/www.zigboat.com\/wp-content\/uploads\/2021\/05\/zigboat-4g-link.png\",\"width\":600,\"height\":383,\"caption\":\"ZigBoat 4G Link\"},{\"@type\":\"WebPage\",\"@id\":\"http:\/\/www.zigboat.com\/es\/producto\/zigboat-4g-link\/#webpage\",\"url\":\"http:\/\/www.zigboat.com\/es\/producto\/zigboat-4g-link\/\",\"name\":\"ZigBoat 4G Link - ZigBoat\\u2122\",\"isPartOf\":{\"@id\":\"http:\/\/www.zigboat.com\/#website\"},\"primaryImageOfPage\":{\"@id\":\"http:\/\/www.zigboat.com\/es\/producto\/zigboat-4g-link\/#primaryimage\"},\"datePublished\":\"2021-05-19T11:33:08+00:00\",\"dateModified\":\"2021-05-19T12:13:30+00:00\",\"breadcrumb\":{\"@id\":\"http:\/\/www.zigboat.com\/es\/producto\/zigboat-4g-link\/#breadcrumb\"},\"inLanguage\":\"es\",\"potentialAction\":[{\"@type\":\"ReadAction\",\"target\":[\"http:\/\/www.zigboat.com\/es\/producto\/zigboat-4g-link\/\"]}]},{\"@type\":\"BreadcrumbList\",\"@id\":\"http:\/\/www.zigboat.com\/es\/producto\/zigboat-4g-link\/#breadcrumb\",\"itemListElement\":[{\"@type\":\"ListItem\",\"position\":1,\"name\":\"Home\",\"item\":\"http:\/\/www.zigboat.com\/es\/\"},{\"@type\":\"ListItem\",\"position\":2,\"name\":\"Products\",\"item\":\"http:\/\/www.zigboat.com\/shop\/\"},{\"@type\":\"ListItem\",\"position\":3,\"name\":\"ZigBoat 4G Link\"}]}]}<\/script>\n<!-- \/ Yoast SEO plugin. -->","yoast_head_json":{"robots":{"index":"index","follow":"follow","max-snippet":"max-snippet:-1","max-image-preview":"max-image-preview:large","max-video-preview":"max-video-preview:-1"},"canonical":"http:\/\/www.zigboat.com\/es\/producto\/zigboat-4g-link\/","og_locale":"es_ES","og_type":"article","og_title":"ZigBoat 4G Link - ZigBoat\u2122","og_description":"Dispositivo 4G para conectar a Internet su sistema de monitoreo ZigBoat\u00ae, recibir SMS y notificaciones push.      Manual de Instalaci\u00f3n &nbsp;","og_url":"http:\/\/www.zigboat.com\/es\/producto\/zigboat-4g-link\/","og_site_name":"ZigBoat\u2122","article_publisher":"https:\/\/www.facebook.com\/Glomex\/","article_modified_time":"2021-05-19T12:13:30+00:00","og_image":[{"width":1600,"height":2274,"url":"http:\/\/www.zigboat.com\/wp-content\/uploads\/2021\/05\/Glomex-weBBoat-4G-Link-ZB212.png","path":"\/home\/zigboatcuw\/www\/wp-content\/uploads\/2021\/05\/Glomex-weBBoat-4G-Link-ZB212.png","size":"full","id":1370,"alt":"","pixels":3638400,"type":"image\/png"}],"twitter_card":"summary_large_image","twitter_site":"@glomexmarine","twitter_misc":{"Tiempo de lectura":"2 minutos"},"schema":{"@context":"https:\/\/schema.org","@graph":[{"@type":"Organization","@id":"http:\/\/www.zigboat.com\/#organization","name":"ZigBoat&trade;","url":"http:\/\/www.zigboat.com\/","sameAs":["https:\/\/www.facebook.com\/Glomex\/","https:\/\/twitter.com\/glomexmarine","https:\/\/twitter.com\/glomexmarine"],"logo":{"@type":"ImageObject","@id":"http:\/\/www.zigboat.com\/#logo","inLanguage":"es","url":"http:\/\/www.zigboat.com\/wp-content\/uploads\/2018\/02\/Logo-Zigboat-TM.jpg","contentUrl":"http:\/\/www.zigboat.com\/wp-content\/uploads\/2018\/02\/Logo-Zigboat-TM.jpg","width":1024,"height":455,"caption":"ZigBoat&trade;"},"image":{"@id":"http:\/\/www.zigboat.com\/#logo"}},{"@type":"WebSite","@id":"http:\/\/www.zigboat.com\/#website","url":"http:\/\/www.zigboat.com\/","name":"ZigBoat\u2122","description":"ZigBoat&trade; - The Best in Marine Antennas  ","publisher":{"@id":"http:\/\/www.zigboat.com\/#organization"},"potentialAction":[{"@type":"SearchAction","target":{"@type":"EntryPoint","urlTemplate":"http:\/\/www.zigboat.com\/?s={search_term_string}"},"query-input":"required name=search_term_string"}],"inLanguage":"es"},{"@type":"ImageObject","@id":"http:\/\/www.zigboat.com\/es\/producto\/zigboat-4g-link\/#primaryimage","inLanguage":"es","url":"http:\/\/www.zigboat.com\/wp-content\/uploads\/2021\/05\/zigboat-4g-link.png","contentUrl":"http:\/\/www.zigboat.com\/wp-content\/uploads\/2021\/05\/zigboat-4g-link.png","width":600,"height":383,"caption":"ZigBoat 4G Link"},{"@type":"WebPage","@id":"http:\/\/www.zigboat.com\/es\/producto\/zigboat-4g-link\/#webpage","url":"http:\/\/www.zigboat.com\/es\/producto\/zigboat-4g-link\/","name":"ZigBoat 4G Link - ZigBoat\u2122","isPartOf":{"@id":"http:\/\/www.zigboat.com\/#website"},"primaryImageOfPage":{"@id":"http:\/\/www.zigboat.com\/es\/producto\/zigboat-4g-link\/#primaryimage"},"datePublished":"2021-05-19T11:33:08+00:00","dateModified":"2021-05-19T12:13:30+00:00","breadcrumb":{"@id":"http:\/\/www.zigboat.com\/es\/producto\/zigboat-4g-link\/#breadcrumb"},"inLanguage":"es","potentialAction":[{"@type":"ReadAction","target":["http:\/\/www.zigboat.com\/es\/producto\/zigboat-4g-link\/"]}]},{"@type":"BreadcrumbList","@id":"http:\/\/www.zigboat.com\/es\/producto\/zigboat-4g-link\/#breadcrumb","itemListElement":[{"@type":"ListItem","position":1,"name":"Home","item":"http:\/\/www.zigboat.com\/es\/"},{"@type":"ListItem","position":2,"name":"Products","item":"http:\/\/www.zigboat.com\/shop\/"},{"@type":"ListItem","position":3,"name":"ZigBoat 4G Link"}]}]}},"_links":{"self":[{"href":"http:\/\/www.zigboat.com\/es\/wp-json\/wp\/v2\/product\/1364"}],"collection":[{"href":"http:\/\/www.zigboat.com\/es\/wp-json\/wp\/v2\/product"}],"about":[{"href":"http:\/\/www.zigboat.com\/es\/wp-json\/wp\/v2\/types\/product"}],"wp:featuredmedia":[{"embeddable":true,"href":"http:\/\/www.zigboat.com\/es\/wp-json\/wp\/v2\/media\/1375"}],"wp:attachment":[{"href":"http:\/\/www.zigboat.com\/es\/wp-json\/wp\/v2\/media?parent=1364"}],"curies":[{"name":"wp","href":"https:\/\/api.w.org\/{rel}","templated":true}]}}