{"id":738,"date":"2018-02-21T22:53:08","date_gmt":"2018-02-21T22:53:08","guid":{"rendered":"http:\/\/www.zigboat.com\/product\/738\/"},"modified":"2019-06-10T15:24:40","modified_gmt":"2019-06-10T15:24:40","slug":"starter-kit","status":"publish","type":"product","link":"http:\/\/www.zigboat.com\/es\/producto\/starter-kit\/","title":{"rendered":"ZigBoat&trade; &#8211; Starter Kit"},"content":{"rendered":"<p><strong>ZigBoat\u2122<\/strong> es un innovador sistema inal\u00e1mbrico ZigBee \/ WiFi, sin nubes, para monitorear e interactuar con su embarcaci\u00f3n a distancia y a bordo, lo que garantiza seguridad y tranquilidad sin costos ni suscripciones mensuales. ZigBoat \u2122 consta de un m\u00f3dulo principal (Gateway) y una serie de sensores est\u00e1ndar y opcionales que se pueden agregar a sus necesidades espec\u00edficas. Gracias a las tecnolog\u00edas inal\u00e1mbricas ZigBee y Wi-Fi, que tienen comunicaci\u00f3n directa con sensores a bordo sin la necesidad de una nube, ZigBoat \u2122 env\u00eda notificaciones autom\u00e1ticas en tiempo real cuando ocurren eventos cr\u00edticos. Usando la aplicaci\u00f3n ZigBoat \u2122, puede monitorear la informaci\u00f3n del barco monitoreada por el sistema. Con el dongle USB 3G opcional (c\u00f3digo ZB210), tambi\u00e9n puede recibir notificaciones por SMS en caso de un evento cr\u00edtico.<\/p>\n<p>Este kit contiene una puerta de enlace, un sensor de puerta \/ puerta, un sensor de bater\u00eda, un sensor de agua de sentina y bater\u00edas de larga duraci\u00f3n para sensores:<\/p>\n<p>&nbsp;<\/p>\n<p><strong>GATEWAY<\/strong><br \/>\nEs el m\u00f3dulo principal del sistema ZigBoat\u2122. Es una plataforma abierta que se puede integrar con sensores ilimitados y la funcionalidad ZigBoat \u2122 adicional. Si est\u00e1 conectado a Internet (por ejemplo, weBBoat 4G Lite o 3G USB dongle o WiFi local), env\u00ede notificaciones autom\u00e1ticas en su dispositivo m\u00f3vil.<\/p>\n<p>&nbsp;<\/p>\n<p><strong>SENSOR BATERIA<\/strong><br \/>\nEl sensor de bater\u00eda ZigBoat \u2122 monitorea el voltaje de la bater\u00eda a 12V y 24V y, si cae por debajo de un nivel predefinido, env\u00eda notificaciones push.<\/p>\n<p>&nbsp;<\/p>\n<p><strong>SENSOR INUNDACION<\/strong><br \/>\nRecibe al instante aviso de entrada de agua. Adem\u00e1s, la alarma de inundaci\u00f3n tiene una sirena incorporada cuando detecte la entrada de agua<\/p>\n<p>&nbsp;<\/p>\n<p><strong>SENSOR PUERTAS<\/strong><br \/>\nRecibe alertas en caso de apertura de puertas en su barco<\/p>\n<p>&nbsp;<\/p>\n<p><strong>ZigBoat\u2122 es:<\/strong><\/p>\n<p><strong>PLUG &amp; PLAY<\/strong><br \/>\nZigBoat es muy f\u00e1cil de instalar y utilizar. No necesita cables para un control remoto ni para monitorizar su barco.<\/p>\n<p>&nbsp;<\/p>\n<p><strong>LA ULTIMA TECNOLOGIA<\/strong><br \/>\nBasado en las tecnologias inal\u00e1mbricas WiFi y ZigBee para una conexi\u00f3n r\u00e1pida y sencilla, con sensores incorporados y administrados por la APP ZigBoat para <strong>iOS<\/strong> y <strong>Android<\/strong><\/p>\n<p>&nbsp;<\/p>\n<p><strong>SEGURO Y FIABLE<\/strong><br \/>\nEl acceso de ZigBoat utiliza una plataforma de conexi\u00f3n punto a punto directa, encriptada y en tiempo real para comunicarse con sus dispositivos m\u00f3viles (tel\u00e9fono inteligente y tableta) y tener control del barco en cualquier momento y en cualquier lugar<\/p>\n<p>&nbsp;<\/p>\n<p><strong>FLEXIBLE, MODULAR Y EVOLUTIVO<\/strong><br \/>\nZigBoat ofrece varios sensores y funciones para satisfacer sus necesidades espec\u00edficas, administrar y configurar de forma r\u00e1pida y sencilla a trav\u00e9s de la aplicaci\u00f3n. El sistema puede integrarse y expandirse con sensores adicionales ilimitados<\/p>\n","protected":false},"excerpt":{"rendered":"<p>El sistema 100% inal\u00e1mbrico para controlar e interactuar con su bote de forma remota a trav\u00e9s de la aplicaci\u00f3n gratuita. Sin cuota o suscripci\u00f3n mensual. Este kit contiene una puerta de enlace, un sensor de puerta \/ puerta, un sensor de bater\u00eda, un sensor de agua de sentina y una bater\u00eda de larga duraci\u00f3n, hasta 5 a\u00f1os, lo que garantiza la seguridad y la tranquilidad.<\/p>\n<table>\n<tbody>\n<tr>\n<td><a href=\"http:\/\/www.zigboat.com\/wp-content\/uploads\/2019\/06\/ZigBoat-Quick-Reference-Guide.pdf\" target=\"_blank\" rel=\"noopener noreferrer\"><img loading=\"lazy\" class=\"size-full wp-image-346\" src=\"http:\/\/www.zigboat.com\/wp-content\/uploads\/2018\/02\/pdf.png\" alt=\"Installation Manual\" width=\"100\" height=\"100\" srcset=\"http:\/\/www.zigboat.com\/wp-content\/uploads\/2018\/02\/pdf.png 256w, http:\/\/www.zigboat.com\/wp-content\/uploads\/2018\/02\/pdf-150x150.png 150w, http:\/\/www.zigboat.com\/wp-content\/uploads\/2018\/02\/pdf-100x100.png 100w\" sizes=\"(max-width: 100px) 100vw, 100px\" \/><\/a><\/td>\n<td style=\"vertical-align: middle;\">\n<h5 style=\"margin-top: 40px;\">Manual de Instalaci\u00f3n<\/h5>\n<p>&nbsp;<\/td>\n<\/tr>\n<\/tbody>\n<\/table>\n","protected":false},"featured_media":1275,"template":"","meta":[],"yoast_head":"<!-- This site is optimized with the Yoast SEO plugin v17.1 - https:\/\/yoast.com\/wordpress\/plugins\/seo\/ -->\n<meta name=\"robots\" content=\"index, follow, max-snippet:-1, max-image-preview:large, max-video-preview:-1\" \/>\n<link rel=\"canonical\" href=\"https:\/\/www.zigboat.com\/es\/producto\/starter-kit\/\" \/>\n<meta property=\"og:locale\" content=\"es_ES\" \/>\n<meta property=\"og:type\" content=\"article\" \/>\n<meta property=\"og:title\" content=\"ZigBoat&trade; - Starter Kit - ZigBoat\u2122\" \/>\n<meta property=\"og:description\" content=\"El sistema 100% inal\u00e1mbrico para controlar e interactuar con su bote de forma remota a trav\u00e9s de la aplicaci\u00f3n gratuita. Sin cuota o suscripci\u00f3n mensual. Este kit contiene una puerta de enlace, un sensor de puerta \/ puerta, un sensor de bater\u00eda, un sensor de agua de sentina y una bater\u00eda de larga duraci\u00f3n, hasta 5 a\u00f1os, lo que garantiza la seguridad y la tranquilidad.      Manual de Instalaci\u00f3n &nbsp;\" \/>\n<meta property=\"og:url\" content=\"https:\/\/www.zigboat.com\/es\/producto\/starter-kit\/\" \/>\n<meta property=\"og:site_name\" content=\"ZigBoat\u2122\" \/>\n<meta property=\"article:publisher\" content=\"https:\/\/www.facebook.com\/Glomex\/\" \/>\n<meta property=\"article:modified_time\" content=\"2019-06-10T15:24:40+00:00\" \/>\n<meta property=\"og:image\" content=\"https:\/\/www.zigboat.com\/wp-content\/uploads\/2018\/02\/ZigBoat-starter-kit_2019.jpg\" \/>\n\t<meta property=\"og:image:width\" content=\"2020\" \/>\n\t<meta property=\"og:image:height\" content=\"1183\" \/>\n<meta name=\"twitter:card\" content=\"summary_large_image\" \/>\n<meta name=\"twitter:site\" content=\"@glomexmarine\" \/>\n<meta name=\"twitter:label1\" content=\"Tiempo de lectura\" \/>\n\t<meta name=\"twitter:data1\" content=\"2 minutos\" \/>\n<script type=\"application\/ld+json\" class=\"yoast-schema-graph\">{\"@context\":\"https:\/\/schema.org\",\"@graph\":[{\"@type\":\"Organization\",\"@id\":\"https:\/\/www.zigboat.com\/#organization\",\"name\":\"ZigBoat&trade;\",\"url\":\"https:\/\/www.zigboat.com\/\",\"sameAs\":[\"https:\/\/www.facebook.com\/Glomex\/\",\"https:\/\/twitter.com\/glomexmarine\",\"https:\/\/twitter.com\/glomexmarine\"],\"logo\":{\"@type\":\"ImageObject\",\"@id\":\"https:\/\/www.zigboat.com\/#logo\",\"inLanguage\":\"es\",\"url\":\"http:\/\/www.zigboat.com\/wp-content\/uploads\/2018\/02\/Logo-Zigboat-TM.jpg\",\"contentUrl\":\"http:\/\/www.zigboat.com\/wp-content\/uploads\/2018\/02\/Logo-Zigboat-TM.jpg\",\"width\":1024,\"height\":455,\"caption\":\"ZigBoat&trade;\"},\"image\":{\"@id\":\"https:\/\/www.zigboat.com\/#logo\"}},{\"@type\":\"WebSite\",\"@id\":\"https:\/\/www.zigboat.com\/#website\",\"url\":\"https:\/\/www.zigboat.com\/\",\"name\":\"ZigBoat\\u2122\",\"description\":\"ZigBoat&trade; - The Best in Marine Antennas  \",\"publisher\":{\"@id\":\"https:\/\/www.zigboat.com\/#organization\"},\"potentialAction\":[{\"@type\":\"SearchAction\",\"target\":{\"@type\":\"EntryPoint\",\"urlTemplate\":\"https:\/\/www.zigboat.com\/?s={search_term_string}\"},\"query-input\":\"required name=search_term_string\"}],\"inLanguage\":\"es\"},{\"@type\":\"ImageObject\",\"@id\":\"https:\/\/www.zigboat.com\/es\/producto\/starter-kit\/#primaryimage\",\"inLanguage\":\"es\",\"url\":\"http:\/\/www.zigboat.com\/wp-content\/uploads\/2018\/02\/ZigBoat-starter-kit_2019.jpg\",\"contentUrl\":\"http:\/\/www.zigboat.com\/wp-content\/uploads\/2018\/02\/ZigBoat-starter-kit_2019.jpg\",\"width\":2020,\"height\":1183},{\"@type\":\"WebPage\",\"@id\":\"https:\/\/www.zigboat.com\/es\/producto\/starter-kit\/#webpage\",\"url\":\"https:\/\/www.zigboat.com\/es\/producto\/starter-kit\/\",\"name\":\"ZigBoat&trade; - Starter Kit - ZigBoat\\u2122\",\"isPartOf\":{\"@id\":\"https:\/\/www.zigboat.com\/#website\"},\"primaryImageOfPage\":{\"@id\":\"https:\/\/www.zigboat.com\/es\/producto\/starter-kit\/#primaryimage\"},\"datePublished\":\"2018-02-21T22:53:08+00:00\",\"dateModified\":\"2019-06-10T15:24:40+00:00\",\"breadcrumb\":{\"@id\":\"https:\/\/www.zigboat.com\/es\/producto\/starter-kit\/#breadcrumb\"},\"inLanguage\":\"es\",\"potentialAction\":[{\"@type\":\"ReadAction\",\"target\":[\"https:\/\/www.zigboat.com\/es\/producto\/starter-kit\/\"]}]},{\"@type\":\"BreadcrumbList\",\"@id\":\"https:\/\/www.zigboat.com\/es\/producto\/starter-kit\/#breadcrumb\",\"itemListElement\":[{\"@type\":\"ListItem\",\"position\":1,\"name\":\"Home\",\"item\":\"https:\/\/www.zigboat.com\/es\/\"},{\"@type\":\"ListItem\",\"position\":2,\"name\":\"Products\",\"item\":\"https:\/\/www.zigboat.com\/shop\/\"},{\"@type\":\"ListItem\",\"position\":3,\"name\":\"ZigBoat&trade; &#8211; Starter Kit\"}]}]}<\/script>\n<!-- \/ Yoast SEO plugin. -->","yoast_head_json":{"robots":{"index":"index","follow":"follow","max-snippet":"max-snippet:-1","max-image-preview":"max-image-preview:large","max-video-preview":"max-video-preview:-1"},"canonical":"https:\/\/www.zigboat.com\/es\/producto\/starter-kit\/","og_locale":"es_ES","og_type":"article","og_title":"ZigBoat&trade; - Starter Kit - ZigBoat\u2122","og_description":"El sistema 100% inal\u00e1mbrico para controlar e interactuar con su bote de forma remota a trav\u00e9s de la aplicaci\u00f3n gratuita. Sin cuota o suscripci\u00f3n mensual. Este kit contiene una puerta de enlace, un sensor de puerta \/ puerta, un sensor de bater\u00eda, un sensor de agua de sentina y una bater\u00eda de larga duraci\u00f3n, hasta 5 a\u00f1os, lo que garantiza la seguridad y la tranquilidad.      Manual de Instalaci\u00f3n &nbsp;","og_url":"https:\/\/www.zigboat.com\/es\/producto\/starter-kit\/","og_site_name":"ZigBoat\u2122","article_publisher":"https:\/\/www.facebook.com\/Glomex\/","article_modified_time":"2019-06-10T15:24:40+00:00","og_image":[{"width":2020,"height":1183,"url":"https:\/\/www.zigboat.com\/wp-content\/uploads\/2018\/02\/ZigBoat-starter-kit_2019.jpg","path":"\/home\/zigboatcuw\/www\/wp-content\/uploads\/2018\/02\/ZigBoat-starter-kit_2019.jpg","size":"full","id":1275,"alt":"","pixels":2389660,"type":"image\/jpeg"}],"twitter_card":"summary_large_image","twitter_site":"@glomexmarine","twitter_misc":{"Tiempo de lectura":"2 minutos"},"schema":{"@context":"https:\/\/schema.org","@graph":[{"@type":"Organization","@id":"https:\/\/www.zigboat.com\/#organization","name":"ZigBoat&trade;","url":"https:\/\/www.zigboat.com\/","sameAs":["https:\/\/www.facebook.com\/Glomex\/","https:\/\/twitter.com\/glomexmarine","https:\/\/twitter.com\/glomexmarine"],"logo":{"@type":"ImageObject","@id":"https:\/\/www.zigboat.com\/#logo","inLanguage":"es","url":"http:\/\/www.zigboat.com\/wp-content\/uploads\/2018\/02\/Logo-Zigboat-TM.jpg","contentUrl":"http:\/\/www.zigboat.com\/wp-content\/uploads\/2018\/02\/Logo-Zigboat-TM.jpg","width":1024,"height":455,"caption":"ZigBoat&trade;"},"image":{"@id":"https:\/\/www.zigboat.com\/#logo"}},{"@type":"WebSite","@id":"https:\/\/www.zigboat.com\/#website","url":"https:\/\/www.zigboat.com\/","name":"ZigBoat\u2122","description":"ZigBoat&trade; - The Best in Marine Antennas  ","publisher":{"@id":"https:\/\/www.zigboat.com\/#organization"},"potentialAction":[{"@type":"SearchAction","target":{"@type":"EntryPoint","urlTemplate":"https:\/\/www.zigboat.com\/?s={search_term_string}"},"query-input":"required name=search_term_string"}],"inLanguage":"es"},{"@type":"ImageObject","@id":"https:\/\/www.zigboat.com\/es\/producto\/starter-kit\/#primaryimage","inLanguage":"es","url":"http:\/\/www.zigboat.com\/wp-content\/uploads\/2018\/02\/ZigBoat-starter-kit_2019.jpg","contentUrl":"http:\/\/www.zigboat.com\/wp-content\/uploads\/2018\/02\/ZigBoat-starter-kit_2019.jpg","width":2020,"height":1183},{"@type":"WebPage","@id":"https:\/\/www.zigboat.com\/es\/producto\/starter-kit\/#webpage","url":"https:\/\/www.zigboat.com\/es\/producto\/starter-kit\/","name":"ZigBoat&trade; - Starter Kit - ZigBoat\u2122","isPartOf":{"@id":"https:\/\/www.zigboat.com\/#website"},"primaryImageOfPage":{"@id":"https:\/\/www.zigboat.com\/es\/producto\/starter-kit\/#primaryimage"},"datePublished":"2018-02-21T22:53:08+00:00","dateModified":"2019-06-10T15:24:40+00:00","breadcrumb":{"@id":"https:\/\/www.zigboat.com\/es\/producto\/starter-kit\/#breadcrumb"},"inLanguage":"es","potentialAction":[{"@type":"ReadAction","target":["https:\/\/www.zigboat.com\/es\/producto\/starter-kit\/"]}]},{"@type":"BreadcrumbList","@id":"https:\/\/www.zigboat.com\/es\/producto\/starter-kit\/#breadcrumb","itemListElement":[{"@type":"ListItem","position":1,"name":"Home","item":"https:\/\/www.zigboat.com\/es\/"},{"@type":"ListItem","position":2,"name":"Products","item":"https:\/\/www.zigboat.com\/shop\/"},{"@type":"ListItem","position":3,"name":"ZigBoat&trade; &#8211; Starter Kit"}]}]}},"_links":{"self":[{"href":"http:\/\/www.zigboat.com\/es\/wp-json\/wp\/v2\/product\/738"}],"collection":[{"href":"http:\/\/www.zigboat.com\/es\/wp-json\/wp\/v2\/product"}],"about":[{"href":"http:\/\/www.zigboat.com\/es\/wp-json\/wp\/v2\/types\/product"}],"wp:featuredmedia":[{"embeddable":true,"href":"http:\/\/www.zigboat.com\/es\/wp-json\/wp\/v2\/media\/1275"}],"wp:attachment":[{"href":"http:\/\/www.zigboat.com\/es\/wp-json\/wp\/v2\/media?parent=738"}],"curies":[{"name":"wp","href":"https:\/\/api.w.org\/{rel}","templated":true}]}}