{"id":769,"date":"2018-02-21T23:22:01","date_gmt":"2018-02-21T23:22:01","guid":{"rendered":"http:\/\/www.zigboat.com\/product\/smart-plug-230vac\/"},"modified":"2018-02-21T23:22:01","modified_gmt":"2018-02-21T23:22:01","slug":"smart-plug-230vac","status":"publish","type":"product","link":"http:\/\/www.zigboat.com\/es\/producto\/smart-plug-230vac\/","title":{"rendered":"Smart plug  \u2013 230Vac"},"content":{"rendered":"<p>El ZigBoat \u2122 Smart Plug es un adaptador inteligente controlado de forma remota. Le permite encender y apagar dispositivos el\u00e9ctricos al instante de forma remota.<\/p>\n<p>Para que el sensor funcione correctamente, se debe usar el Gateway ZigBoat\u2122 .<\/p>\n<p><strong>ZigBoat\u2122<\/strong> es un innovador sistema inal\u00e1mbrico ZigBee \/ WiFi, sin nubes, para monitorear e interactuar con su embarcaci\u00f3n a distancia y a bordo, lo que garantiza seguridad y tranquilidad sin costos ni suscripciones mensuales. ZigBoat \u2122 consta de un m\u00f3dulo principal (Gateway) y una serie de sensores est\u00e1ndar y opcionales que se pueden agregar a sus necesidades espec\u00edficas. Gracias a las tecnolog\u00edas inal\u00e1mbricas ZigBee y Wi-Fi, que tienen comunicaci\u00f3n directa con sensores a bordo sin la necesidad de una nube, ZigBoat \u2122 env\u00eda notificaciones autom\u00e1ticas en tiempo real cuando ocurren eventos cr\u00edticos. Usando la aplicaci\u00f3n ZigBoat \u2122, puede monitorear la informaci\u00f3n del barco monitoreada por el sistema. Con el dongle USB 3G opcional (c\u00f3digo ZB210), tambi\u00e9n puede recibir notificaciones por SMS en caso de un evento cr\u00edtico.<\/p>\n<p>&nbsp;<\/p>\n<p><strong>ZigBoat\u2122 es:<\/strong><\/p>\n<p><strong>PLUG &amp; PLAY<\/strong><\/p>\n<p>ZigBoat es muy f\u00e1cil de instalar y utilizar. No necesita cables para un control remoto ni para monitorizar su barco.<\/p>\n<p>&nbsp;<\/p>\n<p><strong>LA ULTIMA TECNOLOGIA<\/strong><\/p>\n<p>Basado en las tecnologias inal\u00e1mbricas WiFi y ZigBee para una conexi\u00f3n r\u00e1pida y sencilla, con sensores incorporados y administrados por la APP ZigBoat para <strong>iOS<\/strong> y <strong>Android<\/strong><\/p>\n<p>&nbsp;<\/p>\n<p><strong>SEGURO Y FIABLE<\/strong><\/p>\n<p>El acceso de ZigBoat utiliza una plataforma de conexi\u00f3n punto a punto directa, encriptada y en tiempo real para comunicarse con sus dispositivos m\u00f3viles (tel\u00e9fono inteligente y tableta) y tener control del barco en cualquier momento y en cualquier lugar<\/p>\n<p>&nbsp;<\/p>\n<p><strong>FLEXIBLE, MODULAR Y EVOLUTIVO<\/strong><\/p>\n<p>ZigBoat ofrece varios sensores y funciones para satisfacer sus necesidades espec\u00edficas, administrar y configurar de forma r\u00e1pida y sencilla a trav\u00e9s de la aplicaci\u00f3n. El sistema puede integrarse y expandirse con sensores adicionales ilimitados.<\/p>\n","protected":false},"excerpt":{"rendered":"<p>Enciende o apaga el sistema el\u00e9ctrico de forma remota.<\/p>\n<table>\n<tbody>\n<tr>\n<td><a href=\"http:\/\/www.zigboat.com\/wp-content\/uploads\/2018\/04\/Smart-Plug-Mini-installation-manual-mod.pdf\" target=\"_blank\" rel=\"noopener\"><img loading=\"lazy\" class=\"size-full wp-image-346\" src=\"http:\/\/www.zigboat.com\/wp-content\/uploads\/2018\/02\/pdf.png\" alt=\"Manual de Instalaci&oacute;n\" width=\"100\" height=\"100\" srcset=\"http:\/\/www.zigboat.com\/wp-content\/uploads\/2018\/02\/pdf.png 256w, http:\/\/www.zigboat.com\/wp-content\/uploads\/2018\/02\/pdf-150x150.png 150w, http:\/\/www.zigboat.com\/wp-content\/uploads\/2018\/02\/pdf-100x100.png 100w\" sizes=\"(max-width: 100px) 100vw, 100px\" \/><\/a><\/td>\n<td style=\"vertical-align: middle;\">\n<h5 style=\"margin-top: 40px;\">Manual de Instalaci&oacute;n<\/h5>\n<p>&nbsp;<\/td>\n<\/tr>\n<\/tbody>\n<\/table>\n","protected":false},"featured_media":770,"template":"","meta":[],"yoast_head":"<!-- This site is optimized with the Yoast SEO plugin v17.1 - https:\/\/yoast.com\/wordpress\/plugins\/seo\/ -->\n<meta name=\"robots\" content=\"index, follow, max-snippet:-1, max-image-preview:large, max-video-preview:-1\" \/>\n<link rel=\"canonical\" href=\"http:\/\/www.zigboat.com\/es\/producto\/smart-plug-230vac\/\" \/>\n<meta property=\"og:locale\" content=\"es_ES\" \/>\n<meta property=\"og:type\" content=\"article\" \/>\n<meta property=\"og:title\" content=\"Smart plug \u2013 230Vac - ZigBoat\u2122\" \/>\n<meta property=\"og:description\" content=\"Enciende o apaga el sistema el\u00e9ctrico de forma remota.      Manual de Instalaci&oacute;n &nbsp;\" \/>\n<meta property=\"og:url\" content=\"http:\/\/www.zigboat.com\/es\/producto\/smart-plug-230vac\/\" \/>\n<meta property=\"og:site_name\" content=\"ZigBoat\u2122\" \/>\n<meta property=\"article:publisher\" content=\"https:\/\/www.facebook.com\/Glomex\/\" \/>\n<meta property=\"og:image\" content=\"https:\/\/www.zigboat.com\/wp-content\/uploads\/2018\/02\/zigboat-smart-plug-8.png\" \/>\n\t<meta property=\"og:image:width\" content=\"1280\" \/>\n\t<meta property=\"og:image:height\" content=\"817\" \/>\n<meta name=\"twitter:card\" content=\"summary_large_image\" \/>\n<meta name=\"twitter:site\" content=\"@glomexmarine\" \/>\n<meta name=\"twitter:label1\" content=\"Tiempo de lectura\" \/>\n\t<meta name=\"twitter:data1\" content=\"2 minutos\" \/>\n<script type=\"application\/ld+json\" class=\"yoast-schema-graph\">{\"@context\":\"https:\/\/schema.org\",\"@graph\":[{\"@type\":\"Organization\",\"@id\":\"http:\/\/www.zigboat.com\/fr\/#organization\",\"name\":\"ZigBoat&trade;\",\"url\":\"http:\/\/www.zigboat.com\/fr\/\",\"sameAs\":[\"https:\/\/www.facebook.com\/Glomex\/\",\"https:\/\/twitter.com\/glomexmarine\",\"https:\/\/twitter.com\/glomexmarine\"],\"logo\":{\"@type\":\"ImageObject\",\"@id\":\"http:\/\/www.zigboat.com\/fr\/#logo\",\"inLanguage\":\"es\",\"url\":\"http:\/\/www.zigboat.com\/wp-content\/uploads\/2018\/02\/Logo-Zigboat-TM.jpg\",\"contentUrl\":\"http:\/\/www.zigboat.com\/wp-content\/uploads\/2018\/02\/Logo-Zigboat-TM.jpg\",\"width\":1024,\"height\":455,\"caption\":\"ZigBoat&trade;\"},\"image\":{\"@id\":\"http:\/\/www.zigboat.com\/fr\/#logo\"}},{\"@type\":\"WebSite\",\"@id\":\"http:\/\/www.zigboat.com\/fr\/#website\",\"url\":\"http:\/\/www.zigboat.com\/fr\/\",\"name\":\"ZigBoat\\u2122\",\"description\":\"ZigBoat&trade; - The Best in Marine Antennas  \",\"publisher\":{\"@id\":\"http:\/\/www.zigboat.com\/fr\/#organization\"},\"potentialAction\":[{\"@type\":\"SearchAction\",\"target\":{\"@type\":\"EntryPoint\",\"urlTemplate\":\"http:\/\/www.zigboat.com\/fr\/?s={search_term_string}\"},\"query-input\":\"required name=search_term_string\"}],\"inLanguage\":\"es\"},{\"@type\":\"ImageObject\",\"@id\":\"http:\/\/www.zigboat.com\/es\/producto\/smart-plug-230vac\/#primaryimage\",\"inLanguage\":\"es\",\"url\":\"http:\/\/www.zigboat.com\/wp-content\/uploads\/2018\/02\/zigboat-smart-plug-8.png\",\"contentUrl\":\"http:\/\/www.zigboat.com\/wp-content\/uploads\/2018\/02\/zigboat-smart-plug-8.png\",\"width\":1280,\"height\":817,\"caption\":\"Smart plug \\u2013 230Vac\"},{\"@type\":\"WebPage\",\"@id\":\"http:\/\/www.zigboat.com\/es\/producto\/smart-plug-230vac\/#webpage\",\"url\":\"http:\/\/www.zigboat.com\/es\/producto\/smart-plug-230vac\/\",\"name\":\"Smart plug \\u2013 230Vac - ZigBoat\\u2122\",\"isPartOf\":{\"@id\":\"http:\/\/www.zigboat.com\/fr\/#website\"},\"primaryImageOfPage\":{\"@id\":\"http:\/\/www.zigboat.com\/es\/producto\/smart-plug-230vac\/#primaryimage\"},\"datePublished\":\"2018-02-21T23:22:01+00:00\",\"dateModified\":\"2018-02-21T23:22:01+00:00\",\"breadcrumb\":{\"@id\":\"http:\/\/www.zigboat.com\/es\/producto\/smart-plug-230vac\/#breadcrumb\"},\"inLanguage\":\"es\",\"potentialAction\":[{\"@type\":\"ReadAction\",\"target\":[\"http:\/\/www.zigboat.com\/es\/producto\/smart-plug-230vac\/\"]}]},{\"@type\":\"BreadcrumbList\",\"@id\":\"http:\/\/www.zigboat.com\/es\/producto\/smart-plug-230vac\/#breadcrumb\",\"itemListElement\":[{\"@type\":\"ListItem\",\"position\":1,\"name\":\"Home\",\"item\":\"https:\/\/www.zigboat.com\/es\/\"},{\"@type\":\"ListItem\",\"position\":2,\"name\":\"Products\",\"item\":\"http:\/\/www.zigboat.com\/it\/shop\/\"},{\"@type\":\"ListItem\",\"position\":3,\"name\":\"Smart plug \\u2013 230Vac\"}]}]}<\/script>\n<!-- \/ Yoast SEO plugin. -->","yoast_head_json":{"robots":{"index":"index","follow":"follow","max-snippet":"max-snippet:-1","max-image-preview":"max-image-preview:large","max-video-preview":"max-video-preview:-1"},"canonical":"http:\/\/www.zigboat.com\/es\/producto\/smart-plug-230vac\/","og_locale":"es_ES","og_type":"article","og_title":"Smart plug \u2013 230Vac - ZigBoat\u2122","og_description":"Enciende o apaga el sistema el\u00e9ctrico de forma remota.      Manual de Instalaci&oacute;n &nbsp;","og_url":"http:\/\/www.zigboat.com\/es\/producto\/smart-plug-230vac\/","og_site_name":"ZigBoat\u2122","article_publisher":"https:\/\/www.facebook.com\/Glomex\/","og_image":[{"width":1280,"height":817,"url":"https:\/\/www.zigboat.com\/wp-content\/uploads\/2018\/02\/zigboat-smart-plug-8.png","path":"\/home\/zigboatcuw\/www\/wp-content\/uploads\/2018\/02\/zigboat-smart-plug-8.png","size":"full","id":770,"alt":"Smart plug  \u2013 230Vac","pixels":1045760,"type":"image\/png"}],"twitter_card":"summary_large_image","twitter_site":"@glomexmarine","twitter_misc":{"Tiempo de lectura":"2 minutos"},"schema":{"@context":"https:\/\/schema.org","@graph":[{"@type":"Organization","@id":"http:\/\/www.zigboat.com\/fr\/#organization","name":"ZigBoat&trade;","url":"http:\/\/www.zigboat.com\/fr\/","sameAs":["https:\/\/www.facebook.com\/Glomex\/","https:\/\/twitter.com\/glomexmarine","https:\/\/twitter.com\/glomexmarine"],"logo":{"@type":"ImageObject","@id":"http:\/\/www.zigboat.com\/fr\/#logo","inLanguage":"es","url":"http:\/\/www.zigboat.com\/wp-content\/uploads\/2018\/02\/Logo-Zigboat-TM.jpg","contentUrl":"http:\/\/www.zigboat.com\/wp-content\/uploads\/2018\/02\/Logo-Zigboat-TM.jpg","width":1024,"height":455,"caption":"ZigBoat&trade;"},"image":{"@id":"http:\/\/www.zigboat.com\/fr\/#logo"}},{"@type":"WebSite","@id":"http:\/\/www.zigboat.com\/fr\/#website","url":"http:\/\/www.zigboat.com\/fr\/","name":"ZigBoat\u2122","description":"ZigBoat&trade; - The Best in Marine Antennas  ","publisher":{"@id":"http:\/\/www.zigboat.com\/fr\/#organization"},"potentialAction":[{"@type":"SearchAction","target":{"@type":"EntryPoint","urlTemplate":"http:\/\/www.zigboat.com\/fr\/?s={search_term_string}"},"query-input":"required name=search_term_string"}],"inLanguage":"es"},{"@type":"ImageObject","@id":"http:\/\/www.zigboat.com\/es\/producto\/smart-plug-230vac\/#primaryimage","inLanguage":"es","url":"http:\/\/www.zigboat.com\/wp-content\/uploads\/2018\/02\/zigboat-smart-plug-8.png","contentUrl":"http:\/\/www.zigboat.com\/wp-content\/uploads\/2018\/02\/zigboat-smart-plug-8.png","width":1280,"height":817,"caption":"Smart plug \u2013 230Vac"},{"@type":"WebPage","@id":"http:\/\/www.zigboat.com\/es\/producto\/smart-plug-230vac\/#webpage","url":"http:\/\/www.zigboat.com\/es\/producto\/smart-plug-230vac\/","name":"Smart plug \u2013 230Vac - ZigBoat\u2122","isPartOf":{"@id":"http:\/\/www.zigboat.com\/fr\/#website"},"primaryImageOfPage":{"@id":"http:\/\/www.zigboat.com\/es\/producto\/smart-plug-230vac\/#primaryimage"},"datePublished":"2018-02-21T23:22:01+00:00","dateModified":"2018-02-21T23:22:01+00:00","breadcrumb":{"@id":"http:\/\/www.zigboat.com\/es\/producto\/smart-plug-230vac\/#breadcrumb"},"inLanguage":"es","potentialAction":[{"@type":"ReadAction","target":["http:\/\/www.zigboat.com\/es\/producto\/smart-plug-230vac\/"]}]},{"@type":"BreadcrumbList","@id":"http:\/\/www.zigboat.com\/es\/producto\/smart-plug-230vac\/#breadcrumb","itemListElement":[{"@type":"ListItem","position":1,"name":"Home","item":"https:\/\/www.zigboat.com\/es\/"},{"@type":"ListItem","position":2,"name":"Products","item":"http:\/\/www.zigboat.com\/it\/shop\/"},{"@type":"ListItem","position":3,"name":"Smart plug \u2013 230Vac"}]}]}},"_links":{"self":[{"href":"http:\/\/www.zigboat.com\/es\/wp-json\/wp\/v2\/product\/769"}],"collection":[{"href":"http:\/\/www.zigboat.com\/es\/wp-json\/wp\/v2\/product"}],"about":[{"href":"http:\/\/www.zigboat.com\/es\/wp-json\/wp\/v2\/types\/product"}],"wp:featuredmedia":[{"embeddable":true,"href":"http:\/\/www.zigboat.com\/es\/wp-json\/wp\/v2\/media\/770"}],"wp:attachment":[{"href":"http:\/\/www.zigboat.com\/es\/wp-json\/wp\/v2\/media?parent=769"}],"curies":[{"name":"wp","href":"https:\/\/api.w.org\/{rel}","templated":true}]}}