{"id":775,"date":"2018-02-21T23:24:38","date_gmt":"2018-02-21T23:24:38","guid":{"rendered":"http:\/\/www.zigboat.com\/product\/video-vigilancia\/"},"modified":"2019-10-30T12:58:02","modified_gmt":"2019-10-30T12:58:02","slug":"video-vigilancia","status":"publish","type":"product","link":"http:\/\/www.zigboat.com\/es\/producto\/video-vigilancia\/","title":{"rendered":"Video vigilancia CamBoat\u2122"},"content":{"rendered":"<p>Mantenga su bote cerca de usted con las c\u00e1maras de seguridad Glomex.<\/p>\n<p><strong>SEGURIDAD EN TIEMPO REAL\u00a0<\/strong>CamBoat\u2122 es la c\u00e1mara de seguridad IP Wi-Fi HD que le permite monitorear el \u00e1rea remotamente donde quiera que est\u00e9 y en cualquier momento a trav\u00e9s de la aplicaci\u00f3n gratuita iOS y Android.<\/p>\n<p>Con CamBoat\u2122 tienes un <strong>100% de privacidad<\/strong>ya que <strong>no hay cloud ni suscripci\u00f3n<\/strong>. Tambi\u00e9n tiene <strong>transmisi\u00f3n de video directa, encriptada y en<\/strong><strong>tiempo real<\/strong>gracias a la conexi\u00f3n <strong>1-to-1 (peer-to-peer<\/strong>).<\/p>\n<p>Su CamBoat\u2122 graba videos en caso de movimientos, gracias al sensor de movimiento interior. Los videos se graban autom\u00e1ticamente en la tarjeta SD integrada.<\/p>\n<p>Para experimentar la seguridad de Glomex, solo necesita configurar la c\u00e1mara de seguridad con nuestra aplicaci\u00f3n m\u00f3vil gratuita, que solo demora unos minutos.<\/p>\n<p>&nbsp;<\/p>\n<p><strong>Principales caracter\u00edsticas:<\/strong><\/p>\n<p>100% Privacy, transmisi\u00f3n de video 1-to-1 directa, encriptada y en tiempo real<\/p>\n<p>&nbsp;<\/p>\n<p>Calidad HD<\/p>\n<p>Visi\u00f3n nocturna hasta 15 m<\/p>\n<p>Registro autom\u00e1tico en caso de movimientos, gracias al sensor integrado<\/p>\n<p>Micr\u00f3fono incorporado<\/p>\n<p>Tarjeta SD incluida<\/p>\n<p>Plug &amp; Play<\/p>\n<p>Sin Cloud<\/p>\n<p>Sin subscripti\u00f3n \/ Sin costo mensual<\/p>\n<p>Aplicaci\u00f3n gratuita para iOS y Android<\/p>\n<p>Para instalaciones interiores y exteriores<\/p>\n<p>F\u00e1cil de configurar y utilizar<\/p>\n<p>Camboat\u2122 es compatible con el sistema ZigBoat\u2122:<\/p>\n<p>Las c\u00e1maras de seguridad Glomex Wi-Fi HD IP se pueden integrar con ZigBoat\u2122. Este sistema de monitoreo remoto e interactivo 100% inal\u00e1mbrico garantizar\u00e1 la seguridad y la tranquilidad mientras est\u00e9 en su bote o fuera de \u00e9l.<\/p>\n<p>&nbsp;<\/p>\n<p>100% PRIVACY<\/p>\n<p>La conexi\u00f3n 1-to-1 (peer-to-peer) fue desarrollada espec\u00edficamente por Glomex para tener transmisi\u00f3n de video directa, encriptada, sin interrupciones y en tiempo real en su dispositivo m\u00f3vil.<\/p>\n<p>&nbsp;<\/p>\n<p><strong>ESPECIFICACIONES T\u00c9CNICAS<\/strong><\/p>\n<p>Codigo: GLVS100<\/p>\n<p><strong><em>\u00a0<\/em><\/strong><\/p>\n<p><strong><em>Video<\/em><\/strong><\/p>\n<p>Resoluci\u00f3n: 720p HD &#8211; 1 MegaPixel<\/p>\n<p>Formato: H.264<\/p>\n<p>Campo de visi\u00f3n: 80\u00b0<\/p>\n<p>Imagine sensor: \u00bc\u00bb CMOS<\/p>\n<p>Visi\u00f3n nocturna: distancia IR de hasta 15 m<\/p>\n<p>Grabaci\u00f3n de video en la tarjeta SD incluida<\/p>\n<p>Micr\u00f3fono incorporado<\/p>\n<p>&nbsp;<\/p>\n<p><strong><em>Inal\u00e1mbrico<\/em><\/strong><\/p>\n<p>Frecuencia: 2.4 GHz<\/p>\n<p>Compatible con Wi-Fi 802.11 b\/g\/n<\/p>\n<p>WEP, WPA y WPA2<\/p>\n<p>&nbsp;<\/p>\n<p><strong><em>Detecci\u00f3n de movimiento<\/em><\/strong><\/p>\n<p>Inicia la grabaci\u00f3n de video en la tarjeta SD incorporada cuando se detecta movimiento<\/p>\n<p><strong><em>\u00a0<\/em><\/strong><\/p>\n<p><strong><em>Requisitos<\/em><\/strong><\/p>\n<p>Conexi\u00f3n a Internet<\/p>\n<p>Conexi\u00f3n Wi-Fi \/ conexi\u00f3n LAN<\/p>\n<p>Fuente de alimentaci\u00f3n: 12 Vdc<\/p>\n<p>Consumo Amp.: max 230mA<\/p>\n<p>&nbsp;<\/p>\n<p><strong><em>A prueba de la intemperie<\/em><\/strong><\/p>\n<p>Temperatura de funcionamiento: -10\u00b0 C a 50\u00b0 C<\/p>\n<p>Clase de IP: IP65<\/p>\n<p>&nbsp;<\/p>\n<table>\n<tbody>\n<tr>\n<td><a href=\"http:\/\/glomex.it\/leisure\/front\/upload\/Glomex_CamBoat_usermanual_eng.pdf\" target=\"_blank\" rel=\"noopener noreferrer\"><img loading=\"lazy\" class=\"alignnone wp-image-346 \" src=\"http:\/\/www.zigboat.com\/wp-content\/uploads\/2018\/02\/pdf.png\" alt=\"Owner's Manual\" width=\"97\" height=\"97\" srcset=\"http:\/\/www.zigboat.com\/wp-content\/uploads\/2018\/02\/pdf.png 256w, http:\/\/www.zigboat.com\/wp-content\/uploads\/2018\/02\/pdf-150x150.png 150w, http:\/\/www.zigboat.com\/wp-content\/uploads\/2018\/02\/pdf-100x100.png 100w\" sizes=\"(max-width: 97px) 100vw, 97px\" \/><\/a><\/td>\n<td style=\"vertical-align: middle\">\n<h5 style=\"margin-top: 40px\"><a href=\"http:\/\/glomex.it\/leisure\/front\/upload\/Glomex_CamBoat_usermanual_eng.pdf\" target=\"_blank\" rel=\"noopener noreferrer\">Owner&#8217;s Manual<\/a><\/h5>\n<p>&nbsp;<\/td>\n<\/tr>\n<\/tbody>\n<\/table>\n<p>&nbsp;<\/p>\n<table>\n<tbody>\n<tr>\n<td><a href=\"http:\/\/www.zigboat.com\/wp-content\/uploads\/2019\/06\/CamBoat-quick-reference-guide.pdf\" target=\"_blank\" rel=\"noopener noreferrer\"><img loading=\"lazy\" class=\"size-full wp-image-346\" src=\"http:\/\/www.zigboat.com\/wp-content\/uploads\/2018\/02\/pdf.png\" alt=\"Owner's Manual\" width=\"100\" height=\"100\" srcset=\"http:\/\/www.zigboat.com\/wp-content\/uploads\/2018\/02\/pdf.png 256w, http:\/\/www.zigboat.com\/wp-content\/uploads\/2018\/02\/pdf-150x150.png 150w, http:\/\/www.zigboat.com\/wp-content\/uploads\/2018\/02\/pdf-100x100.png 100w\" sizes=\"(max-width: 100px) 100vw, 100px\" \/><\/a><\/td>\n<td style=\"vertical-align: middle\">\n<h5 style=\"margin-top: 40px\"><a href=\"http:\/\/www.zigboat.com\/wp-content\/uploads\/2019\/06\/CamBoat-quick-reference-guide.pdf\" target=\"_blank\" rel=\"noopener noreferrer\">Quick Reference Guide<\/a><\/h5>\n<\/td>\n<\/tr>\n<\/tbody>\n<\/table>\n","protected":false},"excerpt":{"rendered":"<p><span lang=\"ES-TRAD\">CamBoat\u2122 es la c\u00e1mara de seguridad Glomex <b>Wi-Fi HD IP\u00a0<\/b>que monitorea el \u00e1rea remotamente donde sea que est\u00e9 y en cualquier momento, lo que garantiza la seguridad, la tranquilidad y el <b>100% de privacidad<\/b>.<\/span><\/p>\n<table>\n<tbody>\n<tr>\n<td><img loading=\"lazy\" class=\"size-full wp-image-346\" src=\"http:\/\/www.zigboat.com\/wp-content\/uploads\/2018\/07\/app_logo1.png\" alt=\"CamBoat\u2122\" width=\"161\" height=\"171\" \/><\/td>\n<td style=\"vertical-align: middle\"><a href=\"https:\/\/itunes.apple.com\/us\/app\/camboat\/id1403407369?ls=1&amp;mt=8\" target=\"_blank\" rel=\"noopener noreferrer\"><img loading=\"lazy\" class=\"size-full wp-image-346\" src=\"http:\/\/www.zigboat.com\/wp-content\/uploads\/2018\/07\/app_logo2.png\" alt=\"CamBoat\u2122 - Apple Store\" width=\"200\" height=\"61\" \/><\/a><br \/>\n<a href=\"https:\/\/itunes.apple.com\/us\/app\/camboat\/id1403407369?ls=1&amp;mt=8\" target=\"_blank\" rel=\"noopener noreferrer\"><img loading=\"lazy\" class=\"size-full wp-image-346\" src=\"http:\/\/www.zigboat.com\/wp-content\/uploads\/2018\/07\/app_logo3.png\" alt=\"CamBoat\u2122 - Google Play Store\" width=\"201\" height=\"68\" \/><\/a><\/td>\n<\/tr>\n<\/tbody>\n<\/table>\n<p>&nbsp;<\/p>\n<table>\n<tbody>\n<tr>\n<td><a href=\"http:\/\/glomex.it\/leisure\/front\/upload\/Glomex_CamBoat_usermanual_eng.pdf\" target=\"_blank\" rel=\"noopener noreferrer\"><img loading=\"lazy\" class=\"alignnone wp-image-346 \" src=\"http:\/\/www.zigboat.com\/wp-content\/uploads\/2018\/02\/pdf.png\" alt=\"Owner's Manual\" width=\"97\" height=\"97\" srcset=\"http:\/\/www.zigboat.com\/wp-content\/uploads\/2018\/02\/pdf.png 256w, http:\/\/www.zigboat.com\/wp-content\/uploads\/2018\/02\/pdf-150x150.png 150w, http:\/\/www.zigboat.com\/wp-content\/uploads\/2018\/02\/pdf-100x100.png 100w\" sizes=\"(max-width: 97px) 100vw, 97px\" \/><\/a><\/td>\n<td style=\"vertical-align: middle\">\n<h5 style=\"margin-top: 40px\"><a href=\"http:\/\/glomex.it\/leisure\/front\/upload\/Glomex_CamBoat_usermanual_eng.pdf\" target=\"_blank\" rel=\"noopener noreferrer\">Owner&#8217;s Manual<\/a><\/h5>\n<p>&nbsp;<\/td>\n<\/tr>\n<\/tbody>\n<\/table>\n<p>&nbsp;<\/p>\n<table>\n<tbody>\n<tr>\n<td><a href=\"http:\/\/www.zigboat.com\/wp-content\/uploads\/2019\/06\/CamBoat-quick-reference-guide.pdf\" target=\"_blank\" rel=\"noopener noreferrer\"><img loading=\"lazy\" class=\"size-full wp-image-346\" src=\"http:\/\/www.zigboat.com\/wp-content\/uploads\/2018\/02\/pdf.png\" alt=\"Owner's Manual\" width=\"100\" height=\"100\" srcset=\"http:\/\/www.zigboat.com\/wp-content\/uploads\/2018\/02\/pdf.png 256w, http:\/\/www.zigboat.com\/wp-content\/uploads\/2018\/02\/pdf-150x150.png 150w, http:\/\/www.zigboat.com\/wp-content\/uploads\/2018\/02\/pdf-100x100.png 100w\" sizes=\"(max-width: 100px) 100vw, 100px\" \/><\/a><\/td>\n<td style=\"vertical-align: middle\">\n<h5 style=\"margin-top: 40px\"><a href=\"http:\/\/www.zigboat.com\/wp-content\/uploads\/2019\/06\/CamBoat-quick-reference-guide.pdf\" target=\"_blank\" rel=\"noopener noreferrer\">Quick Reference Guide<\/a><\/h5>\n<\/td>\n<\/tr>\n<\/tbody>\n<\/table>\n","protected":false},"featured_media":1086,"template":"","meta":[],"yoast_head":"<!-- This site is optimized with the Yoast SEO plugin v17.1 - https:\/\/yoast.com\/wordpress\/plugins\/seo\/ -->\n<meta name=\"description\" content=\"CamBoat\u2122 is the Glomex Wi-Fi HD IP security camera that monitors the area remotely wherever you are and at any time , ensuring safety, peace of mind and 100% privacy.\" \/>\n<meta name=\"robots\" content=\"index, follow, max-snippet:-1, max-image-preview:large, max-video-preview:-1\" \/>\n<link rel=\"canonical\" href=\"http:\/\/www.zigboat.com\/es\/producto\/video-vigilancia\/\" \/>\n<meta property=\"og:locale\" content=\"es_ES\" \/>\n<meta property=\"og:type\" content=\"article\" \/>\n<meta property=\"og:title\" content=\"Video vigilancia CamBoat\u2122 - ZigBoat\u2122\" \/>\n<meta property=\"og:description\" content=\"CamBoat\u2122 is the Glomex Wi-Fi HD IP security camera that monitors the area remotely wherever you are and at any time , ensuring safety, peace of mind and 100% privacy.\" \/>\n<meta property=\"og:url\" content=\"http:\/\/www.zigboat.com\/es\/producto\/video-vigilancia\/\" \/>\n<meta property=\"og:site_name\" content=\"ZigBoat\u2122\" \/>\n<meta property=\"article:publisher\" content=\"https:\/\/www.facebook.com\/Glomex\/\" \/>\n<meta property=\"article:modified_time\" content=\"2019-10-30T12:58:02+00:00\" \/>\n<meta property=\"og:image\" content=\"http:\/\/www.zigboat.com\/wp-content\/uploads\/2018\/08\/Glomex-CamBoat.jpg\" \/>\n\t<meta property=\"og:image:width\" content=\"900\" \/>\n\t<meta property=\"og:image:height\" content=\"908\" \/>\n<meta name=\"twitter:card\" content=\"summary_large_image\" \/>\n<meta name=\"twitter:site\" content=\"@glomexmarine\" \/>\n<meta name=\"twitter:label1\" content=\"Tiempo de lectura\" \/>\n\t<meta name=\"twitter:data1\" content=\"2 minutos\" \/>\n<script type=\"application\/ld+json\" class=\"yoast-schema-graph\">{\"@context\":\"https:\/\/schema.org\",\"@graph\":[{\"@type\":\"Organization\",\"@id\":\"https:\/\/www.zigboat.com\/#organization\",\"name\":\"ZigBoat&trade;\",\"url\":\"https:\/\/www.zigboat.com\/\",\"sameAs\":[\"https:\/\/www.facebook.com\/Glomex\/\",\"https:\/\/twitter.com\/glomexmarine\",\"https:\/\/twitter.com\/glomexmarine\"],\"logo\":{\"@type\":\"ImageObject\",\"@id\":\"https:\/\/www.zigboat.com\/#logo\",\"inLanguage\":\"es\",\"url\":\"http:\/\/www.zigboat.com\/wp-content\/uploads\/2018\/02\/Logo-Zigboat-TM.jpg\",\"contentUrl\":\"http:\/\/www.zigboat.com\/wp-content\/uploads\/2018\/02\/Logo-Zigboat-TM.jpg\",\"width\":1024,\"height\":455,\"caption\":\"ZigBoat&trade;\"},\"image\":{\"@id\":\"https:\/\/www.zigboat.com\/#logo\"}},{\"@type\":\"WebSite\",\"@id\":\"https:\/\/www.zigboat.com\/#website\",\"url\":\"https:\/\/www.zigboat.com\/\",\"name\":\"ZigBoat\\u2122\",\"description\":\"ZigBoat&trade; - The Best in Marine Antennas  \",\"publisher\":{\"@id\":\"https:\/\/www.zigboat.com\/#organization\"},\"potentialAction\":[{\"@type\":\"SearchAction\",\"target\":{\"@type\":\"EntryPoint\",\"urlTemplate\":\"https:\/\/www.zigboat.com\/?s={search_term_string}\"},\"query-input\":\"required name=search_term_string\"}],\"inLanguage\":\"es\"},{\"@type\":\"ImageObject\",\"@id\":\"http:\/\/www.zigboat.com\/es\/producto\/video-vigilancia\/#primaryimage\",\"inLanguage\":\"es\",\"url\":\"http:\/\/www.zigboat.com\/wp-content\/uploads\/2018\/08\/Glomex-CamBoat.jpg\",\"contentUrl\":\"http:\/\/www.zigboat.com\/wp-content\/uploads\/2018\/08\/Glomex-CamBoat.jpg\",\"width\":900,\"height\":908},{\"@type\":\"WebPage\",\"@id\":\"http:\/\/www.zigboat.com\/es\/producto\/video-vigilancia\/#webpage\",\"url\":\"http:\/\/www.zigboat.com\/es\/producto\/video-vigilancia\/\",\"name\":\"Video vigilancia CamBoat\\u2122 - ZigBoat\\u2122\",\"isPartOf\":{\"@id\":\"https:\/\/www.zigboat.com\/#website\"},\"primaryImageOfPage\":{\"@id\":\"http:\/\/www.zigboat.com\/es\/producto\/video-vigilancia\/#primaryimage\"},\"datePublished\":\"2018-02-21T23:24:38+00:00\",\"dateModified\":\"2019-10-30T12:58:02+00:00\",\"description\":\"CamBoat\\u2122 is the Glomex Wi-Fi HD IP security camera that monitors the area remotely wherever you are and at any time , ensuring safety, peace of mind and 100% privacy.\",\"breadcrumb\":{\"@id\":\"http:\/\/www.zigboat.com\/es\/producto\/video-vigilancia\/#breadcrumb\"},\"inLanguage\":\"es\",\"potentialAction\":[{\"@type\":\"ReadAction\",\"target\":[\"http:\/\/www.zigboat.com\/es\/producto\/video-vigilancia\/\"]}]},{\"@type\":\"BreadcrumbList\",\"@id\":\"http:\/\/www.zigboat.com\/es\/producto\/video-vigilancia\/#breadcrumb\",\"itemListElement\":[{\"@type\":\"ListItem\",\"position\":1,\"name\":\"Home\",\"item\":\"https:\/\/www.zigboat.com\/es\/\"},{\"@type\":\"ListItem\",\"position\":2,\"name\":\"Products\",\"item\":\"https:\/\/www.zigboat.com\/shop\/\"},{\"@type\":\"ListItem\",\"position\":3,\"name\":\"Video vigilancia CamBoat\\u2122\"}]}]}<\/script>\n<!-- \/ Yoast SEO plugin. -->","yoast_head_json":{"description":"CamBoat\u2122 is the Glomex Wi-Fi HD IP security camera that monitors the area remotely wherever you are and at any time , ensuring safety, peace of mind and 100% privacy.","robots":{"index":"index","follow":"follow","max-snippet":"max-snippet:-1","max-image-preview":"max-image-preview:large","max-video-preview":"max-video-preview:-1"},"canonical":"http:\/\/www.zigboat.com\/es\/producto\/video-vigilancia\/","og_locale":"es_ES","og_type":"article","og_title":"Video vigilancia CamBoat\u2122 - ZigBoat\u2122","og_description":"CamBoat\u2122 is the Glomex Wi-Fi HD IP security camera that monitors the area remotely wherever you are and at any time , ensuring safety, peace of mind and 100% privacy.","og_url":"http:\/\/www.zigboat.com\/es\/producto\/video-vigilancia\/","og_site_name":"ZigBoat\u2122","article_publisher":"https:\/\/www.facebook.com\/Glomex\/","article_modified_time":"2019-10-30T12:58:02+00:00","og_image":[{"width":900,"height":908,"url":"http:\/\/www.zigboat.com\/wp-content\/uploads\/2018\/08\/Glomex-CamBoat.jpg","path":"\/home\/zigboatcuw\/www\/wp-content\/uploads\/2018\/08\/Glomex-CamBoat.jpg","size":"full","id":1086,"alt":"","pixels":817200,"type":"image\/jpeg"}],"twitter_card":"summary_large_image","twitter_site":"@glomexmarine","twitter_misc":{"Tiempo de lectura":"2 minutos"},"schema":{"@context":"https:\/\/schema.org","@graph":[{"@type":"Organization","@id":"https:\/\/www.zigboat.com\/#organization","name":"ZigBoat&trade;","url":"https:\/\/www.zigboat.com\/","sameAs":["https:\/\/www.facebook.com\/Glomex\/","https:\/\/twitter.com\/glomexmarine","https:\/\/twitter.com\/glomexmarine"],"logo":{"@type":"ImageObject","@id":"https:\/\/www.zigboat.com\/#logo","inLanguage":"es","url":"http:\/\/www.zigboat.com\/wp-content\/uploads\/2018\/02\/Logo-Zigboat-TM.jpg","contentUrl":"http:\/\/www.zigboat.com\/wp-content\/uploads\/2018\/02\/Logo-Zigboat-TM.jpg","width":1024,"height":455,"caption":"ZigBoat&trade;"},"image":{"@id":"https:\/\/www.zigboat.com\/#logo"}},{"@type":"WebSite","@id":"https:\/\/www.zigboat.com\/#website","url":"https:\/\/www.zigboat.com\/","name":"ZigBoat\u2122","description":"ZigBoat&trade; - The Best in Marine Antennas  ","publisher":{"@id":"https:\/\/www.zigboat.com\/#organization"},"potentialAction":[{"@type":"SearchAction","target":{"@type":"EntryPoint","urlTemplate":"https:\/\/www.zigboat.com\/?s={search_term_string}"},"query-input":"required name=search_term_string"}],"inLanguage":"es"},{"@type":"ImageObject","@id":"http:\/\/www.zigboat.com\/es\/producto\/video-vigilancia\/#primaryimage","inLanguage":"es","url":"http:\/\/www.zigboat.com\/wp-content\/uploads\/2018\/08\/Glomex-CamBoat.jpg","contentUrl":"http:\/\/www.zigboat.com\/wp-content\/uploads\/2018\/08\/Glomex-CamBoat.jpg","width":900,"height":908},{"@type":"WebPage","@id":"http:\/\/www.zigboat.com\/es\/producto\/video-vigilancia\/#webpage","url":"http:\/\/www.zigboat.com\/es\/producto\/video-vigilancia\/","name":"Video vigilancia CamBoat\u2122 - ZigBoat\u2122","isPartOf":{"@id":"https:\/\/www.zigboat.com\/#website"},"primaryImageOfPage":{"@id":"http:\/\/www.zigboat.com\/es\/producto\/video-vigilancia\/#primaryimage"},"datePublished":"2018-02-21T23:24:38+00:00","dateModified":"2019-10-30T12:58:02+00:00","description":"CamBoat\u2122 is the Glomex Wi-Fi HD IP security camera that monitors the area remotely wherever you are and at any time , ensuring safety, peace of mind and 100% privacy.","breadcrumb":{"@id":"http:\/\/www.zigboat.com\/es\/producto\/video-vigilancia\/#breadcrumb"},"inLanguage":"es","potentialAction":[{"@type":"ReadAction","target":["http:\/\/www.zigboat.com\/es\/producto\/video-vigilancia\/"]}]},{"@type":"BreadcrumbList","@id":"http:\/\/www.zigboat.com\/es\/producto\/video-vigilancia\/#breadcrumb","itemListElement":[{"@type":"ListItem","position":1,"name":"Home","item":"https:\/\/www.zigboat.com\/es\/"},{"@type":"ListItem","position":2,"name":"Products","item":"https:\/\/www.zigboat.com\/shop\/"},{"@type":"ListItem","position":3,"name":"Video vigilancia CamBoat\u2122"}]}]}},"_links":{"self":[{"href":"http:\/\/www.zigboat.com\/es\/wp-json\/wp\/v2\/product\/775"}],"collection":[{"href":"http:\/\/www.zigboat.com\/es\/wp-json\/wp\/v2\/product"}],"about":[{"href":"http:\/\/www.zigboat.com\/es\/wp-json\/wp\/v2\/types\/product"}],"wp:featuredmedia":[{"embeddable":true,"href":"http:\/\/www.zigboat.com\/es\/wp-json\/wp\/v2\/media\/1086"}],"wp:attachment":[{"href":"http:\/\/www.zigboat.com\/es\/wp-json\/wp\/v2\/media?parent=775"}],"curies":[{"name":"wp","href":"https:\/\/api.w.org\/{rel}","templated":true}]}}