{"id":781,"date":"2018-02-21T23:27:30","date_gmt":"2018-02-21T23:27:30","guid":{"rendered":"http:\/\/www.zigboat.com\/product\/geofencing\/"},"modified":"2018-02-21T23:27:30","modified_gmt":"2018-02-21T23:27:30","slug":"geofencing","status":"publish","type":"product","link":"http:\/\/www.zigboat.com\/es\/producto\/geofencing\/","title":{"rendered":"Geofencing"},"content":{"rendered":"<p>Para que el sensor funcione correctamente, se debe usar el Gateway ZigBoat\u2122 .<\/p>\n<p><strong>ZigBoat\u2122<\/strong> es un innovador sistema inal\u00e1mbrico ZigBee \/ WiFi, sin nubes, para monitorear e interactuar con su embarcaci\u00f3n a distancia y a bordo, lo que garantiza seguridad y tranquilidad sin costos ni suscripciones mensuales. ZigBoat \u2122 consta de un m\u00f3dulo principal (Gateway) y una serie de sensores est\u00e1ndar y opcionales que se pueden agregar a sus necesidades espec\u00edficas. Gracias a las tecnolog\u00edas inal\u00e1mbricas ZigBee y Wi-Fi, que tienen comunicaci\u00f3n directa con sensores a bordo sin la necesidad de una nube, ZigBoat \u2122 env\u00eda notificaciones autom\u00e1ticas en tiempo real cuando ocurren eventos cr\u00edticos. Usando la aplicaci\u00f3n ZigBoat \u2122, puede monitorear la informaci\u00f3n del barco monitoreada por el sistema. Con el dongle USB 3G opcional (c\u00f3digo ZB210), tambi\u00e9n puede recibir notificaciones por SMS en caso de un evento cr\u00edtico.<\/p>\n<p>&nbsp;<\/p>\n<p><strong>ZigBoat\u2122 es:<\/strong><\/p>\n<p><strong>PLUG &amp; PLAY<\/strong><\/p>\n<p>ZigBoat es muy f\u00e1cil de instalar y utilizar. No necesita cables para un control remoto ni para monitorizar su barco.<\/p>\n<p>&nbsp;<\/p>\n<p><strong>LA ULTIMA TECNOLOGIA<\/strong><\/p>\n<p>Basado en las tecnologias inal\u00e1mbricas WiFi y ZigBee para una conexi\u00f3n r\u00e1pida y sencilla, con sensores incorporados y administrados por la APP ZigBoat para <strong>iOS<\/strong> y <strong>Android<\/strong><\/p>\n<p>&nbsp;<\/p>\n<p><strong>SEGURO Y FIABLE<\/strong><\/p>\n<p>El acceso de ZigBoat utiliza una plataforma de conexi\u00f3n punto a punto directa, encriptada y en tiempo real para comunicarse con sus dispositivos m\u00f3viles (tel\u00e9fono inteligente y tableta) y tener control del barco en cualquier momento y en cualquier lugar<\/p>\n<p>&nbsp;<\/p>\n<p><strong>FLEXIBLE, MODULAR Y EVOLUTIVO<\/strong><\/p>\n<p>ZigBoat ofrece varios sensores y funciones para satisfacer sus necesidades espec\u00edficas, administrar y configurar de forma r\u00e1pida y sencilla a trav\u00e9s de la aplicaci\u00f3n. El sistema puede integrarse y expandirse con sensores adicionales ilimitados<\/p>\n","protected":false},"excerpt":{"rendered":"<p>Rastree su barco y avise cuando est\u00e9 fuera del rango establecido<\/p>\n","protected":false},"featured_media":782,"template":"","meta":[],"yoast_head":"<!-- This site is optimized with the Yoast SEO plugin v17.1 - https:\/\/yoast.com\/wordpress\/plugins\/seo\/ -->\n<meta name=\"robots\" content=\"index, follow, max-snippet:-1, max-image-preview:large, max-video-preview:-1\" \/>\n<link rel=\"canonical\" href=\"http:\/\/www.zigboat.com\/es\/producto\/geofencing\/\" \/>\n<meta property=\"og:locale\" content=\"es_ES\" \/>\n<meta property=\"og:type\" content=\"article\" \/>\n<meta property=\"og:title\" content=\"Geofencing - ZigBoat\u2122\" \/>\n<meta property=\"og:description\" content=\"Rastree su barco y avise cuando est\u00e9 fuera del rango establecido\" \/>\n<meta property=\"og:url\" content=\"http:\/\/www.zigboat.com\/es\/producto\/geofencing\/\" \/>\n<meta property=\"og:site_name\" content=\"ZigBoat\u2122\" \/>\n<meta property=\"article:publisher\" content=\"https:\/\/www.facebook.com\/Glomex\/\" \/>\n<meta property=\"og:image\" content=\"https:\/\/www.zigboat.com\/wp-content\/uploads\/2018\/02\/zigboat-geofencing-12.png\" \/>\n\t<meta property=\"og:image:width\" content=\"1280\" \/>\n\t<meta property=\"og:image:height\" content=\"817\" \/>\n<meta name=\"twitter:card\" content=\"summary_large_image\" \/>\n<meta name=\"twitter:site\" content=\"@glomexmarine\" \/>\n<meta name=\"twitter:label1\" content=\"Tiempo de lectura\" \/>\n\t<meta name=\"twitter:data1\" content=\"2 minutos\" \/>\n<script type=\"application\/ld+json\" class=\"yoast-schema-graph\">{\"@context\":\"https:\/\/schema.org\",\"@graph\":[{\"@type\":\"Organization\",\"@id\":\"https:\/\/www.zigboat.com\/#organization\",\"name\":\"ZigBoat&trade;\",\"url\":\"https:\/\/www.zigboat.com\/\",\"sameAs\":[\"https:\/\/www.facebook.com\/Glomex\/\",\"https:\/\/twitter.com\/glomexmarine\",\"https:\/\/twitter.com\/glomexmarine\"],\"logo\":{\"@type\":\"ImageObject\",\"@id\":\"https:\/\/www.zigboat.com\/#logo\",\"inLanguage\":\"es\",\"url\":\"http:\/\/www.zigboat.com\/wp-content\/uploads\/2018\/02\/Logo-Zigboat-TM.jpg\",\"contentUrl\":\"http:\/\/www.zigboat.com\/wp-content\/uploads\/2018\/02\/Logo-Zigboat-TM.jpg\",\"width\":1024,\"height\":455,\"caption\":\"ZigBoat&trade;\"},\"image\":{\"@id\":\"https:\/\/www.zigboat.com\/#logo\"}},{\"@type\":\"WebSite\",\"@id\":\"https:\/\/www.zigboat.com\/#website\",\"url\":\"https:\/\/www.zigboat.com\/\",\"name\":\"ZigBoat\\u2122\",\"description\":\"ZigBoat&trade; - The Best in Marine Antennas  \",\"publisher\":{\"@id\":\"https:\/\/www.zigboat.com\/#organization\"},\"potentialAction\":[{\"@type\":\"SearchAction\",\"target\":{\"@type\":\"EntryPoint\",\"urlTemplate\":\"https:\/\/www.zigboat.com\/?s={search_term_string}\"},\"query-input\":\"required name=search_term_string\"}],\"inLanguage\":\"es\"},{\"@type\":\"ImageObject\",\"@id\":\"http:\/\/www.zigboat.com\/es\/producto\/geofencing\/#primaryimage\",\"inLanguage\":\"es\",\"url\":\"http:\/\/www.zigboat.com\/wp-content\/uploads\/2018\/02\/zigboat-geofencing-12.png\",\"contentUrl\":\"http:\/\/www.zigboat.com\/wp-content\/uploads\/2018\/02\/zigboat-geofencing-12.png\",\"width\":1280,\"height\":817,\"caption\":\"Glome ZigBoat Geofencing\"},{\"@type\":\"WebPage\",\"@id\":\"http:\/\/www.zigboat.com\/es\/producto\/geofencing\/#webpage\",\"url\":\"http:\/\/www.zigboat.com\/es\/producto\/geofencing\/\",\"name\":\"Geofencing - ZigBoat\\u2122\",\"isPartOf\":{\"@id\":\"https:\/\/www.zigboat.com\/#website\"},\"primaryImageOfPage\":{\"@id\":\"http:\/\/www.zigboat.com\/es\/producto\/geofencing\/#primaryimage\"},\"datePublished\":\"2018-02-21T23:27:30+00:00\",\"dateModified\":\"2018-02-21T23:27:30+00:00\",\"breadcrumb\":{\"@id\":\"http:\/\/www.zigboat.com\/es\/producto\/geofencing\/#breadcrumb\"},\"inLanguage\":\"es\",\"potentialAction\":[{\"@type\":\"ReadAction\",\"target\":[\"http:\/\/www.zigboat.com\/es\/producto\/geofencing\/\"]}]},{\"@type\":\"BreadcrumbList\",\"@id\":\"http:\/\/www.zigboat.com\/es\/producto\/geofencing\/#breadcrumb\",\"itemListElement\":[{\"@type\":\"ListItem\",\"position\":1,\"name\":\"Home\",\"item\":\"http:\/\/www.zigboat.com\/es\/\"},{\"@type\":\"ListItem\",\"position\":2,\"name\":\"Products\",\"item\":\"http:\/\/www.zigboat.com\/es\/shop\/\"},{\"@type\":\"ListItem\",\"position\":3,\"name\":\"Geofencing\"}]}]}<\/script>\n<!-- \/ Yoast SEO plugin. -->","yoast_head_json":{"robots":{"index":"index","follow":"follow","max-snippet":"max-snippet:-1","max-image-preview":"max-image-preview:large","max-video-preview":"max-video-preview:-1"},"canonical":"http:\/\/www.zigboat.com\/es\/producto\/geofencing\/","og_locale":"es_ES","og_type":"article","og_title":"Geofencing - ZigBoat\u2122","og_description":"Rastree su barco y avise cuando est\u00e9 fuera del rango establecido","og_url":"http:\/\/www.zigboat.com\/es\/producto\/geofencing\/","og_site_name":"ZigBoat\u2122","article_publisher":"https:\/\/www.facebook.com\/Glomex\/","og_image":[{"width":1280,"height":817,"url":"https:\/\/www.zigboat.com\/wp-content\/uploads\/2018\/02\/zigboat-geofencing-12.png","path":"\/home\/zigboatcuw\/www\/wp-content\/uploads\/2018\/02\/zigboat-geofencing-12.png","size":"full","id":782,"alt":"Glome ZigBoat Geofencing","pixels":1045760,"type":"image\/png"}],"twitter_card":"summary_large_image","twitter_site":"@glomexmarine","twitter_misc":{"Tiempo de lectura":"2 minutos"},"schema":{"@context":"https:\/\/schema.org","@graph":[{"@type":"Organization","@id":"https:\/\/www.zigboat.com\/#organization","name":"ZigBoat&trade;","url":"https:\/\/www.zigboat.com\/","sameAs":["https:\/\/www.facebook.com\/Glomex\/","https:\/\/twitter.com\/glomexmarine","https:\/\/twitter.com\/glomexmarine"],"logo":{"@type":"ImageObject","@id":"https:\/\/www.zigboat.com\/#logo","inLanguage":"es","url":"http:\/\/www.zigboat.com\/wp-content\/uploads\/2018\/02\/Logo-Zigboat-TM.jpg","contentUrl":"http:\/\/www.zigboat.com\/wp-content\/uploads\/2018\/02\/Logo-Zigboat-TM.jpg","width":1024,"height":455,"caption":"ZigBoat&trade;"},"image":{"@id":"https:\/\/www.zigboat.com\/#logo"}},{"@type":"WebSite","@id":"https:\/\/www.zigboat.com\/#website","url":"https:\/\/www.zigboat.com\/","name":"ZigBoat\u2122","description":"ZigBoat&trade; - The Best in Marine Antennas  ","publisher":{"@id":"https:\/\/www.zigboat.com\/#organization"},"potentialAction":[{"@type":"SearchAction","target":{"@type":"EntryPoint","urlTemplate":"https:\/\/www.zigboat.com\/?s={search_term_string}"},"query-input":"required name=search_term_string"}],"inLanguage":"es"},{"@type":"ImageObject","@id":"http:\/\/www.zigboat.com\/es\/producto\/geofencing\/#primaryimage","inLanguage":"es","url":"http:\/\/www.zigboat.com\/wp-content\/uploads\/2018\/02\/zigboat-geofencing-12.png","contentUrl":"http:\/\/www.zigboat.com\/wp-content\/uploads\/2018\/02\/zigboat-geofencing-12.png","width":1280,"height":817,"caption":"Glome ZigBoat Geofencing"},{"@type":"WebPage","@id":"http:\/\/www.zigboat.com\/es\/producto\/geofencing\/#webpage","url":"http:\/\/www.zigboat.com\/es\/producto\/geofencing\/","name":"Geofencing - ZigBoat\u2122","isPartOf":{"@id":"https:\/\/www.zigboat.com\/#website"},"primaryImageOfPage":{"@id":"http:\/\/www.zigboat.com\/es\/producto\/geofencing\/#primaryimage"},"datePublished":"2018-02-21T23:27:30+00:00","dateModified":"2018-02-21T23:27:30+00:00","breadcrumb":{"@id":"http:\/\/www.zigboat.com\/es\/producto\/geofencing\/#breadcrumb"},"inLanguage":"es","potentialAction":[{"@type":"ReadAction","target":["http:\/\/www.zigboat.com\/es\/producto\/geofencing\/"]}]},{"@type":"BreadcrumbList","@id":"http:\/\/www.zigboat.com\/es\/producto\/geofencing\/#breadcrumb","itemListElement":[{"@type":"ListItem","position":1,"name":"Home","item":"http:\/\/www.zigboat.com\/es\/"},{"@type":"ListItem","position":2,"name":"Products","item":"http:\/\/www.zigboat.com\/es\/shop\/"},{"@type":"ListItem","position":3,"name":"Geofencing"}]}]}},"_links":{"self":[{"href":"http:\/\/www.zigboat.com\/es\/wp-json\/wp\/v2\/product\/781"}],"collection":[{"href":"http:\/\/www.zigboat.com\/es\/wp-json\/wp\/v2\/product"}],"about":[{"href":"http:\/\/www.zigboat.com\/es\/wp-json\/wp\/v2\/types\/product"}],"wp:featuredmedia":[{"embeddable":true,"href":"http:\/\/www.zigboat.com\/es\/wp-json\/wp\/v2\/media\/782"}],"wp:attachment":[{"href":"http:\/\/www.zigboat.com\/es\/wp-json\/wp\/v2\/media?parent=781"}],"curies":[{"name":"wp","href":"https:\/\/api.w.org\/{rel}","templated":true}]}}