{"id":642,"date":"2018-02-21T22:53:08","date_gmt":"2018-02-21T22:53:08","guid":{"rendered":"http:\/\/www.zigboat.com\/product\/starter-kit\/"},"modified":"2019-06-10T15:24:40","modified_gmt":"2019-06-10T15:24:40","slug":"starter-kit","status":"publish","type":"product","link":"http:\/\/www.zigboat.com\/fr\/produit\/starter-kit\/","title":{"rendered":"ZigBoat&trade; &#8211; Starter Kit"},"content":{"rendered":"<p>Le syst\u00e8me \u00e0 distance 100% sans fil pour surveiller et interagir avec votre bateau via l&rsquo;application gratuite. Pas de frais mensuels ou d&rsquo;abonnements. Ce kit contient une passerelle, un capteur de hublot \/ porte, un capteur de batterie, un capteur de crevaison et des batteries longue dur\u00e9e, jusqu&rsquo;\u00e0 5 ans, assurant s\u00e9curit\u00e9 et tranquillit\u00e9 d&rsquo;esprit.<\/p>\n<p>&nbsp;<\/p>\n<p><strong>ZigBoat \u2122<\/strong> est un syst\u00e8me sans fil innovant ZigBee \/ WiFi, sans cloud, pour surveiller et interagir avec votre bateau \u00e0 distance ou \u00e0 bord, assurant la s\u00e9curit\u00e9 et la tranquillit\u00e9 d&rsquo;esprit sans frais mensuels ni abonnement. Le ZigBoat \u2122 se compose d&rsquo;un module de base (Gateway) et d&rsquo;une s\u00e9rie de capteurs standard et optionnels qui peuvent \u00eatre ajout\u00e9s \u00e0 vos besoins sp\u00e9cifiques. Gr\u00e2ce aux technologies sans fil ZigBee et Wi-Fi, qui communiquent directement avec les capteurs embarqu\u00e9s sans n\u00e9cessiter de cloud, ZigBoat \u2122 envoie des notifications push en temps r\u00e9el lorsque des \u00e9v\u00e9nements critiques se produisent. En utilisant l&rsquo;application ZigBoat \u2122, vous pouvez v\u00e9rifier les informations sur le bateau surveill\u00e9es par le syst\u00e8me. Avec la cl\u00e9 USB 3G en option (code ZB210), vous pouvez \u00e9galement recevoir une notification par SMS en cas d&rsquo;\u00e9v\u00e9nement critique.<\/p>\n<p>Ce kit contient une passerelle, un capteur de hublot \/ porte, un capteur de batterie, un capteur d&rsquo;inondation et des batteries pour les capteurs:<\/p>\n<p><strong>PASSERELLE<\/strong><\/p>\n<p>C\u2019est le module de base du syst\u00e8me ZigBoat \u2122. C\u2019est une plate-forme ouverte qui peut \u00eatre int\u00e9gr\u00e9e avec des capteurs et fonctions suppl\u00e9mentaires ZigBoat \u2122 illimit\u00e9s. Si vous \u00eates connect\u00e9 \u00e0 Internet (par exemple votre weBBoat 4G Lite ou la cl\u00e9 USB 3G ou un WiFi local), vous envoyez des notifications push sur votre appareil mobile.<\/p>\n<p>&nbsp;<\/p>\n<p><strong>CAPTEUR DE PORTE \/ HUBLOT<\/strong><\/p>\n<p>Vous recevrez des alertes en cas d&rsquo;ouverture et de fermeture sur la porte et les hublots de votre bateau.<\/p>\n<p>&nbsp;<\/p>\n<p><strong>CAPTEUR DE BATTERIE<\/strong><\/p>\n<p>Le capteur de batterie ZigBoat \u2122 surveille la tension de la batterie \u00e0 12V et 24V et, s&rsquo;il tombe en dessous d&rsquo;un niveau pr\u00e9d\u00e9fini, envoie des notifications push.<\/p>\n<p>&nbsp;<\/p>\n<p>&nbsp;<\/p>\n<p><strong>CAPTEUR D&rsquo;INONDATION DE CALE<\/strong><\/p>\n<p>Soyez imm\u00e9diatement inform\u00e9 si le bateau prend de l&rsquo;eau. En outre, l&rsquo;alarme d&rsquo;inondation a une sir\u00e8ne int\u00e9gr\u00e9e qui sonnera quand l&rsquo;eau est d\u00e9tect\u00e9e.<\/p>\n<p>&nbsp;<\/p>\n<p><strong>ZigBoat \u2122 est:<\/strong><\/p>\n<p><strong>PLUG &amp; PLAY<\/strong><\/p>\n<p>ZigBoat \u2122 est facile \u00e0 installer et \u00e0 utiliser. Aucun c\u00e2ble requis.<\/p>\n<p>&nbsp;<\/p>\n<p><strong>TECHNOLOGIE DE DERNI\u00c8RE G\u00c9N\u00c9RATION<\/strong><\/p>\n<p>Bas\u00e9 sur les technologies sans fil WiFi et ZigBee pour une connexion rapide et facile avec les capteurs embarqu\u00e9s et g\u00e9r\u00e9 par l&rsquo;application iOS ou Android ZigBoat \u2122<\/p>\n<p>&nbsp;<\/p>\n<p><strong>S\u00dbR ET FIABLE<\/strong><\/p>\n<p>La passerelle ZigBoat utilise une plate-forme de connexion Peer-to-Peer directe, crypt\u00e9e et en temps r\u00e9el pour communiquer avec vos appareils mobiles (smartphone et tablette) et contr\u00f4ler les bateaux \u00e0 tout moment et en tout lieu.<\/p>\n<p>&nbsp;<\/p>\n<p><strong>FLEXIBLE, MODULAIRE ET \u00c9VOLUTIF<\/strong><\/p>\n<p>ZigBoat offre plusieurs capteurs et fonctionnalit\u00e9s pour r\u00e9pondre \u00e0 vos besoins sp\u00e9cifique. Le syst\u00e8me peut \u00eatre int\u00e9gr\u00e9 et \u00e9tendu avec des capteurs suppl\u00e9mentaires illimit\u00e9s<\/p>\n","protected":false},"excerpt":{"rendered":"<p>Le syst\u00e8me \u00e0 distance 100% sans fil pour surveiller et interagir avec votre bateau via l&rsquo;application gratuite. Pas de frais mensuels ou d&rsquo;abonnements. Ce kit contient une passerelle, un capteur de hublot \/ porte, un capteur de batterie, un capteur de crevaison et des batteries longue dur\u00e9e, jusqu&rsquo;\u00e0 5 ans, assurant s\u00e9curit\u00e9 et tranquillit\u00e9 d&rsquo;esprit.<\/p>\n<table>\n<tbody>\n<tr>\n<td><a href=\"http:\/\/www.zigboat.com\/wp-content\/uploads\/2019\/06\/ZigBoat-Quick-Reference-Guide.pdf\" target=\"_blank\" rel=\"noopener noreferrer\"><img loading=\"lazy\" class=\"size-full wp-image-346\" src=\"http:\/\/www.zigboat.com\/wp-content\/uploads\/2018\/02\/pdf.png\" alt=\"Installation Manual\" width=\"100\" height=\"100\" srcset=\"http:\/\/www.zigboat.com\/wp-content\/uploads\/2018\/02\/pdf.png 256w, http:\/\/www.zigboat.com\/wp-content\/uploads\/2018\/02\/pdf-150x150.png 150w, http:\/\/www.zigboat.com\/wp-content\/uploads\/2018\/02\/pdf-100x100.png 100w\" sizes=\"(max-width: 100px) 100vw, 100px\" \/><\/a><\/td>\n<td style=\"vertical-align: middle;\">\n<h5 style=\"margin-top: 40px;\">Manuel d&rsquo;Installation<\/h5>\n<p>&nbsp;<\/td>\n<\/tr>\n<\/tbody>\n<\/table>\n","protected":false},"featured_media":1273,"template":"","meta":[],"yoast_head":"<!-- This site is optimized with the Yoast SEO plugin v17.1 - https:\/\/yoast.com\/wordpress\/plugins\/seo\/ -->\n<meta name=\"robots\" content=\"index, follow, max-snippet:-1, max-image-preview:large, max-video-preview:-1\" \/>\n<link rel=\"canonical\" href=\"http:\/\/www.zigboat.com\/fr\/produit\/starter-kit\/\" \/>\n<meta property=\"og:locale\" content=\"fr_FR\" \/>\n<meta property=\"og:type\" content=\"article\" \/>\n<meta property=\"og:title\" content=\"ZigBoat&trade; - Starter Kit - ZigBoat\u2122\" \/>\n<meta property=\"og:description\" content=\"Le syst\u00e8me \u00e0 distance 100% sans fil pour surveiller et interagir avec votre bateau via l&#039;application gratuite. Pas de frais mensuels ou d&#039;abonnements. Ce kit contient une passerelle, un capteur de hublot \/ porte, un capteur de batterie, un capteur de crevaison et des batteries longue dur\u00e9e, jusqu&#039;\u00e0 5 ans, assurant s\u00e9curit\u00e9 et tranquillit\u00e9 d&#039;esprit.      Manuel d&#039;Installation &nbsp;\" \/>\n<meta property=\"og:url\" content=\"http:\/\/www.zigboat.com\/fr\/produit\/starter-kit\/\" \/>\n<meta property=\"og:site_name\" content=\"ZigBoat\u2122\" \/>\n<meta property=\"article:publisher\" content=\"https:\/\/www.facebook.com\/Glomex\/\" \/>\n<meta property=\"article:modified_time\" content=\"2019-06-10T15:24:40+00:00\" \/>\n<meta property=\"og:image\" content=\"http:\/\/www.zigboat.com\/wp-content\/uploads\/2018\/02\/ZigBoat-starter-kit_2019.jpg\" \/>\n\t<meta property=\"og:image:width\" content=\"2020\" \/>\n\t<meta property=\"og:image:height\" content=\"1183\" \/>\n<meta name=\"twitter:card\" content=\"summary_large_image\" \/>\n<meta name=\"twitter:site\" content=\"@glomexmarine\" \/>\n<meta name=\"twitter:label1\" content=\"Dur\u00e9e de lecture est.\" \/>\n\t<meta name=\"twitter:data1\" content=\"3 minutes\" \/>\n<script type=\"application\/ld+json\" class=\"yoast-schema-graph\">{\"@context\":\"https:\/\/schema.org\",\"@graph\":[{\"@type\":\"Organization\",\"@id\":\"https:\/\/www.zigboat.com\/#organization\",\"name\":\"ZigBoat&trade;\",\"url\":\"https:\/\/www.zigboat.com\/\",\"sameAs\":[\"https:\/\/www.facebook.com\/Glomex\/\",\"https:\/\/twitter.com\/glomexmarine\",\"https:\/\/twitter.com\/glomexmarine\"],\"logo\":{\"@type\":\"ImageObject\",\"@id\":\"https:\/\/www.zigboat.com\/#logo\",\"inLanguage\":\"fr-FR\",\"url\":\"http:\/\/www.zigboat.com\/wp-content\/uploads\/2018\/02\/Logo-Zigboat-TM.jpg\",\"contentUrl\":\"http:\/\/www.zigboat.com\/wp-content\/uploads\/2018\/02\/Logo-Zigboat-TM.jpg\",\"width\":1024,\"height\":455,\"caption\":\"ZigBoat&trade;\"},\"image\":{\"@id\":\"https:\/\/www.zigboat.com\/#logo\"}},{\"@type\":\"WebSite\",\"@id\":\"https:\/\/www.zigboat.com\/#website\",\"url\":\"https:\/\/www.zigboat.com\/\",\"name\":\"ZigBoat\\u2122\",\"description\":\"ZigBoat&trade; - The Best in Marine Antennas  \",\"publisher\":{\"@id\":\"https:\/\/www.zigboat.com\/#organization\"},\"potentialAction\":[{\"@type\":\"SearchAction\",\"target\":{\"@type\":\"EntryPoint\",\"urlTemplate\":\"https:\/\/www.zigboat.com\/?s={search_term_string}\"},\"query-input\":\"required name=search_term_string\"}],\"inLanguage\":\"fr-FR\"},{\"@type\":\"ImageObject\",\"@id\":\"http:\/\/www.zigboat.com\/fr\/produit\/starter-kit\/#primaryimage\",\"inLanguage\":\"fr-FR\",\"url\":\"http:\/\/www.zigboat.com\/wp-content\/uploads\/2018\/02\/ZigBoat-starter-kit_2019.jpg\",\"contentUrl\":\"http:\/\/www.zigboat.com\/wp-content\/uploads\/2018\/02\/ZigBoat-starter-kit_2019.jpg\",\"width\":2020,\"height\":1183},{\"@type\":\"WebPage\",\"@id\":\"http:\/\/www.zigboat.com\/fr\/produit\/starter-kit\/#webpage\",\"url\":\"http:\/\/www.zigboat.com\/fr\/produit\/starter-kit\/\",\"name\":\"ZigBoat&trade; - Starter Kit - ZigBoat\\u2122\",\"isPartOf\":{\"@id\":\"https:\/\/www.zigboat.com\/#website\"},\"primaryImageOfPage\":{\"@id\":\"http:\/\/www.zigboat.com\/fr\/produit\/starter-kit\/#primaryimage\"},\"datePublished\":\"2018-02-21T22:53:08+00:00\",\"dateModified\":\"2019-06-10T15:24:40+00:00\",\"breadcrumb\":{\"@id\":\"http:\/\/www.zigboat.com\/fr\/produit\/starter-kit\/#breadcrumb\"},\"inLanguage\":\"fr-FR\",\"potentialAction\":[{\"@type\":\"ReadAction\",\"target\":[\"http:\/\/www.zigboat.com\/fr\/produit\/starter-kit\/\"]}]},{\"@type\":\"BreadcrumbList\",\"@id\":\"http:\/\/www.zigboat.com\/fr\/produit\/starter-kit\/#breadcrumb\",\"itemListElement\":[{\"@type\":\"ListItem\",\"position\":1,\"name\":\"Home\",\"item\":\"http:\/\/www.zigboat.com\/fr\/\"},{\"@type\":\"ListItem\",\"position\":2,\"name\":\"Products\",\"item\":\"https:\/\/www.zigboat.com\/shop\/\"},{\"@type\":\"ListItem\",\"position\":3,\"name\":\"ZigBoat&trade; &#8211; Starter Kit\"}]}]}<\/script>\n<!-- \/ Yoast SEO plugin. -->","yoast_head_json":{"robots":{"index":"index","follow":"follow","max-snippet":"max-snippet:-1","max-image-preview":"max-image-preview:large","max-video-preview":"max-video-preview:-1"},"canonical":"http:\/\/www.zigboat.com\/fr\/produit\/starter-kit\/","og_locale":"fr_FR","og_type":"article","og_title":"ZigBoat&trade; - Starter Kit - ZigBoat\u2122","og_description":"Le syst\u00e8me \u00e0 distance 100% sans fil pour surveiller et interagir avec votre bateau via l'application gratuite. Pas de frais mensuels ou d'abonnements. Ce kit contient une passerelle, un capteur de hublot \/ porte, un capteur de batterie, un capteur de crevaison et des batteries longue dur\u00e9e, jusqu'\u00e0 5 ans, assurant s\u00e9curit\u00e9 et tranquillit\u00e9 d'esprit.      Manuel d'Installation &nbsp;","og_url":"http:\/\/www.zigboat.com\/fr\/produit\/starter-kit\/","og_site_name":"ZigBoat\u2122","article_publisher":"https:\/\/www.facebook.com\/Glomex\/","article_modified_time":"2019-06-10T15:24:40+00:00","og_image":[{"width":2020,"height":1183,"url":"http:\/\/www.zigboat.com\/wp-content\/uploads\/2018\/02\/ZigBoat-starter-kit_2019.jpg","path":"\/home\/zigboatcuw\/www\/wp-content\/uploads\/2018\/02\/ZigBoat-starter-kit_2019.jpg","size":"full","id":1273,"alt":"","pixels":2389660,"type":"image\/jpeg"}],"twitter_card":"summary_large_image","twitter_site":"@glomexmarine","twitter_misc":{"Dur\u00e9e de lecture est.":"3 minutes"},"schema":{"@context":"https:\/\/schema.org","@graph":[{"@type":"Organization","@id":"https:\/\/www.zigboat.com\/#organization","name":"ZigBoat&trade;","url":"https:\/\/www.zigboat.com\/","sameAs":["https:\/\/www.facebook.com\/Glomex\/","https:\/\/twitter.com\/glomexmarine","https:\/\/twitter.com\/glomexmarine"],"logo":{"@type":"ImageObject","@id":"https:\/\/www.zigboat.com\/#logo","inLanguage":"fr-FR","url":"http:\/\/www.zigboat.com\/wp-content\/uploads\/2018\/02\/Logo-Zigboat-TM.jpg","contentUrl":"http:\/\/www.zigboat.com\/wp-content\/uploads\/2018\/02\/Logo-Zigboat-TM.jpg","width":1024,"height":455,"caption":"ZigBoat&trade;"},"image":{"@id":"https:\/\/www.zigboat.com\/#logo"}},{"@type":"WebSite","@id":"https:\/\/www.zigboat.com\/#website","url":"https:\/\/www.zigboat.com\/","name":"ZigBoat\u2122","description":"ZigBoat&trade; - The Best in Marine Antennas  ","publisher":{"@id":"https:\/\/www.zigboat.com\/#organization"},"potentialAction":[{"@type":"SearchAction","target":{"@type":"EntryPoint","urlTemplate":"https:\/\/www.zigboat.com\/?s={search_term_string}"},"query-input":"required name=search_term_string"}],"inLanguage":"fr-FR"},{"@type":"ImageObject","@id":"http:\/\/www.zigboat.com\/fr\/produit\/starter-kit\/#primaryimage","inLanguage":"fr-FR","url":"http:\/\/www.zigboat.com\/wp-content\/uploads\/2018\/02\/ZigBoat-starter-kit_2019.jpg","contentUrl":"http:\/\/www.zigboat.com\/wp-content\/uploads\/2018\/02\/ZigBoat-starter-kit_2019.jpg","width":2020,"height":1183},{"@type":"WebPage","@id":"http:\/\/www.zigboat.com\/fr\/produit\/starter-kit\/#webpage","url":"http:\/\/www.zigboat.com\/fr\/produit\/starter-kit\/","name":"ZigBoat&trade; - Starter Kit - ZigBoat\u2122","isPartOf":{"@id":"https:\/\/www.zigboat.com\/#website"},"primaryImageOfPage":{"@id":"http:\/\/www.zigboat.com\/fr\/produit\/starter-kit\/#primaryimage"},"datePublished":"2018-02-21T22:53:08+00:00","dateModified":"2019-06-10T15:24:40+00:00","breadcrumb":{"@id":"http:\/\/www.zigboat.com\/fr\/produit\/starter-kit\/#breadcrumb"},"inLanguage":"fr-FR","potentialAction":[{"@type":"ReadAction","target":["http:\/\/www.zigboat.com\/fr\/produit\/starter-kit\/"]}]},{"@type":"BreadcrumbList","@id":"http:\/\/www.zigboat.com\/fr\/produit\/starter-kit\/#breadcrumb","itemListElement":[{"@type":"ListItem","position":1,"name":"Home","item":"http:\/\/www.zigboat.com\/fr\/"},{"@type":"ListItem","position":2,"name":"Products","item":"https:\/\/www.zigboat.com\/shop\/"},{"@type":"ListItem","position":3,"name":"ZigBoat&trade; &#8211; Starter Kit"}]}]}},"_links":{"self":[{"href":"http:\/\/www.zigboat.com\/fr\/wp-json\/wp\/v2\/product\/642"}],"collection":[{"href":"http:\/\/www.zigboat.com\/fr\/wp-json\/wp\/v2\/product"}],"about":[{"href":"http:\/\/www.zigboat.com\/fr\/wp-json\/wp\/v2\/types\/product"}],"wp:featuredmedia":[{"embeddable":true,"href":"http:\/\/www.zigboat.com\/fr\/wp-json\/wp\/v2\/media\/1273"}],"wp:attachment":[{"href":"http:\/\/www.zigboat.com\/fr\/wp-json\/wp\/v2\/media?parent=642"}],"curies":[{"name":"wp","href":"https:\/\/api.w.org\/{rel}","templated":true}]}}