{"id":689,"date":"2018-02-21T23:26:06","date_gmt":"2018-02-21T23:26:06","guid":{"rendered":"http:\/\/www.zigboat.com\/product\/gps\/"},"modified":"2019-06-10T14:45:32","modified_gmt":"2019-06-10T14:45:32","slug":"gps","status":"publish","type":"product","link":"http:\/\/www.zigboat.com\/fr\/produit\/gps\/","title":{"rendered":"GPS\/TRACKING ZIGBEE\u00ae"},"content":{"rendered":"<p>Suit l&#8217;emplacement et le mouvement du bateau. Envoie des alarmes lorsque le bateau est hors de la zone de geofencing d\u00e9finie. Le positionnement GPS permet de d\u00e9tecter si votre ancre commence \u00e0 glisser. En outre, affiche \u00e0 la fois les pr\u00e9visions m\u00e9t\u00e9orologiques quotidiennes actuelles.<\/p>\n<p>&nbsp;<\/p>\n<p>Le GPS sans fil innovant ZigBee\u00ae pr\u00e9sente les caract\u00e9ristiques essentielles suivantes:<br \/>\n<strong>GEOFENCING<\/strong><br \/>\nIl garde une trace de votre bateau et envoie une notification quand il est en dehors de la plage d\u00e9finie.<\/p>\n<p><strong>SUIVI DE LA FLOTTE<\/strong><br \/>\nIl assure le suivi de votre flotte en utilisant une connexion directe, crypt\u00e9e et en temps r\u00e9el pour garantir la confidentialit\u00e9 et la s\u00e9curit\u00e9 \u00e0 100%.<\/p>\n<p><strong>CONTR\u00d4LE D&rsquo;ANCRAGE<\/strong><br \/>\nLe positionnement GPS vous permet d&rsquo;\u00eatre alert\u00e9 si l&rsquo;ancre est toujours<\/p>\n<p><strong>PR\u00c9VISIONS M\u00c9T\u00c9OROLOGIQUES<\/strong><br \/>\nPr\u00e9visions m\u00e9t\u00e9orologiques quotidiennes en temps r\u00e9el<\/p>\n<p>&nbsp;<\/p>\n<p>Sp\u00e9cifications techniques<\/p>\n<ol>\n<li>Couleur: blanc<\/li>\n<li>Dimensions: 100 mm \u00d8 \/ Hauteur: 58 mm GPS + 72 mm de montage<\/li>\n<li>Poids: 180 gr<\/li>\n<li>Fr\u00e9quence de r\u00e9ception GPS: L1 (1575,42 MHz)<\/li>\n<li>Alimentation: 12\/24 V DC<\/li>\n<li>Consommation \u00e9lectrique: maximum 0,8 W, typique 0,2 W<\/li>\n<li>Connectivit\u00e9 IEEE 802.15.4 \/ ZigBee\u00ae (2,4 GHz)<\/li>\n<li>Puissance de sortie: jusqu&rsquo;\u00e0 20 dBm<\/li>\n<li>GPS: jusqu&rsquo;\u00e0 3 GNSS (GPS, Galileo, GLONASS, BeiDou)<\/li>\n<li>Temp\u00e9rature de fonctionnement: -25 \u00b0 C \u00e0 + 55 \u00b0 C<\/li>\n<li>Distance: pr\u00e9cision: &lt;10 m (en condition de vue d\u00e9gag\u00e9e du ciel)<\/li>\n<\/ol>\n<p>&nbsp;<\/p>\n<table>\n<tbody>\n<tr>\n<td><a href=\"http:\/\/www.zigboat.com\/wp-content\/uploads\/2019\/06\/ZigBoat-GPS-owner-manual.pdf\" target=\"_blank\" rel=\"noopener noreferrer\"><img loading=\"lazy\" class=\"size-full wp-image-346\" src=\"http:\/\/www.zigboat.com\/wp-content\/uploads\/2018\/02\/pdf.png\" alt=\"Owner's Manual\" width=\"100\" height=\"100\" srcset=\"http:\/\/www.zigboat.com\/wp-content\/uploads\/2018\/02\/pdf.png 256w, http:\/\/www.zigboat.com\/wp-content\/uploads\/2018\/02\/pdf-150x150.png 150w, http:\/\/www.zigboat.com\/wp-content\/uploads\/2018\/02\/pdf-100x100.png 100w\" sizes=\"(max-width: 100px) 100vw, 100px\" \/><\/a><\/td>\n<td style=\"vertical-align: middle\">\n<h5 style=\"margin-top: 40px\">MANUEL D&rsquo;INSTALLATION<\/h5>\n<p>&nbsp;<\/td>\n<\/tr>\n<\/tbody>\n<\/table>\n","protected":false},"excerpt":{"rendered":"<p>Le seul GPS ZigBee\u00ae sans fil du march\u00e9.<\/p>\n<table>\n<tbody>\n<tr>\n<td><a href=\"http:\/\/www.zigboat.com\/wp-content\/uploads\/2019\/06\/ZigBoat-GPS-owner-manual.pdf\" target=\"_blank\" rel=\"noopener noreferrer\"><img loading=\"lazy\" class=\"size-full wp-image-346\" src=\"http:\/\/www.zigboat.com\/wp-content\/uploads\/2018\/02\/pdf.png\" alt=\"Owner's Manual\" width=\"100\" height=\"100\" srcset=\"http:\/\/www.zigboat.com\/wp-content\/uploads\/2018\/02\/pdf.png 256w, http:\/\/www.zigboat.com\/wp-content\/uploads\/2018\/02\/pdf-150x150.png 150w, http:\/\/www.zigboat.com\/wp-content\/uploads\/2018\/02\/pdf-100x100.png 100w\" sizes=\"(max-width: 100px) 100vw, 100px\" \/><\/a><\/td>\n<td style=\"vertical-align: middle\">\n<h5 style=\"margin-top: 40px\">MANUEL D&rsquo;INSTALLATION<\/h5>\n<p>&nbsp;<\/td>\n<\/tr>\n<\/tbody>\n<\/table>\n<p>CODE ZB211<\/p>\n","protected":false},"featured_media":1197,"template":"","meta":[],"yoast_head":"<!-- This site is optimized with the Yoast SEO plugin v17.1 - https:\/\/yoast.com\/wordpress\/plugins\/seo\/ -->\n<meta name=\"robots\" content=\"index, follow, max-snippet:-1, max-image-preview:large, max-video-preview:-1\" \/>\n<link rel=\"canonical\" href=\"https:\/\/www.zigboat.com\/fr\/produit\/gps\/\" \/>\n<meta property=\"og:locale\" content=\"fr_FR\" \/>\n<meta property=\"og:type\" content=\"article\" \/>\n<meta property=\"og:title\" content=\"GPS\/TRACKING ZIGBEE\u00ae - ZigBoat\u2122\" \/>\n<meta property=\"og:description\" content=\"Le seul GPS ZigBee\u00ae sans fil du march\u00e9.      MANUEL D&#039;INSTALLATION &nbsp;    CODE ZB211\" \/>\n<meta property=\"og:url\" content=\"https:\/\/www.zigboat.com\/fr\/produit\/gps\/\" \/>\n<meta property=\"og:site_name\" content=\"ZigBoat\u2122\" \/>\n<meta property=\"article:publisher\" content=\"https:\/\/www.facebook.com\/Glomex\/\" \/>\n<meta property=\"article:modified_time\" content=\"2019-06-10T14:45:32+00:00\" \/>\n<meta property=\"og:image\" content=\"http:\/\/www.zigboat.com\/wp-content\/uploads\/2019\/04\/GPS-1.png\" \/>\n\t<meta property=\"og:image:width\" content=\"432\" \/>\n\t<meta property=\"og:image:height\" content=\"837\" \/>\n<meta name=\"twitter:card\" content=\"summary_large_image\" \/>\n<meta name=\"twitter:site\" content=\"@glomexmarine\" \/>\n<meta name=\"twitter:label1\" content=\"Dur\u00e9e de lecture est.\" \/>\n\t<meta name=\"twitter:data1\" content=\"1 minute\" \/>\n<script type=\"application\/ld+json\" class=\"yoast-schema-graph\">{\"@context\":\"https:\/\/schema.org\",\"@graph\":[{\"@type\":\"Organization\",\"@id\":\"http:\/\/www.zigboat.com\/#organization\",\"name\":\"ZigBoat&trade;\",\"url\":\"http:\/\/www.zigboat.com\/\",\"sameAs\":[\"https:\/\/www.facebook.com\/Glomex\/\",\"https:\/\/twitter.com\/glomexmarine\",\"https:\/\/twitter.com\/glomexmarine\"],\"logo\":{\"@type\":\"ImageObject\",\"@id\":\"http:\/\/www.zigboat.com\/#logo\",\"inLanguage\":\"fr-FR\",\"url\":\"http:\/\/www.zigboat.com\/wp-content\/uploads\/2018\/02\/Logo-Zigboat-TM.jpg\",\"contentUrl\":\"http:\/\/www.zigboat.com\/wp-content\/uploads\/2018\/02\/Logo-Zigboat-TM.jpg\",\"width\":1024,\"height\":455,\"caption\":\"ZigBoat&trade;\"},\"image\":{\"@id\":\"http:\/\/www.zigboat.com\/#logo\"}},{\"@type\":\"WebSite\",\"@id\":\"http:\/\/www.zigboat.com\/#website\",\"url\":\"http:\/\/www.zigboat.com\/\",\"name\":\"ZigBoat\\u2122\",\"description\":\"ZigBoat&trade; - The Best in Marine Antennas  \",\"publisher\":{\"@id\":\"http:\/\/www.zigboat.com\/#organization\"},\"potentialAction\":[{\"@type\":\"SearchAction\",\"target\":{\"@type\":\"EntryPoint\",\"urlTemplate\":\"http:\/\/www.zigboat.com\/?s={search_term_string}\"},\"query-input\":\"required name=search_term_string\"}],\"inLanguage\":\"fr-FR\"},{\"@type\":\"ImageObject\",\"@id\":\"https:\/\/www.zigboat.com\/fr\/produit\/gps\/#primaryimage\",\"inLanguage\":\"fr-FR\",\"url\":\"http:\/\/www.zigboat.com\/wp-content\/uploads\/2019\/04\/GPS-1.png\",\"contentUrl\":\"http:\/\/www.zigboat.com\/wp-content\/uploads\/2019\/04\/GPS-1.png\",\"width\":432,\"height\":837},{\"@type\":\"WebPage\",\"@id\":\"https:\/\/www.zigboat.com\/fr\/produit\/gps\/#webpage\",\"url\":\"https:\/\/www.zigboat.com\/fr\/produit\/gps\/\",\"name\":\"GPS\/TRACKING ZIGBEE\\u00ae - ZigBoat\\u2122\",\"isPartOf\":{\"@id\":\"http:\/\/www.zigboat.com\/#website\"},\"primaryImageOfPage\":{\"@id\":\"https:\/\/www.zigboat.com\/fr\/produit\/gps\/#primaryimage\"},\"datePublished\":\"2018-02-21T23:26:06+00:00\",\"dateModified\":\"2019-06-10T14:45:32+00:00\",\"breadcrumb\":{\"@id\":\"https:\/\/www.zigboat.com\/fr\/produit\/gps\/#breadcrumb\"},\"inLanguage\":\"fr-FR\",\"potentialAction\":[{\"@type\":\"ReadAction\",\"target\":[\"https:\/\/www.zigboat.com\/fr\/produit\/gps\/\"]}]},{\"@type\":\"BreadcrumbList\",\"@id\":\"https:\/\/www.zigboat.com\/fr\/produit\/gps\/#breadcrumb\",\"itemListElement\":[{\"@type\":\"ListItem\",\"position\":1,\"name\":\"Home\",\"item\":\"http:\/\/www.zigboat.com\/fr\/\"},{\"@type\":\"ListItem\",\"position\":2,\"name\":\"Products\",\"item\":\"http:\/\/www.zigboat.com\/fr\/shop\/\"},{\"@type\":\"ListItem\",\"position\":3,\"name\":\"GPS\/TRACKING ZIGBEE\\u00ae\"}]}]}<\/script>\n<!-- \/ Yoast SEO plugin. -->","yoast_head_json":{"robots":{"index":"index","follow":"follow","max-snippet":"max-snippet:-1","max-image-preview":"max-image-preview:large","max-video-preview":"max-video-preview:-1"},"canonical":"https:\/\/www.zigboat.com\/fr\/produit\/gps\/","og_locale":"fr_FR","og_type":"article","og_title":"GPS\/TRACKING ZIGBEE\u00ae - ZigBoat\u2122","og_description":"Le seul GPS ZigBee\u00ae sans fil du march\u00e9.      MANUEL D'INSTALLATION &nbsp;    CODE ZB211","og_url":"https:\/\/www.zigboat.com\/fr\/produit\/gps\/","og_site_name":"ZigBoat\u2122","article_publisher":"https:\/\/www.facebook.com\/Glomex\/","article_modified_time":"2019-06-10T14:45:32+00:00","og_image":[{"width":432,"height":837,"url":"http:\/\/www.zigboat.com\/wp-content\/uploads\/2019\/04\/GPS-1.png","path":"\/home\/zigboatcuw\/www\/wp-content\/uploads\/2019\/04\/GPS-1.png","size":"full","id":1197,"alt":"","pixels":361584,"type":"image\/png"}],"twitter_card":"summary_large_image","twitter_site":"@glomexmarine","twitter_misc":{"Dur\u00e9e de lecture est.":"1 minute"},"schema":{"@context":"https:\/\/schema.org","@graph":[{"@type":"Organization","@id":"http:\/\/www.zigboat.com\/#organization","name":"ZigBoat&trade;","url":"http:\/\/www.zigboat.com\/","sameAs":["https:\/\/www.facebook.com\/Glomex\/","https:\/\/twitter.com\/glomexmarine","https:\/\/twitter.com\/glomexmarine"],"logo":{"@type":"ImageObject","@id":"http:\/\/www.zigboat.com\/#logo","inLanguage":"fr-FR","url":"http:\/\/www.zigboat.com\/wp-content\/uploads\/2018\/02\/Logo-Zigboat-TM.jpg","contentUrl":"http:\/\/www.zigboat.com\/wp-content\/uploads\/2018\/02\/Logo-Zigboat-TM.jpg","width":1024,"height":455,"caption":"ZigBoat&trade;"},"image":{"@id":"http:\/\/www.zigboat.com\/#logo"}},{"@type":"WebSite","@id":"http:\/\/www.zigboat.com\/#website","url":"http:\/\/www.zigboat.com\/","name":"ZigBoat\u2122","description":"ZigBoat&trade; - The Best in Marine Antennas  ","publisher":{"@id":"http:\/\/www.zigboat.com\/#organization"},"potentialAction":[{"@type":"SearchAction","target":{"@type":"EntryPoint","urlTemplate":"http:\/\/www.zigboat.com\/?s={search_term_string}"},"query-input":"required name=search_term_string"}],"inLanguage":"fr-FR"},{"@type":"ImageObject","@id":"https:\/\/www.zigboat.com\/fr\/produit\/gps\/#primaryimage","inLanguage":"fr-FR","url":"http:\/\/www.zigboat.com\/wp-content\/uploads\/2019\/04\/GPS-1.png","contentUrl":"http:\/\/www.zigboat.com\/wp-content\/uploads\/2019\/04\/GPS-1.png","width":432,"height":837},{"@type":"WebPage","@id":"https:\/\/www.zigboat.com\/fr\/produit\/gps\/#webpage","url":"https:\/\/www.zigboat.com\/fr\/produit\/gps\/","name":"GPS\/TRACKING ZIGBEE\u00ae - ZigBoat\u2122","isPartOf":{"@id":"http:\/\/www.zigboat.com\/#website"},"primaryImageOfPage":{"@id":"https:\/\/www.zigboat.com\/fr\/produit\/gps\/#primaryimage"},"datePublished":"2018-02-21T23:26:06+00:00","dateModified":"2019-06-10T14:45:32+00:00","breadcrumb":{"@id":"https:\/\/www.zigboat.com\/fr\/produit\/gps\/#breadcrumb"},"inLanguage":"fr-FR","potentialAction":[{"@type":"ReadAction","target":["https:\/\/www.zigboat.com\/fr\/produit\/gps\/"]}]},{"@type":"BreadcrumbList","@id":"https:\/\/www.zigboat.com\/fr\/produit\/gps\/#breadcrumb","itemListElement":[{"@type":"ListItem","position":1,"name":"Home","item":"http:\/\/www.zigboat.com\/fr\/"},{"@type":"ListItem","position":2,"name":"Products","item":"http:\/\/www.zigboat.com\/fr\/shop\/"},{"@type":"ListItem","position":3,"name":"GPS\/TRACKING ZIGBEE\u00ae"}]}]}},"_links":{"self":[{"href":"http:\/\/www.zigboat.com\/fr\/wp-json\/wp\/v2\/product\/689"}],"collection":[{"href":"http:\/\/www.zigboat.com\/fr\/wp-json\/wp\/v2\/product"}],"about":[{"href":"http:\/\/www.zigboat.com\/fr\/wp-json\/wp\/v2\/types\/product"}],"wp:featuredmedia":[{"embeddable":true,"href":"http:\/\/www.zigboat.com\/fr\/wp-json\/wp\/v2\/media\/1197"}],"wp:attachment":[{"href":"http:\/\/www.zigboat.com\/fr\/wp-json\/wp\/v2\/media?parent=689"}],"curies":[{"name":"wp","href":"https:\/\/api.w.org\/{rel}","templated":true}]}}