{"id":1152,"date":"2018-11-27T13:26:05","date_gmt":"2018-11-27T13:26:06","guid":{"rendered":"http:\/\/www.zigboat.com\/?post_type=product&#038;p=1152"},"modified":"2019-06-10T14:37:07","modified_gmt":"2019-06-10T14:37:07","slug":"zigboat-connectivity-kit-es","status":"publish","type":"product","link":"https:\/\/www.zigboat.com\/es\/producto\/zigboat-connectivity-kit-es\/","title":{"rendered":"ZigBoat\u2122 \u2013 Connectivity Kit"},"content":{"rendered":"<p>ZigBoat(tm) es un innovador sistema inal\u00e1mbrico ZigBee \/ WiFi, sin nubes, para monitorear e interactuar con su embarcaci\u00f3n a distancia y a bordo, lo que garantiza seguridad y tranquilidad sin costos ni suscripciones mensuales. ZigBoat &#8482; consta de un m\u00f3dulo principal (Gateway) y una serie de sensores est\u00e1ndar y opcionales que se pueden agregar a sus necesidades espec\u00edficas. Gracias a las tecnolog\u00edas inal\u00e1mbricas ZigBee y Wi-Fi, que tienen comunicaci\u00f3n directa con sensores a bordo sin la necesidad de una nube, ZigBoat &#8482; env\u00eda notificaciones autom\u00e1ticas en tiempo real cuando ocurren eventos cr\u00edticos. Usando la aplicaci\u00f3n ZigBoat &#8482;, puede monitorear la informaci\u00f3n del barco monitoreada por el sistema. Con el dongle USB 3G tambi\u00e9n puede recibir notificaciones por SMS en caso de un evento cr\u00edtico.<\/p>\n<p>Este kit contiene una puerta de enlace, un dongle USB 3G, un sensor de bater\u00eda, un sensor de agua de sentina y bater\u00edas de larga duraci\u00f3n para sensores:<\/p>\n<p>GATEWAY<br \/>\nEs el m\u00f3dulo principal del sistema ZigBoat\u2122. Es una plataforma abierta que se puede integrar con sensores ilimitados y la funcionalidad ZigBoat\u2122 adicional. Si est\u00e1 conectado a Internet (por ejemplo, 3G USB dongle o weBBoat 4G Lite o WiFi local), env\u00ede notificaciones autom\u00e1ticas en su dispositivo m\u00f3vil<\/p>\n<p>SENSOR BATERIA<br \/>\nEl sensor de bater\u00eda ZigBoat(tm) monitorea el voltaje de la bater\u00eda a 12V y 24V y, si cae por debajo de un nivel predefinido, env\u00eda notificaciones push.<\/p>\n<p>SENSOR INUNDACION<br \/>\nRecibe al instante aviso de entrada de agua. Adem\u00e1s, la alarma de inundaci\u00f3n tiene una sirena incorporada cuando detecte la entrada de agua<\/p>\n<p>DONGLE USB 3G<br \/>\nEl dongle USB 3G le permite a Gateway enviar notificaciones por SMS a su dispositivo y \/ o conectar la puerta de enlace a Internet para recibir notificaciones push en la aplicaci\u00f3n ZigBoat (tarjeta SIM no incluida).<\/p>\n<p>ZigBoat(tm) es:<\/p>\n<p>PLUG &amp; PLAY<br \/>\nZigBoat es muy f\u00e1cil de instalar y utilizar. No necesita cables para un control remoto ni para monitorizar su barco.<\/p>\n<p>LA ULTIMA TECNOLOGIA<br \/>\nBasado en las tecnologias inal\u00e1mbricas WiFi y ZigBee para una conexi\u00f3n r\u00e1pida y sencilla, con sensores incorporados y administrados por la APP ZigBoat para iOS y Android<\/p>\n<p>SEGURO Y FIABLE<br \/>\nEl acceso de ZigBoat utiliza una plataforma de conexi\u00f3n punto a punto directa, encriptada y en tiempo real para comunicarse con sus dispositivos m\u00f3viles (tel\u00e9fono inteligente y tableta) y tener control del barco en cualquier momento y en cualquier lugar<\/p>\n<p>FLEXIBLE, MODULAR Y EVOLUTIVO<br \/>\nZigBoat ofrece varios sensores y funciones para satisfacer sus necesidades espec\u00edficas, administrar y configurar de forma r\u00e1pida y sencilla a trav\u00e9s de la aplicaci\u00f3n. El sistema puede integrarse y expandirse con sensores adicionales ilimitados<\/p>\n<table>\n<tbody>\n<tr>\n<td><a href=\"http:\/\/www.zigboat.com\/wp-content\/uploads\/2019\/06\/ZigBoat-Quick-Reference-Guide.pdf\" target=\"_blank\" rel=\"noopener noreferrer\"><img loading=\"lazy\" class=\"alignnone wp-image-751 size-full\" src=\"http:\/\/www.zigboat.com\/wp-content\/uploads\/2018\/02\/pdf.png\" alt=\"Owner's Manual\" width=\"256\" height=\"256\" srcset=\"https:\/\/www.zigboat.com\/wp-content\/uploads\/2018\/02\/pdf.png 256w, https:\/\/www.zigboat.com\/wp-content\/uploads\/2018\/02\/pdf-150x150.png 150w, https:\/\/www.zigboat.com\/wp-content\/uploads\/2018\/02\/pdf-100x100.png 100w\" sizes=\"(max-width: 256px) 100vw, 256px\" \/><\/a><\/td>\n<td style=\"vertical-align: middle;\">\n<h5 style=\"margin-top: 40px;\">Owner&#8217;s Manual<\/h5>\n<p>&nbsp;<\/td>\n<\/tr>\n<\/tbody>\n<\/table>\n","protected":false},"excerpt":{"rendered":"<p>El sistema 100% inal\u00e1mbrico para controlar e interactuar con su bote de forma remota a trav\u00e9s de la aplicaci\u00f3n gratuita. Sin cuota o suscripci\u00f3n mensual. Este kit ZigBoat(tm) le permite recibir notificaciones por SMS y conectar la puerta de enlace de ZigBoat(tm) a Internet para recibir notificaciones push en su aplicaci\u00f3n ZigBoat &#8482; (tarjeta SIM no incluida). El kit contiene una puerta de enlace, un dongle USB 3G, un sensor de bater\u00eda, un sensor de agua de sentina y una bater\u00eda de larga duraci\u00f3n, hasta 5 a\u00f1os, lo que garantiza la seguridad y la tranquilidad.<\/p>\n<table>\n<tbody>\n<tr>\n<td><a href=\"http:\/\/www.zigboat.com\/wp-content\/uploads\/2019\/06\/ZigBoat-Quick-Reference-Guide.pdf\" target=\"_blank\" rel=\"noopener noreferrer\"><img loading=\"lazy\" class=\"size-full wp-image-346\" src=\"http:\/\/www.zigboat.com\/wp-content\/uploads\/2018\/02\/pdf.png\" alt=\"Owner's Manual\" width=\"100\" height=\"100\" srcset=\"https:\/\/www.zigboat.com\/wp-content\/uploads\/2018\/02\/pdf.png 256w, https:\/\/www.zigboat.com\/wp-content\/uploads\/2018\/02\/pdf-150x150.png 150w, https:\/\/www.zigboat.com\/wp-content\/uploads\/2018\/02\/pdf-100x100.png 100w\" sizes=\"(max-width: 100px) 100vw, 100px\" \/><\/a><\/td>\n<td style=\"vertical-align: middle;\">\n<h5 style=\"margin-top: 40px;\">Owner&#8217;s Manual<\/h5>\n<p>&nbsp;<\/td>\n<\/tr>\n<\/tbody>\n<\/table>\n","protected":false},"featured_media":1387,"template":"","meta":[],"yoast_head":"<!-- This site is optimized with the Yoast SEO plugin v17.1 - https:\/\/yoast.com\/wordpress\/plugins\/seo\/ -->\n<meta name=\"robots\" content=\"index, follow, max-snippet:-1, max-image-preview:large, max-video-preview:-1\" \/>\n<link rel=\"canonical\" href=\"http:\/\/www.zigboat.com\/es\/producto\/zigboat-connectivity-kit-es\/\" \/>\n<meta property=\"og:locale\" content=\"es_ES\" \/>\n<meta property=\"og:type\" content=\"article\" \/>\n<meta property=\"og:title\" content=\"ZigBoat\u2122 \u2013 Connectivity Kit - ZigBoat\u2122\" \/>\n<meta property=\"og:description\" content=\"El sistema 100% inal\u00e1mbrico para controlar e interactuar con su bote de forma remota a trav\u00e9s de la aplicaci\u00f3n gratuita. Sin cuota o suscripci\u00f3n mensual. Este kit ZigBoat(tm) le permite recibir notificaciones por SMS y conectar la puerta de enlace de ZigBoat(tm) a Internet para recibir notificaciones push en su aplicaci\u00f3n ZigBoat (tm) (tarjeta SIM no incluida). El kit contiene una puerta de enlace, un dongle USB 3G, un sensor de bater\u00eda, un sensor de agua de sentina y una bater\u00eda de larga duraci\u00f3n, hasta 5 a\u00f1os, lo que garantiza la seguridad y la tranquilidad.  Owner&#039;s Manual&nbsp;\" \/>\n<meta property=\"og:url\" content=\"http:\/\/www.zigboat.com\/es\/producto\/zigboat-connectivity-kit-es\/\" \/>\n<meta property=\"og:site_name\" content=\"ZigBoat\u2122\" \/>\n<meta property=\"article:publisher\" content=\"https:\/\/www.facebook.com\/Glomex\/\" \/>\n<meta property=\"article:modified_time\" content=\"2019-06-10T14:37:07+00:00\" \/>\n<meta property=\"og:image\" content=\"http:\/\/www.zigboat.com\/wp-content\/uploads\/2018\/11\/ZigBoat-Connectivity-kit_2019.jpg\" \/>\n\t<meta property=\"og:image:width\" content=\"1920\" \/>\n\t<meta property=\"og:image:height\" content=\"1174\" \/>\n<meta name=\"twitter:card\" content=\"summary_large_image\" \/>\n<meta name=\"twitter:site\" content=\"@glomexmarine\" \/>\n<meta name=\"twitter:label1\" content=\"Tiempo de lectura\" \/>\n\t<meta name=\"twitter:data1\" content=\"2 minutos\" \/>\n<script type=\"application\/ld+json\" class=\"yoast-schema-graph\">{\"@context\":\"https:\/\/schema.org\",\"@graph\":[{\"@type\":\"Organization\",\"@id\":\"http:\/\/www.zigboat.com\/fr\/#organization\",\"name\":\"ZigBoat&trade;\",\"url\":\"http:\/\/www.zigboat.com\/fr\/\",\"sameAs\":[\"https:\/\/www.facebook.com\/Glomex\/\",\"https:\/\/twitter.com\/glomexmarine\",\"https:\/\/twitter.com\/glomexmarine\"],\"logo\":{\"@type\":\"ImageObject\",\"@id\":\"http:\/\/www.zigboat.com\/fr\/#logo\",\"inLanguage\":\"es\",\"url\":\"http:\/\/www.zigboat.com\/wp-content\/uploads\/2018\/02\/Logo-Zigboat-TM.jpg\",\"contentUrl\":\"http:\/\/www.zigboat.com\/wp-content\/uploads\/2018\/02\/Logo-Zigboat-TM.jpg\",\"width\":1024,\"height\":455,\"caption\":\"ZigBoat&trade;\"},\"image\":{\"@id\":\"http:\/\/www.zigboat.com\/fr\/#logo\"}},{\"@type\":\"WebSite\",\"@id\":\"http:\/\/www.zigboat.com\/fr\/#website\",\"url\":\"http:\/\/www.zigboat.com\/fr\/\",\"name\":\"ZigBoat\\u2122\",\"description\":\"ZigBoat&trade; - The Best in Marine Antennas  \",\"publisher\":{\"@id\":\"http:\/\/www.zigboat.com\/fr\/#organization\"},\"potentialAction\":[{\"@type\":\"SearchAction\",\"target\":{\"@type\":\"EntryPoint\",\"urlTemplate\":\"http:\/\/www.zigboat.com\/fr\/?s={search_term_string}\"},\"query-input\":\"required name=search_term_string\"}],\"inLanguage\":\"es\"},{\"@type\":\"ImageObject\",\"@id\":\"http:\/\/www.zigboat.com\/es\/producto\/zigboat-connectivity-kit-es\/#primaryimage\",\"inLanguage\":\"es\",\"url\":\"https:\/\/www.zigboat.com\/wp-content\/uploads\/2018\/11\/ZigBoat-Connectivity-kit_2019-1.jpg\",\"contentUrl\":\"https:\/\/www.zigboat.com\/wp-content\/uploads\/2018\/11\/ZigBoat-Connectivity-kit_2019-1.jpg\",\"width\":1920,\"height\":1174,\"caption\":\"Created with GIMP\"},{\"@type\":\"WebPage\",\"@id\":\"http:\/\/www.zigboat.com\/es\/producto\/zigboat-connectivity-kit-es\/#webpage\",\"url\":\"http:\/\/www.zigboat.com\/es\/producto\/zigboat-connectivity-kit-es\/\",\"name\":\"ZigBoat\\u2122 \\u2013 Connectivity Kit - ZigBoat\\u2122\",\"isPartOf\":{\"@id\":\"http:\/\/www.zigboat.com\/fr\/#website\"},\"primaryImageOfPage\":{\"@id\":\"http:\/\/www.zigboat.com\/es\/producto\/zigboat-connectivity-kit-es\/#primaryimage\"},\"datePublished\":\"2018-11-27T13:26:06+00:00\",\"dateModified\":\"2019-06-10T14:37:07+00:00\",\"breadcrumb\":{\"@id\":\"http:\/\/www.zigboat.com\/es\/producto\/zigboat-connectivity-kit-es\/#breadcrumb\"},\"inLanguage\":\"es\",\"potentialAction\":[{\"@type\":\"ReadAction\",\"target\":[\"http:\/\/www.zigboat.com\/es\/producto\/zigboat-connectivity-kit-es\/\"]}]},{\"@type\":\"BreadcrumbList\",\"@id\":\"http:\/\/www.zigboat.com\/es\/producto\/zigboat-connectivity-kit-es\/#breadcrumb\",\"itemListElement\":[{\"@type\":\"ListItem\",\"position\":1,\"name\":\"Home\",\"item\":\"https:\/\/www.zigboat.com\/es\/\"},{\"@type\":\"ListItem\",\"position\":2,\"name\":\"Products\",\"item\":\"http:\/\/www.zigboat.com\/it\/shop\/\"},{\"@type\":\"ListItem\",\"position\":3,\"name\":\"ZigBoat\\u2122 \\u2013 Connectivity Kit\"}]}]}<\/script>\n<!-- \/ Yoast SEO plugin. -->","yoast_head_json":{"robots":{"index":"index","follow":"follow","max-snippet":"max-snippet:-1","max-image-preview":"max-image-preview:large","max-video-preview":"max-video-preview:-1"},"canonical":"http:\/\/www.zigboat.com\/es\/producto\/zigboat-connectivity-kit-es\/","og_locale":"es_ES","og_type":"article","og_title":"ZigBoat\u2122 \u2013 Connectivity Kit - ZigBoat\u2122","og_description":"El sistema 100% inal\u00e1mbrico para controlar e interactuar con su bote de forma remota a trav\u00e9s de la aplicaci\u00f3n gratuita. Sin cuota o suscripci\u00f3n mensual. Este kit ZigBoat(tm) le permite recibir notificaciones por SMS y conectar la puerta de enlace de ZigBoat(tm) a Internet para recibir notificaciones push en su aplicaci\u00f3n ZigBoat (tm) (tarjeta SIM no incluida). El kit contiene una puerta de enlace, un dongle USB 3G, un sensor de bater\u00eda, un sensor de agua de sentina y una bater\u00eda de larga duraci\u00f3n, hasta 5 a\u00f1os, lo que garantiza la seguridad y la tranquilidad.  Owner's Manual&nbsp;","og_url":"http:\/\/www.zigboat.com\/es\/producto\/zigboat-connectivity-kit-es\/","og_site_name":"ZigBoat\u2122","article_publisher":"https:\/\/www.facebook.com\/Glomex\/","article_modified_time":"2019-06-10T14:37:07+00:00","og_image":[{"width":1920,"height":1174,"url":"http:\/\/www.zigboat.com\/wp-content\/uploads\/2018\/11\/ZigBoat-Connectivity-kit_2019.jpg","path":"\/home\/zigboatcuw\/www\/wp-content\/uploads\/2018\/11\/ZigBoat-Connectivity-kit_2019.jpg","size":"full","id":1271,"alt":"","pixels":2254080,"type":"image\/jpeg"}],"twitter_card":"summary_large_image","twitter_site":"@glomexmarine","twitter_misc":{"Tiempo de lectura":"2 minutos"},"schema":{"@context":"https:\/\/schema.org","@graph":[{"@type":"Organization","@id":"http:\/\/www.zigboat.com\/fr\/#organization","name":"ZigBoat&trade;","url":"http:\/\/www.zigboat.com\/fr\/","sameAs":["https:\/\/www.facebook.com\/Glomex\/","https:\/\/twitter.com\/glomexmarine","https:\/\/twitter.com\/glomexmarine"],"logo":{"@type":"ImageObject","@id":"http:\/\/www.zigboat.com\/fr\/#logo","inLanguage":"es","url":"http:\/\/www.zigboat.com\/wp-content\/uploads\/2018\/02\/Logo-Zigboat-TM.jpg","contentUrl":"http:\/\/www.zigboat.com\/wp-content\/uploads\/2018\/02\/Logo-Zigboat-TM.jpg","width":1024,"height":455,"caption":"ZigBoat&trade;"},"image":{"@id":"http:\/\/www.zigboat.com\/fr\/#logo"}},{"@type":"WebSite","@id":"http:\/\/www.zigboat.com\/fr\/#website","url":"http:\/\/www.zigboat.com\/fr\/","name":"ZigBoat\u2122","description":"ZigBoat&trade; - The Best in Marine Antennas  ","publisher":{"@id":"http:\/\/www.zigboat.com\/fr\/#organization"},"potentialAction":[{"@type":"SearchAction","target":{"@type":"EntryPoint","urlTemplate":"http:\/\/www.zigboat.com\/fr\/?s={search_term_string}"},"query-input":"required name=search_term_string"}],"inLanguage":"es"},{"@type":"ImageObject","@id":"http:\/\/www.zigboat.com\/es\/producto\/zigboat-connectivity-kit-es\/#primaryimage","inLanguage":"es","url":"https:\/\/www.zigboat.com\/wp-content\/uploads\/2018\/11\/ZigBoat-Connectivity-kit_2019-1.jpg","contentUrl":"https:\/\/www.zigboat.com\/wp-content\/uploads\/2018\/11\/ZigBoat-Connectivity-kit_2019-1.jpg","width":1920,"height":1174,"caption":"Created with GIMP"},{"@type":"WebPage","@id":"http:\/\/www.zigboat.com\/es\/producto\/zigboat-connectivity-kit-es\/#webpage","url":"http:\/\/www.zigboat.com\/es\/producto\/zigboat-connectivity-kit-es\/","name":"ZigBoat\u2122 \u2013 Connectivity Kit - ZigBoat\u2122","isPartOf":{"@id":"http:\/\/www.zigboat.com\/fr\/#website"},"primaryImageOfPage":{"@id":"http:\/\/www.zigboat.com\/es\/producto\/zigboat-connectivity-kit-es\/#primaryimage"},"datePublished":"2018-11-27T13:26:06+00:00","dateModified":"2019-06-10T14:37:07+00:00","breadcrumb":{"@id":"http:\/\/www.zigboat.com\/es\/producto\/zigboat-connectivity-kit-es\/#breadcrumb"},"inLanguage":"es","potentialAction":[{"@type":"ReadAction","target":["http:\/\/www.zigboat.com\/es\/producto\/zigboat-connectivity-kit-es\/"]}]},{"@type":"BreadcrumbList","@id":"http:\/\/www.zigboat.com\/es\/producto\/zigboat-connectivity-kit-es\/#breadcrumb","itemListElement":[{"@type":"ListItem","position":1,"name":"Home","item":"https:\/\/www.zigboat.com\/es\/"},{"@type":"ListItem","position":2,"name":"Products","item":"http:\/\/www.zigboat.com\/it\/shop\/"},{"@type":"ListItem","position":3,"name":"ZigBoat\u2122 \u2013 Connectivity Kit"}]}]}},"_links":{"self":[{"href":"https:\/\/www.zigboat.com\/es\/wp-json\/wp\/v2\/product\/1152"}],"collection":[{"href":"https:\/\/www.zigboat.com\/es\/wp-json\/wp\/v2\/product"}],"about":[{"href":"https:\/\/www.zigboat.com\/es\/wp-json\/wp\/v2\/types\/product"}],"wp:featuredmedia":[{"embeddable":true,"href":"https:\/\/www.zigboat.com\/es\/wp-json\/wp\/v2\/media\/1387"}],"wp:attachment":[{"href":"https:\/\/www.zigboat.com\/es\/wp-json\/wp\/v2\/media?parent=1152"}],"curies":[{"name":"wp","href":"https:\/\/api.w.org\/{rel}","templated":true}]}}