{"id":671,"date":"2018-02-21T23:15:23","date_gmt":"2018-02-21T23:15:23","guid":{"rendered":"http:\/\/www.zigboat.com\/product\/heat-alarm-sensor\/"},"modified":"2019-06-10T15:08:40","modified_gmt":"2019-06-10T15:08:40","slug":"capteur-de-chaleur","status":"publish","type":"product","link":"https:\/\/www.zigboat.com\/fr\/produit\/capteur-de-chaleur\/","title":{"rendered":"Capteur de chaleur"},"content":{"rendered":"<p>Pour que le capteur fonctionne correctement, la passerelle ZigBoat \u2122 doit \u00eatre utilis\u00e9e<\/p>\n<p><strong>ZigBoat \u2122<\/strong> est un syst\u00e8me sans fil innovant ZigBee \/ WiFi, sans cloud, pour surveiller et interagir avec votre bateau \u00e0 distance ou \u00e0 bord, assurant la s\u00e9curit\u00e9 et la tranquillit\u00e9 d&rsquo;esprit sans frais mensuels ni abonnement. Le ZigBoat \u2122 se compose d&rsquo;un module de base (Gateway) et d&rsquo;une s\u00e9rie de capteurs standard et optionnels qui peuvent \u00eatre ajout\u00e9s \u00e0 vos besoins sp\u00e9cifiques. Gr\u00e2ce aux technologies sans fil ZigBee et Wi-Fi, qui communiquent directement avec les capteurs embarqu\u00e9s sans n\u00e9cessiter de cloud, ZigBoat \u2122 envoie des notifications push en temps r\u00e9el lorsque des \u00e9v\u00e9nements critiques se produisent. En utilisant l&rsquo;application ZigBoat \u2122, vous pouvez v\u00e9rifier les informations sur le bateau surveill\u00e9es par le syst\u00e8me. Avec la cl\u00e9 USB 3G en option (code ZB210), vous pouvez \u00e9galement recevoir une notification par SMS en cas d&rsquo;\u00e9v\u00e9nement critique.<\/p>\n<p>&nbsp;<\/p>\n<p><strong>ZigBoat \u2122 est:<\/strong><\/p>\n<p><strong>PLUG &amp; PLAY<\/strong><\/p>\n<p>ZigBoat \u2122 est facile \u00e0 installer et \u00e0 utiliser. Aucun c\u00e2ble requis.<\/p>\n<p>&nbsp;<\/p>\n<p><strong>TECHNOLOGIE DE DERNI\u00c8RE G\u00c9N\u00c9RATION<\/strong><\/p>\n<p>Bas\u00e9 sur les technologies sans fil WiFi et ZigBee pour une connexion rapide et facile avec les capteurs embarqu\u00e9s et g\u00e9r\u00e9 par l&rsquo;application iOS ou Android ZigBoat \u2122<\/p>\n<p>&nbsp;<\/p>\n<p><strong>S\u00dbR ET FIABLE<\/strong><\/p>\n<p>La passerelle ZigBoat utilise une plate-forme de connexion Peer-to-Peer directe, crypt\u00e9e et en temps r\u00e9el pour communiquer avec vos appareils mobiles (smartphone et tablette) et contr\u00f4ler les bateaux \u00e0 tout moment et en tout lieu.<\/p>\n<p>&nbsp;<\/p>\n<p><strong>FLEXIBLE, MODULAIRE ET \u00c9VOLUTIF<\/strong><\/p>\n<p>ZigBoat offre plusieurs capteurs et fonctionnalit\u00e9s pour r\u00e9pondre \u00e0 vos besoins sp\u00e9cifique. Le syst\u00e8me peut \u00eatre int\u00e9gr\u00e9 et \u00e9tendu avec des capteurs suppl\u00e9mentaires illimit\u00e9s<\/p>\n","protected":false},"excerpt":{"rendered":"<p>Le capteur d&rsquo;alarme de chaleur d\u00e9tecte les niveaux d&rsquo;\u00e9chauffement rapide et de chaleur absolue et vous avertit en cas d&rsquo;\u00e9v\u00e9nement critique. Il peut \u00eatre install\u00e9 l\u00e0 o\u00f9 la fum\u00e9e ou les vapeurs font partie de l&rsquo;atmosph\u00e8re pour \u00e9viter les fausses alarmes. Il est particuli\u00e8rement utile dans les environnements o\u00f9 un d\u00e9tecteur de fum\u00e9e optique traditionnel peut provoquer de fausses d\u00e9tections.<\/p>\n<table>\n<tbody>\n<tr>\n<td><a href=\"http:\/\/www.zigboat.com\/wp-content\/uploads\/2019\/06\/ZigBoat-Heat-alarm-installation-manual.pdf\" target=\"_blank\" rel=\"noopener noreferrer\"><img loading=\"lazy\" class=\"size-full wp-image-346\" src=\"http:\/\/www.zigboat.com\/wp-content\/uploads\/2018\/02\/pdf.png\" alt=\"Owner's Manual\" width=\"100\" height=\"100\" srcset=\"https:\/\/www.zigboat.com\/wp-content\/uploads\/2018\/02\/pdf.png 256w, https:\/\/www.zigboat.com\/wp-content\/uploads\/2018\/02\/pdf-150x150.png 150w, https:\/\/www.zigboat.com\/wp-content\/uploads\/2018\/02\/pdf-100x100.png 100w\" sizes=\"(max-width: 100px) 100vw, 100px\" \/><\/a><\/td>\n<td style=\"vertical-align: middle;\">\n<h5 style=\"margin-top: 40px;\">Manuel d&rsquo;Installation<\/h5>\n<p>&nbsp;<\/td>\n<\/tr>\n<\/tbody>\n<\/table>\n","protected":false},"featured_media":646,"template":"","meta":[],"yoast_head":"<!-- This site is optimized with the Yoast SEO plugin v17.1 - https:\/\/yoast.com\/wordpress\/plugins\/seo\/ -->\n<meta name=\"robots\" content=\"index, follow, max-snippet:-1, max-image-preview:large, max-video-preview:-1\" \/>\n<link rel=\"canonical\" href=\"http:\/\/www.zigboat.com\/fr\/produit\/capteur-de-chaleur\/\" \/>\n<meta property=\"og:locale\" content=\"fr_FR\" \/>\n<meta property=\"og:type\" content=\"article\" \/>\n<meta property=\"og:title\" content=\"Capteur de chaleur - ZigBoat\u2122\" \/>\n<meta property=\"og:description\" content=\"Le capteur d&#039;alarme de chaleur d\u00e9tecte les niveaux d&#039;\u00e9chauffement rapide et de chaleur absolue et vous avertit en cas d&#039;\u00e9v\u00e9nement critique. Il peut \u00eatre install\u00e9 l\u00e0 o\u00f9 la fum\u00e9e ou les vapeurs font partie de l&#039;atmosph\u00e8re pour \u00e9viter les fausses alarmes. Il est particuli\u00e8rement utile dans les environnements o\u00f9 un d\u00e9tecteur de fum\u00e9e optique traditionnel peut provoquer de fausses d\u00e9tections.      Manuel d&#039;Installation &nbsp;\" \/>\n<meta property=\"og:url\" content=\"http:\/\/www.zigboat.com\/fr\/produit\/capteur-de-chaleur\/\" \/>\n<meta property=\"og:site_name\" content=\"ZigBoat\u2122\" \/>\n<meta property=\"article:publisher\" content=\"https:\/\/www.facebook.com\/Glomex\/\" \/>\n<meta property=\"article:modified_time\" content=\"2019-06-10T15:08:40+00:00\" \/>\n<meta property=\"og:image\" content=\"http:\/\/www.zigboat.com\/wp-content\/uploads\/2018\/02\/zigboat-heat-alarm-sensor-5.png\" \/>\n\t<meta property=\"og:image:width\" content=\"1280\" \/>\n\t<meta property=\"og:image:height\" content=\"817\" \/>\n<meta name=\"twitter:card\" content=\"summary_large_image\" \/>\n<meta name=\"twitter:site\" content=\"@glomexmarine\" \/>\n<meta name=\"twitter:label1\" content=\"Dur\u00e9e de lecture est.\" \/>\n\t<meta name=\"twitter:data1\" content=\"1 minute\" \/>\n<script type=\"application\/ld+json\" class=\"yoast-schema-graph\">{\"@context\":\"https:\/\/schema.org\",\"@graph\":[{\"@type\":\"Organization\",\"@id\":\"http:\/\/www.zigboat.com\/fr\/#organization\",\"name\":\"ZigBoat&trade;\",\"url\":\"http:\/\/www.zigboat.com\/fr\/\",\"sameAs\":[\"https:\/\/www.facebook.com\/Glomex\/\",\"https:\/\/twitter.com\/glomexmarine\",\"https:\/\/twitter.com\/glomexmarine\"],\"logo\":{\"@type\":\"ImageObject\",\"@id\":\"http:\/\/www.zigboat.com\/fr\/#logo\",\"inLanguage\":\"fr-FR\",\"url\":\"http:\/\/www.zigboat.com\/wp-content\/uploads\/2018\/02\/Logo-Zigboat-TM.jpg\",\"contentUrl\":\"http:\/\/www.zigboat.com\/wp-content\/uploads\/2018\/02\/Logo-Zigboat-TM.jpg\",\"width\":1024,\"height\":455,\"caption\":\"ZigBoat&trade;\"},\"image\":{\"@id\":\"http:\/\/www.zigboat.com\/fr\/#logo\"}},{\"@type\":\"WebSite\",\"@id\":\"http:\/\/www.zigboat.com\/fr\/#website\",\"url\":\"http:\/\/www.zigboat.com\/fr\/\",\"name\":\"ZigBoat\\u2122\",\"description\":\"ZigBoat&trade; - The Best in Marine Antennas  \",\"publisher\":{\"@id\":\"http:\/\/www.zigboat.com\/fr\/#organization\"},\"potentialAction\":[{\"@type\":\"SearchAction\",\"target\":{\"@type\":\"EntryPoint\",\"urlTemplate\":\"http:\/\/www.zigboat.com\/fr\/?s={search_term_string}\"},\"query-input\":\"required name=search_term_string\"}],\"inLanguage\":\"fr-FR\"},{\"@type\":\"ImageObject\",\"@id\":\"http:\/\/www.zigboat.com\/fr\/produit\/capteur-de-chaleur\/#primaryimage\",\"inLanguage\":\"fr-FR\",\"url\":\"https:\/\/www.zigboat.com\/wp-content\/uploads\/2018\/02\/zigboat-heat-alarm-sensor-5.png\",\"contentUrl\":\"https:\/\/www.zigboat.com\/wp-content\/uploads\/2018\/02\/zigboat-heat-alarm-sensor-5.png\",\"width\":1280,\"height\":817,\"caption\":\"ZigBoat&trade; Capteur de chaleur\"},{\"@type\":\"WebPage\",\"@id\":\"http:\/\/www.zigboat.com\/fr\/produit\/capteur-de-chaleur\/#webpage\",\"url\":\"http:\/\/www.zigboat.com\/fr\/produit\/capteur-de-chaleur\/\",\"name\":\"Capteur de chaleur - ZigBoat\\u2122\",\"isPartOf\":{\"@id\":\"http:\/\/www.zigboat.com\/fr\/#website\"},\"primaryImageOfPage\":{\"@id\":\"http:\/\/www.zigboat.com\/fr\/produit\/capteur-de-chaleur\/#primaryimage\"},\"datePublished\":\"2018-02-21T23:15:23+00:00\",\"dateModified\":\"2019-06-10T15:08:40+00:00\",\"breadcrumb\":{\"@id\":\"http:\/\/www.zigboat.com\/fr\/produit\/capteur-de-chaleur\/#breadcrumb\"},\"inLanguage\":\"fr-FR\",\"potentialAction\":[{\"@type\":\"ReadAction\",\"target\":[\"http:\/\/www.zigboat.com\/fr\/produit\/capteur-de-chaleur\/\"]}]},{\"@type\":\"BreadcrumbList\",\"@id\":\"http:\/\/www.zigboat.com\/fr\/produit\/capteur-de-chaleur\/#breadcrumb\",\"itemListElement\":[{\"@type\":\"ListItem\",\"position\":1,\"name\":\"Home\",\"item\":\"http:\/\/www.zigboat.com\/fr\/\"},{\"@type\":\"ListItem\",\"position\":2,\"name\":\"Products\",\"item\":\"http:\/\/www.zigboat.com\/it\/shop\/\"},{\"@type\":\"ListItem\",\"position\":3,\"name\":\"Capteur de chaleur\"}]}]}<\/script>\n<!-- \/ Yoast SEO plugin. -->","yoast_head_json":{"robots":{"index":"index","follow":"follow","max-snippet":"max-snippet:-1","max-image-preview":"max-image-preview:large","max-video-preview":"max-video-preview:-1"},"canonical":"http:\/\/www.zigboat.com\/fr\/produit\/capteur-de-chaleur\/","og_locale":"fr_FR","og_type":"article","og_title":"Capteur de chaleur - ZigBoat\u2122","og_description":"Le capteur d'alarme de chaleur d\u00e9tecte les niveaux d'\u00e9chauffement rapide et de chaleur absolue et vous avertit en cas d'\u00e9v\u00e9nement critique. Il peut \u00eatre install\u00e9 l\u00e0 o\u00f9 la fum\u00e9e ou les vapeurs font partie de l'atmosph\u00e8re pour \u00e9viter les fausses alarmes. Il est particuli\u00e8rement utile dans les environnements o\u00f9 un d\u00e9tecteur de fum\u00e9e optique traditionnel peut provoquer de fausses d\u00e9tections.      Manuel d'Installation &nbsp;","og_url":"http:\/\/www.zigboat.com\/fr\/produit\/capteur-de-chaleur\/","og_site_name":"ZigBoat\u2122","article_publisher":"https:\/\/www.facebook.com\/Glomex\/","article_modified_time":"2019-06-10T15:08:40+00:00","og_image":[{"width":1280,"height":817,"url":"http:\/\/www.zigboat.com\/wp-content\/uploads\/2018\/02\/zigboat-heat-alarm-sensor-5.png","path":"\/home\/zigboatcuw\/www\/wp-content\/uploads\/2018\/02\/zigboat-heat-alarm-sensor-5.png","size":"full","id":646,"alt":"ZigBoat&trade; Capteur de chaleur","pixels":1045760,"type":"image\/png"}],"twitter_card":"summary_large_image","twitter_site":"@glomexmarine","twitter_misc":{"Dur\u00e9e de lecture est.":"1 minute"},"schema":{"@context":"https:\/\/schema.org","@graph":[{"@type":"Organization","@id":"http:\/\/www.zigboat.com\/fr\/#organization","name":"ZigBoat&trade;","url":"http:\/\/www.zigboat.com\/fr\/","sameAs":["https:\/\/www.facebook.com\/Glomex\/","https:\/\/twitter.com\/glomexmarine","https:\/\/twitter.com\/glomexmarine"],"logo":{"@type":"ImageObject","@id":"http:\/\/www.zigboat.com\/fr\/#logo","inLanguage":"fr-FR","url":"http:\/\/www.zigboat.com\/wp-content\/uploads\/2018\/02\/Logo-Zigboat-TM.jpg","contentUrl":"http:\/\/www.zigboat.com\/wp-content\/uploads\/2018\/02\/Logo-Zigboat-TM.jpg","width":1024,"height":455,"caption":"ZigBoat&trade;"},"image":{"@id":"http:\/\/www.zigboat.com\/fr\/#logo"}},{"@type":"WebSite","@id":"http:\/\/www.zigboat.com\/fr\/#website","url":"http:\/\/www.zigboat.com\/fr\/","name":"ZigBoat\u2122","description":"ZigBoat&trade; - The Best in Marine Antennas  ","publisher":{"@id":"http:\/\/www.zigboat.com\/fr\/#organization"},"potentialAction":[{"@type":"SearchAction","target":{"@type":"EntryPoint","urlTemplate":"http:\/\/www.zigboat.com\/fr\/?s={search_term_string}"},"query-input":"required name=search_term_string"}],"inLanguage":"fr-FR"},{"@type":"ImageObject","@id":"http:\/\/www.zigboat.com\/fr\/produit\/capteur-de-chaleur\/#primaryimage","inLanguage":"fr-FR","url":"https:\/\/www.zigboat.com\/wp-content\/uploads\/2018\/02\/zigboat-heat-alarm-sensor-5.png","contentUrl":"https:\/\/www.zigboat.com\/wp-content\/uploads\/2018\/02\/zigboat-heat-alarm-sensor-5.png","width":1280,"height":817,"caption":"ZigBoat&trade; Capteur de chaleur"},{"@type":"WebPage","@id":"http:\/\/www.zigboat.com\/fr\/produit\/capteur-de-chaleur\/#webpage","url":"http:\/\/www.zigboat.com\/fr\/produit\/capteur-de-chaleur\/","name":"Capteur de chaleur - ZigBoat\u2122","isPartOf":{"@id":"http:\/\/www.zigboat.com\/fr\/#website"},"primaryImageOfPage":{"@id":"http:\/\/www.zigboat.com\/fr\/produit\/capteur-de-chaleur\/#primaryimage"},"datePublished":"2018-02-21T23:15:23+00:00","dateModified":"2019-06-10T15:08:40+00:00","breadcrumb":{"@id":"http:\/\/www.zigboat.com\/fr\/produit\/capteur-de-chaleur\/#breadcrumb"},"inLanguage":"fr-FR","potentialAction":[{"@type":"ReadAction","target":["http:\/\/www.zigboat.com\/fr\/produit\/capteur-de-chaleur\/"]}]},{"@type":"BreadcrumbList","@id":"http:\/\/www.zigboat.com\/fr\/produit\/capteur-de-chaleur\/#breadcrumb","itemListElement":[{"@type":"ListItem","position":1,"name":"Home","item":"http:\/\/www.zigboat.com\/fr\/"},{"@type":"ListItem","position":2,"name":"Products","item":"http:\/\/www.zigboat.com\/it\/shop\/"},{"@type":"ListItem","position":3,"name":"Capteur de chaleur"}]}]}},"_links":{"self":[{"href":"https:\/\/www.zigboat.com\/fr\/wp-json\/wp\/v2\/product\/671"}],"collection":[{"href":"https:\/\/www.zigboat.com\/fr\/wp-json\/wp\/v2\/product"}],"about":[{"href":"https:\/\/www.zigboat.com\/fr\/wp-json\/wp\/v2\/types\/product"}],"wp:featuredmedia":[{"embeddable":true,"href":"https:\/\/www.zigboat.com\/fr\/wp-json\/wp\/v2\/media\/646"}],"wp:attachment":[{"href":"https:\/\/www.zigboat.com\/fr\/wp-json\/wp\/v2\/media?parent=671"}],"curies":[{"name":"wp","href":"https:\/\/api.w.org\/{rel}","templated":true}]}}