{"id":687,"date":"2018-02-21T23:24:38","date_gmt":"2018-02-21T23:24:38","guid":{"rendered":"http:\/\/www.zigboat.com\/product\/video-surveillance\/"},"modified":"2019-10-30T12:58:02","modified_gmt":"2019-10-30T12:58:02","slug":"videosurveillance","status":"publish","type":"product","link":"https:\/\/www.zigboat.com\/fr\/produit\/videosurveillance\/","title":{"rendered":"Vid\u00e9o surveillance CamBoat\u2122"},"content":{"rendered":"<p>Gardez votre bateau pr\u00e8s de vous avec les cam\u00e9ras de s\u00e9curit\u00e9 Glomex.<\/p>\n<p><strong>S\u00c9CURIT\u00c9 EN TEMPS R\u00c9EL <\/strong><\/p>\n<p>CamBoat\u2122\u00a0est la vid\u00e9osurveillance Glomex qui vous permet de surveiller en HD les zones internes et externes de votre bateau \u00e0 distance, o\u00f9 que vous soyez et \u00e0 tout moment via l\u2019application gratuite pour les appareils iOS et Android, utilisant une <strong>connexion 1-to-1 enti\u00e8rement prot\u00e9g\u00e9e, crypt\u00e9e<\/strong><strong>et sans abonnement<\/strong>. La cam\u00e9ra peut enregistrer des vid\u00e9os en cas de mouvements, gr\u00e2ce au capteur interne. Les vid\u00e9os sont automatiquement enregistr\u00e9es sur la carte SD int\u00e9gr\u00e9e et ne sont stock\u00e9es dans <strong>aucun cloud<\/strong>, ce qui garantit le respect de votre <strong>vie priv\u00e9e \u00e0 100%, s\u00e9curit\u00e9 et tranquillit\u00e9.<\/strong><\/p>\n<p>&nbsp;<\/p>\n<p><strong>Caract\u00e9ristiques principales:<\/strong><\/p>\n<p>Vie priv\u00e9e \u00e0 100%, transmission vid\u00e9o 1-to-1 directe, crypt\u00e9e et en temps r\u00e9el<\/p>\n<p>Qualit\u00e9 HD<\/p>\n<p>Sans cloud<\/p>\n<p>Sans abonnement \/ Sans co\u00fbt mensuel<\/p>\n<p>Vision nocturne jusqu\u2019\u00e0 15 m<\/p>\n<p>Enregistrement automatique en cas de mouvements, gr\u00e2ce au capteur int\u00e9gr\u00e9<\/p>\n<p>Microphone int\u00e9gr\u00e9<\/p>\n<p>Carte SD fournie<\/p>\n<p>Application iOS et Android gratuite<\/p>\n<p>Facile \u00e0 installer et \u00e0 utiliser<\/p>\n<p>Pour une installation int\u00e9rieure et ext\u00e9rieure<\/p>\n<p>Camboat\u2122 es compatible avec le syst\u00e8me ZigBoat\u2122:<\/p>\n<p>Les cam\u00e9ras de s\u00e9curit\u00e9 Glomex Wi-Fi HD IP peuvent \u00eatre int\u00e9gr\u00e9es au ZigBoat. Ce syst\u00e8me de surveillance \u00e0 distance et interactif 100% sans fil assurera la s\u00e9curit\u00e9 et la tranquillit\u00e9 d&rsquo;esprit sur votre bateau.<\/p>\n<p>&nbsp;<\/p>\n<p>VIE PRIV\u00c9E \u00c0 100%<\/p>\n<p>La connexion 1-to-1 (peer-to-peer) a \u00e9t\u00e9 sp\u00e9cialement d\u00e9velopp\u00e9e par Glomex pour assurer une diffusion vid\u00e9o en continu, crypt\u00e9e, transparente et en temps r\u00e9el sur votre appareil mobile.<\/p>\n<p>&nbsp;<\/p>\n<p><strong>SP\u00c9CIFICATIONS TECHNIQUES<\/strong><\/p>\n<p>Code: GLVS100<\/p>\n<p><strong><em>Vid\u00e9o<\/em><\/strong><\/p>\n<p>R\u00e9solution: 720p HD &#8211; 1 MegaPixel<\/p>\n<p>Format: H.264<\/p>\n<p>Champ de vision: 80\u00b0<\/p>\n<p>Imaginez le capteur: \u00bc\u00a0\u00bb CMOS<\/p>\n<p>Vision nocturne: distance IR jusqu&rsquo;\u00e0 15 m<\/p>\n<p>Enregistrement vid\u00e9o sur la carte SD fournie<\/p>\n<p>Microphone int\u00e9gr\u00e9<\/p>\n<p><strong><em>\u00a0<\/em><\/strong><\/p>\n<p><strong><em>Sans fil<\/em><\/strong><\/p>\n<p>Fr\u00e9quence: 2,4 GHz<\/p>\n<p>Compatible Wi-Fi 802.11 b\/g\/n<\/p>\n<p>WEP, WPA et WPA2<\/p>\n<p>&nbsp;<\/p>\n<p><strong><em>D\u00e9tection de mouvement<\/em><\/strong><\/p>\n<p>D\u00e9marre l&rsquo;enregistrement vid\u00e9o sur la carte SD int\u00e9gr\u00e9e lorsqu&rsquo;un mouvement est d\u00e9tect\u00e9<\/p>\n<p>&nbsp;<\/p>\n<p><strong><em>Exigences<\/em><\/strong><\/p>\n<p>Connexion Internet<\/p>\n<p>Connexion Wi-Fi \/ Connexion LAN<\/p>\n<p>Alimentation: 12 Vdc<\/p>\n<p>Consommation Amp.: max 230mA<\/p>\n<p>&nbsp;<\/p>\n<p><strong><em>\u00c9tanche<\/em><\/strong><\/p>\n<p>Temp\u00e9rature de fonctionnement: -10\u00b0 C \u00e0 50\u00b0 C<\/p>\n<p>Classe IP: IP65<\/p>\n<p>&nbsp;<\/p>\n<table>\n<tbody>\n<tr>\n<td><a href=\"http:\/\/glomex.it\/leisure\/front\/upload\/Glomex_CamBoat_usermanual_eng.pdf\" target=\"_blank\" rel=\"noopener noreferrer\"><img loading=\"lazy\" class=\"alignnone wp-image-346 \" src=\"http:\/\/www.zigboat.com\/wp-content\/uploads\/2018\/02\/pdf.png\" alt=\"Owner's Manual\" width=\"97\" height=\"97\" srcset=\"https:\/\/www.zigboat.com\/wp-content\/uploads\/2018\/02\/pdf.png 256w, https:\/\/www.zigboat.com\/wp-content\/uploads\/2018\/02\/pdf-150x150.png 150w, https:\/\/www.zigboat.com\/wp-content\/uploads\/2018\/02\/pdf-100x100.png 100w\" sizes=\"(max-width: 97px) 100vw, 97px\" \/><\/a><\/td>\n<td style=\"vertical-align: middle\">\n<h5 style=\"margin-top: 40px\"><a href=\"http:\/\/glomex.it\/leisure\/front\/upload\/Glomex_CamBoat_usermanual_eng.pdf\" target=\"_blank\" rel=\"noopener noreferrer\">Manuel utilisateur<\/a><\/h5>\n<p>&nbsp;<\/td>\n<\/tr>\n<\/tbody>\n<\/table>\n<p>&nbsp;<\/p>\n<table>\n<tbody>\n<tr>\n<td><a href=\"http:\/\/www.zigboat.com\/wp-content\/uploads\/2019\/06\/CamBoat-quick-reference-guide.pdf\" target=\"_blank\" rel=\"noopener noreferrer\"><img loading=\"lazy\" class=\"size-full wp-image-346\" src=\"http:\/\/www.zigboat.com\/wp-content\/uploads\/2018\/02\/pdf.png\" alt=\"Owner's Manual\" width=\"100\" height=\"100\" srcset=\"https:\/\/www.zigboat.com\/wp-content\/uploads\/2018\/02\/pdf.png 256w, https:\/\/www.zigboat.com\/wp-content\/uploads\/2018\/02\/pdf-150x150.png 150w, https:\/\/www.zigboat.com\/wp-content\/uploads\/2018\/02\/pdf-100x100.png 100w\" sizes=\"(max-width: 100px) 100vw, 100px\" \/><\/a><\/td>\n<td style=\"vertical-align: middle\">\n<h5 style=\"margin-top: 40px\"><a href=\"http:\/\/www.zigboat.com\/wp-content\/uploads\/2019\/06\/CamBoat-quick-reference-guide.pdf\" target=\"_blank\" rel=\"noopener noreferrer\">Guide rapide<\/a><\/h5>\n<\/td>\n<\/tr>\n<\/tbody>\n<\/table>\n","protected":false},"excerpt":{"rendered":"<p>CamBoat\u2122 est la cam\u00e9ra de s\u00e9curit\u00e9 Glomex <strong>Wi-Fi HD IP\u00a0<\/strong>qui surveille la zone \u00e0 distance o\u00f9 que vous soyez et \u00e0 tout moment, assurant s\u00e9curit\u00e9, tranquillit\u00e9 d&rsquo;esprit et la vie priv\u00e9e \u00e0 100%.<\/p>\n<table>\n<tbody>\n<tr>\n<td><img loading=\"lazy\" class=\"size-full wp-image-346\" src=\"http:\/\/www.zigboat.com\/wp-content\/uploads\/2018\/07\/app_logo1.png\" alt=\"CamBoat\u2122\" width=\"161\" height=\"171\" \/><\/td>\n<td style=\"vertical-align: middle\"><a href=\"https:\/\/itunes.apple.com\/us\/app\/camboat\/id1403407369?ls=1&amp;mt=8\" target=\"_blank\" rel=\"noopener noreferrer\"><img loading=\"lazy\" class=\"size-full wp-image-346\" src=\"http:\/\/www.zigboat.com\/wp-content\/uploads\/2018\/07\/app_logo2.png\" alt=\"CamBoat\u2122 - Apple Store\" width=\"200\" height=\"61\" \/><\/a><br \/>\n<a href=\"https:\/\/itunes.apple.com\/us\/app\/camboat\/id1403407369?ls=1&amp;mt=8\" target=\"_blank\" rel=\"noopener noreferrer\"><img loading=\"lazy\" class=\"size-full wp-image-346\" src=\"http:\/\/www.zigboat.com\/wp-content\/uploads\/2018\/07\/app_logo3.png\" alt=\"CamBoat\u2122 - Google Play Store\" width=\"201\" height=\"68\" \/><\/a><\/td>\n<\/tr>\n<\/tbody>\n<\/table>\n<p>&nbsp;<\/p>\n<table>\n<tbody>\n<tr>\n<td><a href=\"http:\/\/glomex.it\/leisure\/front\/upload\/Glomex_CamBoat_usermanual_eng.pdf\" target=\"_blank\" rel=\"noopener noreferrer\"><img loading=\"lazy\" class=\"alignnone wp-image-346 \" src=\"http:\/\/www.zigboat.com\/wp-content\/uploads\/2018\/02\/pdf.png\" alt=\"Owner's Manual\" width=\"97\" height=\"97\" srcset=\"https:\/\/www.zigboat.com\/wp-content\/uploads\/2018\/02\/pdf.png 256w, https:\/\/www.zigboat.com\/wp-content\/uploads\/2018\/02\/pdf-150x150.png 150w, https:\/\/www.zigboat.com\/wp-content\/uploads\/2018\/02\/pdf-100x100.png 100w\" sizes=\"(max-width: 97px) 100vw, 97px\" \/><\/a><\/td>\n<td style=\"vertical-align: middle\">\n<h5 style=\"margin-top: 40px\"><a href=\"http:\/\/glomex.it\/leisure\/front\/upload\/Glomex_CamBoat_usermanual_eng.pdf\" target=\"_blank\" rel=\"noopener noreferrer\">Manuel utilisateur<\/a><\/h5>\n<p>&nbsp;<\/td>\n<\/tr>\n<\/tbody>\n<\/table>\n<p>&nbsp;<\/p>\n<table>\n<tbody>\n<tr>\n<td><a href=\"http:\/\/www.zigboat.com\/wp-content\/uploads\/2019\/06\/CamBoat-quick-reference-guide.pdf\" target=\"_blank\" rel=\"noopener noreferrer\"><img loading=\"lazy\" class=\"size-full wp-image-346\" src=\"http:\/\/www.zigboat.com\/wp-content\/uploads\/2018\/02\/pdf.png\" alt=\"Owner's Manual\" width=\"100\" height=\"100\" srcset=\"https:\/\/www.zigboat.com\/wp-content\/uploads\/2018\/02\/pdf.png 256w, https:\/\/www.zigboat.com\/wp-content\/uploads\/2018\/02\/pdf-150x150.png 150w, https:\/\/www.zigboat.com\/wp-content\/uploads\/2018\/02\/pdf-100x100.png 100w\" sizes=\"(max-width: 100px) 100vw, 100px\" \/><\/a><\/td>\n<td style=\"vertical-align: middle\">\n<h5 style=\"margin-top: 40px\"><a href=\"http:\/\/www.zigboat.com\/wp-content\/uploads\/2019\/06\/CamBoat-quick-reference-guide.pdf\" target=\"_blank\" rel=\"noopener noreferrer\">Guide rapide<\/a><\/h5>\n<\/td>\n<\/tr>\n<\/tbody>\n<\/table>\n","protected":false},"featured_media":1084,"template":"","meta":[],"yoast_head":"<!-- This site is optimized with the Yoast SEO plugin v17.1 - https:\/\/yoast.com\/wordpress\/plugins\/seo\/ -->\n<meta name=\"description\" content=\"CamBoat\u2122 is the Glomex Wi-Fi HD IP security camera that monitors the area remotely wherever you are and at any time , ensuring safety, peace of mind and 100% privacy.\" \/>\n<meta name=\"robots\" content=\"index, follow, max-snippet:-1, max-image-preview:large, max-video-preview:-1\" \/>\n<link rel=\"canonical\" href=\"http:\/\/www.zigboat.com\/fr\/produit\/videosurveillance\/\" \/>\n<meta property=\"og:locale\" content=\"fr_FR\" \/>\n<meta property=\"og:type\" content=\"article\" \/>\n<meta property=\"og:title\" content=\"Vid\u00e9o surveillance CamBoat\u2122 - ZigBoat\u2122\" \/>\n<meta property=\"og:description\" content=\"CamBoat\u2122 is the Glomex Wi-Fi HD IP security camera that monitors the area remotely wherever you are and at any time , ensuring safety, peace of mind and 100% privacy.\" \/>\n<meta property=\"og:url\" content=\"http:\/\/www.zigboat.com\/fr\/produit\/videosurveillance\/\" \/>\n<meta property=\"og:site_name\" content=\"ZigBoat\u2122\" \/>\n<meta property=\"article:publisher\" content=\"https:\/\/www.facebook.com\/Glomex\/\" \/>\n<meta property=\"article:modified_time\" content=\"2019-10-30T12:58:02+00:00\" \/>\n<meta property=\"og:image\" content=\"https:\/\/www.zigboat.com\/wp-content\/uploads\/2018\/08\/Glomex-CamBoat.jpg\" \/>\n\t<meta property=\"og:image:width\" content=\"900\" \/>\n\t<meta property=\"og:image:height\" content=\"908\" \/>\n<meta name=\"twitter:card\" content=\"summary_large_image\" \/>\n<meta name=\"twitter:site\" content=\"@glomexmarine\" \/>\n<meta name=\"twitter:label1\" content=\"Dur\u00e9e de lecture est.\" \/>\n\t<meta name=\"twitter:data1\" content=\"2 minutes\" \/>\n<script type=\"application\/ld+json\" class=\"yoast-schema-graph\">{\"@context\":\"https:\/\/schema.org\",\"@graph\":[{\"@type\":\"Organization\",\"@id\":\"http:\/\/www.zigboat.com\/fr\/#organization\",\"name\":\"ZigBoat&trade;\",\"url\":\"http:\/\/www.zigboat.com\/fr\/\",\"sameAs\":[\"https:\/\/www.facebook.com\/Glomex\/\",\"https:\/\/twitter.com\/glomexmarine\",\"https:\/\/twitter.com\/glomexmarine\"],\"logo\":{\"@type\":\"ImageObject\",\"@id\":\"http:\/\/www.zigboat.com\/fr\/#logo\",\"inLanguage\":\"fr-FR\",\"url\":\"http:\/\/www.zigboat.com\/wp-content\/uploads\/2018\/02\/Logo-Zigboat-TM.jpg\",\"contentUrl\":\"http:\/\/www.zigboat.com\/wp-content\/uploads\/2018\/02\/Logo-Zigboat-TM.jpg\",\"width\":1024,\"height\":455,\"caption\":\"ZigBoat&trade;\"},\"image\":{\"@id\":\"http:\/\/www.zigboat.com\/fr\/#logo\"}},{\"@type\":\"WebSite\",\"@id\":\"http:\/\/www.zigboat.com\/fr\/#website\",\"url\":\"http:\/\/www.zigboat.com\/fr\/\",\"name\":\"ZigBoat\\u2122\",\"description\":\"ZigBoat&trade; - The Best in Marine Antennas  \",\"publisher\":{\"@id\":\"http:\/\/www.zigboat.com\/fr\/#organization\"},\"potentialAction\":[{\"@type\":\"SearchAction\",\"target\":{\"@type\":\"EntryPoint\",\"urlTemplate\":\"http:\/\/www.zigboat.com\/fr\/?s={search_term_string}\"},\"query-input\":\"required name=search_term_string\"}],\"inLanguage\":\"fr-FR\"},{\"@type\":\"ImageObject\",\"@id\":\"http:\/\/www.zigboat.com\/fr\/produit\/videosurveillance\/#primaryimage\",\"inLanguage\":\"fr-FR\",\"url\":\"https:\/\/www.zigboat.com\/wp-content\/uploads\/2018\/08\/Glomex-CamBoat.jpg\",\"contentUrl\":\"https:\/\/www.zigboat.com\/wp-content\/uploads\/2018\/08\/Glomex-CamBoat.jpg\",\"width\":900,\"height\":908},{\"@type\":\"WebPage\",\"@id\":\"http:\/\/www.zigboat.com\/fr\/produit\/videosurveillance\/#webpage\",\"url\":\"http:\/\/www.zigboat.com\/fr\/produit\/videosurveillance\/\",\"name\":\"Vid\\u00e9o surveillance CamBoat\\u2122 - ZigBoat\\u2122\",\"isPartOf\":{\"@id\":\"http:\/\/www.zigboat.com\/fr\/#website\"},\"primaryImageOfPage\":{\"@id\":\"http:\/\/www.zigboat.com\/fr\/produit\/videosurveillance\/#primaryimage\"},\"datePublished\":\"2018-02-21T23:24:38+00:00\",\"dateModified\":\"2019-10-30T12:58:02+00:00\",\"description\":\"CamBoat\\u2122 is the Glomex Wi-Fi HD IP security camera that monitors the area remotely wherever you are and at any time , ensuring safety, peace of mind and 100% privacy.\",\"breadcrumb\":{\"@id\":\"http:\/\/www.zigboat.com\/fr\/produit\/videosurveillance\/#breadcrumb\"},\"inLanguage\":\"fr-FR\",\"potentialAction\":[{\"@type\":\"ReadAction\",\"target\":[\"http:\/\/www.zigboat.com\/fr\/produit\/videosurveillance\/\"]}]},{\"@type\":\"BreadcrumbList\",\"@id\":\"http:\/\/www.zigboat.com\/fr\/produit\/videosurveillance\/#breadcrumb\",\"itemListElement\":[{\"@type\":\"ListItem\",\"position\":1,\"name\":\"Home\",\"item\":\"http:\/\/www.zigboat.com\/fr\/\"},{\"@type\":\"ListItem\",\"position\":2,\"name\":\"Products\",\"item\":\"http:\/\/www.zigboat.com\/it\/shop\/\"},{\"@type\":\"ListItem\",\"position\":3,\"name\":\"Vid\\u00e9o surveillance CamBoat\\u2122\"}]}]}<\/script>\n<!-- \/ Yoast SEO plugin. -->","yoast_head_json":{"description":"CamBoat\u2122 is the Glomex Wi-Fi HD IP security camera that monitors the area remotely wherever you are and at any time , ensuring safety, peace of mind and 100% privacy.","robots":{"index":"index","follow":"follow","max-snippet":"max-snippet:-1","max-image-preview":"max-image-preview:large","max-video-preview":"max-video-preview:-1"},"canonical":"http:\/\/www.zigboat.com\/fr\/produit\/videosurveillance\/","og_locale":"fr_FR","og_type":"article","og_title":"Vid\u00e9o surveillance CamBoat\u2122 - ZigBoat\u2122","og_description":"CamBoat\u2122 is the Glomex Wi-Fi HD IP security camera that monitors the area remotely wherever you are and at any time , ensuring safety, peace of mind and 100% privacy.","og_url":"http:\/\/www.zigboat.com\/fr\/produit\/videosurveillance\/","og_site_name":"ZigBoat\u2122","article_publisher":"https:\/\/www.facebook.com\/Glomex\/","article_modified_time":"2019-10-30T12:58:02+00:00","og_image":[{"width":900,"height":908,"url":"https:\/\/www.zigboat.com\/wp-content\/uploads\/2018\/08\/Glomex-CamBoat.jpg","path":"\/home\/zigboatcuw\/www\/wp-content\/uploads\/2018\/08\/Glomex-CamBoat.jpg","size":"full","id":1084,"alt":"","pixels":817200,"type":"image\/jpeg"}],"twitter_card":"summary_large_image","twitter_site":"@glomexmarine","twitter_misc":{"Dur\u00e9e de lecture est.":"2 minutes"},"schema":{"@context":"https:\/\/schema.org","@graph":[{"@type":"Organization","@id":"http:\/\/www.zigboat.com\/fr\/#organization","name":"ZigBoat&trade;","url":"http:\/\/www.zigboat.com\/fr\/","sameAs":["https:\/\/www.facebook.com\/Glomex\/","https:\/\/twitter.com\/glomexmarine","https:\/\/twitter.com\/glomexmarine"],"logo":{"@type":"ImageObject","@id":"http:\/\/www.zigboat.com\/fr\/#logo","inLanguage":"fr-FR","url":"http:\/\/www.zigboat.com\/wp-content\/uploads\/2018\/02\/Logo-Zigboat-TM.jpg","contentUrl":"http:\/\/www.zigboat.com\/wp-content\/uploads\/2018\/02\/Logo-Zigboat-TM.jpg","width":1024,"height":455,"caption":"ZigBoat&trade;"},"image":{"@id":"http:\/\/www.zigboat.com\/fr\/#logo"}},{"@type":"WebSite","@id":"http:\/\/www.zigboat.com\/fr\/#website","url":"http:\/\/www.zigboat.com\/fr\/","name":"ZigBoat\u2122","description":"ZigBoat&trade; - The Best in Marine Antennas  ","publisher":{"@id":"http:\/\/www.zigboat.com\/fr\/#organization"},"potentialAction":[{"@type":"SearchAction","target":{"@type":"EntryPoint","urlTemplate":"http:\/\/www.zigboat.com\/fr\/?s={search_term_string}"},"query-input":"required name=search_term_string"}],"inLanguage":"fr-FR"},{"@type":"ImageObject","@id":"http:\/\/www.zigboat.com\/fr\/produit\/videosurveillance\/#primaryimage","inLanguage":"fr-FR","url":"https:\/\/www.zigboat.com\/wp-content\/uploads\/2018\/08\/Glomex-CamBoat.jpg","contentUrl":"https:\/\/www.zigboat.com\/wp-content\/uploads\/2018\/08\/Glomex-CamBoat.jpg","width":900,"height":908},{"@type":"WebPage","@id":"http:\/\/www.zigboat.com\/fr\/produit\/videosurveillance\/#webpage","url":"http:\/\/www.zigboat.com\/fr\/produit\/videosurveillance\/","name":"Vid\u00e9o surveillance CamBoat\u2122 - ZigBoat\u2122","isPartOf":{"@id":"http:\/\/www.zigboat.com\/fr\/#website"},"primaryImageOfPage":{"@id":"http:\/\/www.zigboat.com\/fr\/produit\/videosurveillance\/#primaryimage"},"datePublished":"2018-02-21T23:24:38+00:00","dateModified":"2019-10-30T12:58:02+00:00","description":"CamBoat\u2122 is the Glomex Wi-Fi HD IP security camera that monitors the area remotely wherever you are and at any time , ensuring safety, peace of mind and 100% privacy.","breadcrumb":{"@id":"http:\/\/www.zigboat.com\/fr\/produit\/videosurveillance\/#breadcrumb"},"inLanguage":"fr-FR","potentialAction":[{"@type":"ReadAction","target":["http:\/\/www.zigboat.com\/fr\/produit\/videosurveillance\/"]}]},{"@type":"BreadcrumbList","@id":"http:\/\/www.zigboat.com\/fr\/produit\/videosurveillance\/#breadcrumb","itemListElement":[{"@type":"ListItem","position":1,"name":"Home","item":"http:\/\/www.zigboat.com\/fr\/"},{"@type":"ListItem","position":2,"name":"Products","item":"http:\/\/www.zigboat.com\/it\/shop\/"},{"@type":"ListItem","position":3,"name":"Vid\u00e9o surveillance CamBoat\u2122"}]}]}},"_links":{"self":[{"href":"https:\/\/www.zigboat.com\/fr\/wp-json\/wp\/v2\/product\/687"}],"collection":[{"href":"https:\/\/www.zigboat.com\/fr\/wp-json\/wp\/v2\/product"}],"about":[{"href":"https:\/\/www.zigboat.com\/fr\/wp-json\/wp\/v2\/types\/product"}],"wp:featuredmedia":[{"embeddable":true,"href":"https:\/\/www.zigboat.com\/fr\/wp-json\/wp\/v2\/media\/1084"}],"wp:attachment":[{"href":"https:\/\/www.zigboat.com\/fr\/wp-json\/wp\/v2\/media?parent=687"}],"curies":[{"name":"wp","href":"https:\/\/api.w.org\/{rel}","templated":true}]}}