{"id":1154,"date":"2018-11-27T13:26:05","date_gmt":"2018-11-27T13:26:07","guid":{"rendered":"http:\/\/www.zigboat.com\/?post_type=product&#038;p=1154"},"modified":"2021-08-27T13:02:16","modified_gmt":"2021-08-27T13:02:16","slug":"zigboat-connectivity-kit-it","status":"publish","type":"product","link":"https:\/\/www.zigboat.com\/it\/prodotto\/zigboat-connectivity-kit-it\/","title":{"rendered":"ZigBoat\u2122 \u2013 4G Connectivity Kit"},"content":{"rendered":"<p>ZigBoat \u00e8 un innovativo sistema wireless ZigBee \/ WiFi, senza cloud, per il monitoraggio e l&#8217;interazione con la tua barca sia da remoto che a bordo, garantendo sicurezza e tranquillit\u00e0 senza costi o abbonamenti mensili. ZigBoat \u00e8 costituito da un modulo principale (Gateway) e una serie di sensori standard e opzionali che possono essere aggiunti alle tue esigenze specifiche. Grazie alle tecnologie wireless ZigBee e Wi-Fi, che hanno una comunicazione diretta con i sensori di bordo senza la necessit\u00e0 di un cloud, ZigBoat invia notifiche push in tempo reale quando si verificano eventi critici. Utilizzando l&#8217;app ZigBoat, \u00e8 possibile controllare le informazioni dell&#8217;imbarcazione monitorate dal sistema. Con la chiavetta USB 3G, \u00e8 possibile ricevere anche notifiche via SMS in caso di evento critico.<\/p>\n<p>Questo kit contiene un gateway, un sensore batteria, un sensore acqua in sentina, il device 4G e batterie a lunga durata per sensori:<\/p>\n<p>GATEWAY<\/p>\n<p>\u00c8 il modulo principale del sistema ZigBoat. \u00c8 una piattaforma aperta che pu\u00f2 essere integrata con illimitati sensori e funzionalit\u00e0 ZigBoat aggiuntivi. Se connesso a Internet (utilizzando ad esempio il device ZigBoat 4G Link fornito o il weBBoat 4G Lite o un WiFi locale), invia notifiche push sul tuo dispositivo mobile.<\/p>\n<p>ZIGBOAT 4G LINK<\/p>\n<p>Dispositivo 4G per collegare ad internet il gateway dello ZigBoat, ricevere notifiche push e SMS (scheda SIM non inclusa).<\/p>\n<p>SENSORE BATTERIA<\/p>\n<p>Il sensore batteria ZigBoat &#8482; monitora la tensione della batteria sia a 12V sia a 24V e, se scende sotto un livello predefinito, invia notifiche push.<\/p>\n<p>SENSORE ACQUA IN SENTINA<\/p>\n<p>Sarete immediatamente informati se la barca sta imbarcando acqua. Inoltre, l&#8217;allarme ha una sirena incorporata che suoner\u00e0 quando viene rilevata l&#8217;acqua.<\/p>\n<p>ZigBoat(tm) \u00e8:<\/p>\n<p>PLUG &amp; PLAY<\/p>\n<p>ZigBoat(tm) \u00e8 facile da installare e utilizzare. Nessun cavo necessario.<\/p>\n<p>ULTIMA TECNOLOGIA DI GENERAZIONE<\/p>\n<p>Basato sulle tecnologie wireless WiFi e ZigBee per una connessione rapida e semplice con i sensori di bordo. Gestito dall&#8217;app ZigBoat(tm) per i dispositivi iOS o Android<\/p>\n<p>SICURO E AFFIDABILE<\/p>\n<p>Il gateway ZigBoat(tm) utilizza la piattaforma di connessione Peer-to-Peer diretta, crittografata e in tempo reale per comunicare con i i dispositivi mobili (smartphone e tablet) e avere il controllo della barca sempre e ovunque nel rispetto della vostra privacy<\/p>\n<p>FLESSIBILE, MODULARE ED EVOLUTIVO<\/p>\n<p>ZigBoat(tm) offre diversi sensori e funzionalit\u00e0 per soddisfare le vostre esigenze. Il sistema pu\u00f2 essere integrato e ampliato con sensori aggiuntivi illimitati<\/p>\n<table>\n<tbody>\n<tr>\n<td><a href=\"http:\/\/www.zigboat.com\/wp-content\/uploads\/2019\/06\/ZigBoat-Quick-Reference-Guide.pdf\" target=\"_blank\" rel=\"noopener noreferrer\"><img loading=\"lazy\" class=\"alignnone wp-image-565 size-thumbnail\" src=\"http:\/\/www.zigboat.com\/wp-content\/uploads\/2018\/02\/pdf-150x150.png\" alt=\"Owner's Manual\" width=\"150\" height=\"150\" srcset=\"https:\/\/www.zigboat.com\/wp-content\/uploads\/2018\/02\/pdf-150x150.png 150w, https:\/\/www.zigboat.com\/wp-content\/uploads\/2018\/02\/pdf-100x100.png 100w, https:\/\/www.zigboat.com\/wp-content\/uploads\/2018\/02\/pdf.png 256w\" sizes=\"(max-width: 150px) 100vw, 150px\" \/><\/a><\/td>\n<td style=\"vertical-align: middle;\">\n<h5 style=\"margin-top: 40px;\">Owner&#8217;s Manual<\/h5>\n<p>&nbsp;<\/td>\n<\/tr>\n<\/tbody>\n<\/table>\n","protected":false},"excerpt":{"rendered":"<p>Il sistema di sorveglianza 100% wireless per monitorare e interagire con la tua barca da remoto tramite l&#8217;App gratuita senza canoni mensili o abbonamenti. Questo kit ZigBoat ti consente di ricevere notifiche SMS e di connettere il gateway ZigBoat a Internet per le notifiche push (SIM Card non inclusa). Questo kit contiene un Gateway, un device 4G per la connettivit\u00e0 4G, un sensore di batteria, un sensore di allagamento in sentina e batterie a lunga durata, fino a 5 anni, garantendo sicurezza e tranquillit\u00e0. il modulo principale del sistema ZigBoat\u2122. \u00c8 una piattaforma aperta che pu\u00f2 essere integrata con illimitati sensori e funzionalit\u00e0 ZigBoat aggiuntivi.<\/p>\n<table>\n<tbody>\n<tr>\n<td><a href=\"http:\/\/www.zigboat.com\/wp-content\/uploads\/2019\/06\/ZigBoat-Quick-Reference-Guide.pdf\" target=\"_blank\" rel=\"noopener noreferrer\"><img loading=\"lazy\" class=\"alignnone wp-image-346 size-full\" src=\"http:\/\/www.zigboat.com\/wp-content\/uploads\/2018\/02\/pdf.png\" alt=\"Manuale di Installazione\" width=\"100\" height=\"100\" srcset=\"https:\/\/www.zigboat.com\/wp-content\/uploads\/2018\/02\/pdf.png 256w, https:\/\/www.zigboat.com\/wp-content\/uploads\/2018\/02\/pdf-150x150.png 150w, https:\/\/www.zigboat.com\/wp-content\/uploads\/2018\/02\/pdf-100x100.png 100w\" sizes=\"(max-width: 100px) 100vw, 100px\" \/><\/a><\/td>\n<td style=\"vertical-align: middle;\">\n<h5 style=\"margin-top: 40px;\">Manuale di Installazione<\/h5>\n<p>&nbsp;<\/td>\n<\/tr>\n<\/tbody>\n<\/table>\n","protected":false},"featured_media":1386,"template":"","meta":[],"yoast_head":"<!-- This site is optimized with the Yoast SEO plugin v17.1 - https:\/\/yoast.com\/wordpress\/plugins\/seo\/ -->\n<meta name=\"robots\" content=\"index, follow, max-snippet:-1, max-image-preview:large, max-video-preview:-1\" \/>\n<link rel=\"canonical\" href=\"http:\/\/www.zigboat.com\/it\/prodotto\/zigboat-connectivity-kit-it\/\" \/>\n<meta property=\"og:locale\" content=\"it_IT\" \/>\n<meta property=\"og:type\" content=\"article\" \/>\n<meta property=\"og:title\" content=\"ZigBoat\u2122 \u2013 4G Connectivity Kit - ZigBoat\u2122\" \/>\n<meta property=\"og:description\" content=\"Il sistema di sorveglianza 100% wireless per monitorare e interagire con la tua barca da remoto tramite l&#039;App gratuita senza canoni mensili o abbonamenti. Questo kit ZigBoat ti consente di ricevere notifiche SMS e di connettere il gateway ZigBoat a Internet per le notifiche push (SIM Card non inclusa). Questo kit contiene un Gateway, un device 4G per la connettivit\u00e0 4G, un sensore di batteria, un sensore di allagamento in sentina e batterie a lunga durata, fino a 5 anni, garantendo sicurezza e tranquillit\u00e0. il modulo principale del sistema ZigBoat\u2122. \u00c8 una piattaforma aperta che pu\u00f2 essere integrata con illimitati sensori e funzionalit\u00e0 ZigBoat aggiuntivi.      Manuale di Installazione &nbsp;\" \/>\n<meta property=\"og:url\" content=\"http:\/\/www.zigboat.com\/it\/prodotto\/zigboat-connectivity-kit-it\/\" \/>\n<meta property=\"og:site_name\" content=\"ZigBoat\u2122\" \/>\n<meta property=\"article:publisher\" content=\"https:\/\/www.facebook.com\/Glomex\/\" \/>\n<meta property=\"article:modified_time\" content=\"2021-08-27T13:02:16+00:00\" \/>\n<meta property=\"og:image\" content=\"http:\/\/www.zigboat.com\/wp-content\/uploads\/2018\/11\/ZigBoat-Connectivity-kit_2019-1.jpg\" \/>\n\t<meta property=\"og:image:width\" content=\"1920\" \/>\n\t<meta property=\"og:image:height\" content=\"1174\" \/>\n<meta name=\"twitter:card\" content=\"summary_large_image\" \/>\n<meta name=\"twitter:site\" content=\"@glomexmarine\" \/>\n<meta name=\"twitter:label1\" content=\"Tempo di lettura stimato\" \/>\n\t<meta name=\"twitter:data1\" content=\"2 minuti\" \/>\n<script type=\"application\/ld+json\" class=\"yoast-schema-graph\">{\"@context\":\"https:\/\/schema.org\",\"@graph\":[{\"@type\":\"Organization\",\"@id\":\"https:\/\/www.zigboat.com\/#organization\",\"name\":\"ZigBoat&trade;\",\"url\":\"https:\/\/www.zigboat.com\/\",\"sameAs\":[\"https:\/\/www.facebook.com\/Glomex\/\",\"https:\/\/twitter.com\/glomexmarine\",\"https:\/\/twitter.com\/glomexmarine\"],\"logo\":{\"@type\":\"ImageObject\",\"@id\":\"https:\/\/www.zigboat.com\/#logo\",\"inLanguage\":\"it-IT\",\"url\":\"http:\/\/www.zigboat.com\/wp-content\/uploads\/2018\/02\/Logo-Zigboat-TM.jpg\",\"contentUrl\":\"http:\/\/www.zigboat.com\/wp-content\/uploads\/2018\/02\/Logo-Zigboat-TM.jpg\",\"width\":1024,\"height\":455,\"caption\":\"ZigBoat&trade;\"},\"image\":{\"@id\":\"https:\/\/www.zigboat.com\/#logo\"}},{\"@type\":\"WebSite\",\"@id\":\"https:\/\/www.zigboat.com\/#website\",\"url\":\"https:\/\/www.zigboat.com\/\",\"name\":\"ZigBoat\\u2122\",\"description\":\"ZigBoat&trade; - The Best in Marine Antennas  \",\"publisher\":{\"@id\":\"https:\/\/www.zigboat.com\/#organization\"},\"potentialAction\":[{\"@type\":\"SearchAction\",\"target\":{\"@type\":\"EntryPoint\",\"urlTemplate\":\"https:\/\/www.zigboat.com\/?s={search_term_string}\"},\"query-input\":\"required name=search_term_string\"}],\"inLanguage\":\"it-IT\"},{\"@type\":\"ImageObject\",\"@id\":\"http:\/\/www.zigboat.com\/it\/prodotto\/zigboat-connectivity-kit-it\/#primaryimage\",\"inLanguage\":\"it-IT\",\"url\":\"https:\/\/www.zigboat.com\/wp-content\/uploads\/2018\/11\/ZigBoat-Connectivity-kit_2019-1.jpg\",\"contentUrl\":\"https:\/\/www.zigboat.com\/wp-content\/uploads\/2018\/11\/ZigBoat-Connectivity-kit_2019-1.jpg\",\"width\":1920,\"height\":1174,\"caption\":\"Created with GIMP\"},{\"@type\":\"WebPage\",\"@id\":\"http:\/\/www.zigboat.com\/it\/prodotto\/zigboat-connectivity-kit-it\/#webpage\",\"url\":\"http:\/\/www.zigboat.com\/it\/prodotto\/zigboat-connectivity-kit-it\/\",\"name\":\"ZigBoat\\u2122 \\u2013 4G Connectivity Kit - ZigBoat\\u2122\",\"isPartOf\":{\"@id\":\"https:\/\/www.zigboat.com\/#website\"},\"primaryImageOfPage\":{\"@id\":\"http:\/\/www.zigboat.com\/it\/prodotto\/zigboat-connectivity-kit-it\/#primaryimage\"},\"datePublished\":\"2018-11-27T13:26:07+00:00\",\"dateModified\":\"2021-08-27T13:02:16+00:00\",\"breadcrumb\":{\"@id\":\"http:\/\/www.zigboat.com\/it\/prodotto\/zigboat-connectivity-kit-it\/#breadcrumb\"},\"inLanguage\":\"it-IT\",\"potentialAction\":[{\"@type\":\"ReadAction\",\"target\":[\"http:\/\/www.zigboat.com\/it\/prodotto\/zigboat-connectivity-kit-it\/\"]}]},{\"@type\":\"BreadcrumbList\",\"@id\":\"http:\/\/www.zigboat.com\/it\/prodotto\/zigboat-connectivity-kit-it\/#breadcrumb\",\"itemListElement\":[{\"@type\":\"ListItem\",\"position\":1,\"name\":\"Home\",\"item\":\"https:\/\/www.zigboat.com\/it\/\"},{\"@type\":\"ListItem\",\"position\":2,\"name\":\"Products\",\"item\":\"https:\/\/www.zigboat.com\/shop\/\"},{\"@type\":\"ListItem\",\"position\":3,\"name\":\"ZigBoat\\u2122 \\u2013 4G Connectivity Kit\"}]}]}<\/script>\n<!-- \/ Yoast SEO plugin. -->","yoast_head_json":{"robots":{"index":"index","follow":"follow","max-snippet":"max-snippet:-1","max-image-preview":"max-image-preview:large","max-video-preview":"max-video-preview:-1"},"canonical":"http:\/\/www.zigboat.com\/it\/prodotto\/zigboat-connectivity-kit-it\/","og_locale":"it_IT","og_type":"article","og_title":"ZigBoat\u2122 \u2013 4G Connectivity Kit - ZigBoat\u2122","og_description":"Il sistema di sorveglianza 100% wireless per monitorare e interagire con la tua barca da remoto tramite l'App gratuita senza canoni mensili o abbonamenti. Questo kit ZigBoat ti consente di ricevere notifiche SMS e di connettere il gateway ZigBoat a Internet per le notifiche push (SIM Card non inclusa). Questo kit contiene un Gateway, un device 4G per la connettivit\u00e0 4G, un sensore di batteria, un sensore di allagamento in sentina e batterie a lunga durata, fino a 5 anni, garantendo sicurezza e tranquillit\u00e0. il modulo principale del sistema ZigBoat\u2122. \u00c8 una piattaforma aperta che pu\u00f2 essere integrata con illimitati sensori e funzionalit\u00e0 ZigBoat aggiuntivi.      Manuale di Installazione &nbsp;","og_url":"http:\/\/www.zigboat.com\/it\/prodotto\/zigboat-connectivity-kit-it\/","og_site_name":"ZigBoat\u2122","article_publisher":"https:\/\/www.facebook.com\/Glomex\/","article_modified_time":"2021-08-27T13:02:16+00:00","og_image":[{"width":1920,"height":1174,"url":"http:\/\/www.zigboat.com\/wp-content\/uploads\/2018\/11\/ZigBoat-Connectivity-kit_2019-1.jpg","path":"\/home\/zigboatcuw\/www\/wp-content\/uploads\/2018\/11\/ZigBoat-Connectivity-kit_2019-1.jpg","size":"full","id":1386,"alt":"","pixels":2254080,"type":"image\/jpeg"}],"twitter_card":"summary_large_image","twitter_site":"@glomexmarine","twitter_misc":{"Tempo di lettura stimato":"2 minuti"},"schema":{"@context":"https:\/\/schema.org","@graph":[{"@type":"Organization","@id":"https:\/\/www.zigboat.com\/#organization","name":"ZigBoat&trade;","url":"https:\/\/www.zigboat.com\/","sameAs":["https:\/\/www.facebook.com\/Glomex\/","https:\/\/twitter.com\/glomexmarine","https:\/\/twitter.com\/glomexmarine"],"logo":{"@type":"ImageObject","@id":"https:\/\/www.zigboat.com\/#logo","inLanguage":"it-IT","url":"http:\/\/www.zigboat.com\/wp-content\/uploads\/2018\/02\/Logo-Zigboat-TM.jpg","contentUrl":"http:\/\/www.zigboat.com\/wp-content\/uploads\/2018\/02\/Logo-Zigboat-TM.jpg","width":1024,"height":455,"caption":"ZigBoat&trade;"},"image":{"@id":"https:\/\/www.zigboat.com\/#logo"}},{"@type":"WebSite","@id":"https:\/\/www.zigboat.com\/#website","url":"https:\/\/www.zigboat.com\/","name":"ZigBoat\u2122","description":"ZigBoat&trade; - The Best in Marine Antennas  ","publisher":{"@id":"https:\/\/www.zigboat.com\/#organization"},"potentialAction":[{"@type":"SearchAction","target":{"@type":"EntryPoint","urlTemplate":"https:\/\/www.zigboat.com\/?s={search_term_string}"},"query-input":"required name=search_term_string"}],"inLanguage":"it-IT"},{"@type":"ImageObject","@id":"http:\/\/www.zigboat.com\/it\/prodotto\/zigboat-connectivity-kit-it\/#primaryimage","inLanguage":"it-IT","url":"https:\/\/www.zigboat.com\/wp-content\/uploads\/2018\/11\/ZigBoat-Connectivity-kit_2019-1.jpg","contentUrl":"https:\/\/www.zigboat.com\/wp-content\/uploads\/2018\/11\/ZigBoat-Connectivity-kit_2019-1.jpg","width":1920,"height":1174,"caption":"Created with GIMP"},{"@type":"WebPage","@id":"http:\/\/www.zigboat.com\/it\/prodotto\/zigboat-connectivity-kit-it\/#webpage","url":"http:\/\/www.zigboat.com\/it\/prodotto\/zigboat-connectivity-kit-it\/","name":"ZigBoat\u2122 \u2013 4G Connectivity Kit - ZigBoat\u2122","isPartOf":{"@id":"https:\/\/www.zigboat.com\/#website"},"primaryImageOfPage":{"@id":"http:\/\/www.zigboat.com\/it\/prodotto\/zigboat-connectivity-kit-it\/#primaryimage"},"datePublished":"2018-11-27T13:26:07+00:00","dateModified":"2021-08-27T13:02:16+00:00","breadcrumb":{"@id":"http:\/\/www.zigboat.com\/it\/prodotto\/zigboat-connectivity-kit-it\/#breadcrumb"},"inLanguage":"it-IT","potentialAction":[{"@type":"ReadAction","target":["http:\/\/www.zigboat.com\/it\/prodotto\/zigboat-connectivity-kit-it\/"]}]},{"@type":"BreadcrumbList","@id":"http:\/\/www.zigboat.com\/it\/prodotto\/zigboat-connectivity-kit-it\/#breadcrumb","itemListElement":[{"@type":"ListItem","position":1,"name":"Home","item":"https:\/\/www.zigboat.com\/it\/"},{"@type":"ListItem","position":2,"name":"Products","item":"https:\/\/www.zigboat.com\/shop\/"},{"@type":"ListItem","position":3,"name":"ZigBoat\u2122 \u2013 4G Connectivity Kit"}]}]}},"_links":{"self":[{"href":"https:\/\/www.zigboat.com\/it\/wp-json\/wp\/v2\/product\/1154"}],"collection":[{"href":"https:\/\/www.zigboat.com\/it\/wp-json\/wp\/v2\/product"}],"about":[{"href":"https:\/\/www.zigboat.com\/it\/wp-json\/wp\/v2\/types\/product"}],"wp:featuredmedia":[{"embeddable":true,"href":"https:\/\/www.zigboat.com\/it\/wp-json\/wp\/v2\/media\/1386"}],"wp:attachment":[{"href":"https:\/\/www.zigboat.com\/it\/wp-json\/wp\/v2\/media?parent=1154"}],"curies":[{"name":"wp","href":"https:\/\/api.w.org\/{rel}","templated":true}]}}