{"id":572,"date":"2018-02-21T23:15:23","date_gmt":"2018-02-21T23:15:23","guid":{"rendered":"http:\/\/www.zigboat.com\/product\/heat-alarm-sensor\/"},"modified":"2019-06-10T15:08:41","modified_gmt":"2019-06-10T15:08:41","slug":"heat-alarm-sensor","status":"publish","type":"product","link":"https:\/\/www.zigboat.com\/it\/prodotto\/heat-alarm-sensor\/","title":{"rendered":"Sensore calore"},"content":{"rendered":"<p>Il sensore di allarme calore rileva sia l&#8217;aumento rapido ed improvviso della temperatura sia i livelli di calore assoluti e avvisa l&#8217;utente in caso di eventi critici. Pu\u00f2 essere installato in ambienti con presenza di fumo per evitare falsi allarmi. \u00c8 particolarmente utile in ambienti in cui un sensore di rilevamento fumo tradizionale pu\u00f2 causare falsi rilevamenti.<\/p>\n<p>&nbsp;<\/p>\n<p>Per il corretto funzionamento del sensore occorre utilizzare il gateway <strong>ZigBoat\u2122<\/strong><\/p>\n<p><strong>ZigBoat\u2122<\/strong> \u00e8 un innovativo sistema wireless ZigBee \/ WiFi, senza cloud, per il monitoraggio e l&#8217;interazione con la tua barca sia da remoto che a bordo, garantendo sicurezza e tranquillit\u00e0 senza costi o abbonamenti mensili. ZigBoat\u2122 \u00e8 costituito da un modulo principale (Gateway) e una serie di sensori standard e opzionali che possono essere aggiunti alle tue esigenze specifiche. Grazie alle tecnologie wireless ZigBee e Wi-Fi, che hanno una comunicazione diretta con i sensori di bordo senza la necessit\u00e0 di un cloud, ZigBoat\u2122 invia notifiche push in tempo reale quando si verificano eventi critici. Utilizzando l&#8217;app ZigBoat\u2122, \u00e8 possibile controllare le informazioni dell&#8217;imbarcazione monitorate dal sistema. Con il dongle 3G USB opzionale (cod. ZB210), \u00e8 possibile ricevere anche notifiche via SMS in caso di evento critico.<\/p>\n<p>&nbsp;<\/p>\n<p><strong>ZigBoat\u2122 \u00e8:<\/strong><\/p>\n<p><strong>PLUG &amp; PLAY<\/strong><\/p>\n<p>ZigBoat\u2122 \u00e8 facile da installare e utilizzare. Nessun cavo necessario.<\/p>\n<p>&nbsp;<\/p>\n<p><strong>ULTIMA TECNOLOGIA DI GENERAZIONE<\/strong><\/p>\n<p>Basato sulle tecnologie wireless WiFi e ZigBee per una connessione rapida e semplice con i sensori di bordo. Gestito dall&#8217;app ZigBoat\u2122\u00a0 per i dispositivi iOS o Android<\/p>\n<p>&nbsp;<\/p>\n<p><strong>SICURO E AFFIDABILE<\/strong><\/p>\n<p>Il gateway ZigBoat\u2122 utilizza la piattaforma di connessione Peer-to-Peer diretta, crittografata e in tempo reale per comunicare con i i dispositivi mobili (smartphone e tablet) e avere il controllo della barca sempre e ovunque nel rispetto della vostra privacy<\/p>\n<p>&nbsp;<\/p>\n<p><strong>FLESSIBILE, MODULARE ED EVOLUTIVO<\/strong><\/p>\n<p>ZigBoat\u2122 offre diversi sensori e funzionalit\u00e0 per soddisfare le vostre esigenze. Il sistema pu\u00f2 essere integrato e ampliato con sensori aggiuntivi illimitati<\/p>\n","protected":false},"excerpt":{"rendered":"<p>Il sensore di allarme calore rileva sia l&#8217;aumento rapido ed improvviso della temperatura sia i livelli di calore assoluti e avvisa l&#8217;utente in caso di eventi critici. Pu\u00f2 essere installato in ambienti con presenza di fumo per evitare falsi allarmi. \u00c8 particolarmente utile in ambienti in cui un sensore di rilevamento fumo tradizionale pu\u00f2 causare falsi rilevamenti.<\/p>\n<table>\n<tbody>\n<tr>\n<td><a href=\"http:\/\/www.zigboat.com\/wp-content\/uploads\/2019\/06\/ZigBoat-Heat-alarm-installation-manual.pdf\" target=\"_blank\" rel=\"noopener noreferrer\"><img loading=\"lazy\" class=\"size-full wp-image-346\" src=\"http:\/\/www.zigboat.com\/wp-content\/uploads\/2018\/02\/pdf.png\" alt=\"Owner's Manual\" width=\"100\" height=\"100\" srcset=\"https:\/\/www.zigboat.com\/wp-content\/uploads\/2018\/02\/pdf.png 256w, https:\/\/www.zigboat.com\/wp-content\/uploads\/2018\/02\/pdf-150x150.png 150w, https:\/\/www.zigboat.com\/wp-content\/uploads\/2018\/02\/pdf-100x100.png 100w\" sizes=\"(max-width: 100px) 100vw, 100px\" \/><\/a><\/td>\n<td style=\"vertical-align: middle;\">\n<h5 style=\"margin-top: 40px;\">Manuale di Installazione<\/h5>\n<p>&nbsp;<\/td>\n<\/tr>\n<\/tbody>\n<\/table>\n","protected":false},"featured_media":551,"template":"","meta":[],"yoast_head":"<!-- This site is optimized with the Yoast SEO plugin v17.1 - https:\/\/yoast.com\/wordpress\/plugins\/seo\/ -->\n<meta name=\"robots\" content=\"index, follow, max-snippet:-1, max-image-preview:large, max-video-preview:-1\" \/>\n<link rel=\"canonical\" href=\"http:\/\/www.zigboat.com\/it\/prodotto\/heat-alarm-sensor\/\" \/>\n<meta property=\"og:locale\" content=\"it_IT\" \/>\n<meta property=\"og:type\" content=\"article\" \/>\n<meta property=\"og:title\" content=\"Sensore calore - ZigBoat\u2122\" \/>\n<meta property=\"og:description\" content=\"Il sensore di allarme calore rileva sia l&#039;aumento rapido ed improvviso della temperatura sia i livelli di calore assoluti e avvisa l&#039;utente in caso di eventi critici. Pu\u00f2 essere installato in ambienti con presenza di fumo per evitare falsi allarmi. \u00c8 particolarmente utile in ambienti in cui un sensore di rilevamento fumo tradizionale pu\u00f2 causare falsi rilevamenti.      Manuale di Installazione &nbsp;\" \/>\n<meta property=\"og:url\" content=\"http:\/\/www.zigboat.com\/it\/prodotto\/heat-alarm-sensor\/\" \/>\n<meta property=\"og:site_name\" content=\"ZigBoat\u2122\" \/>\n<meta property=\"article:publisher\" content=\"https:\/\/www.facebook.com\/Glomex\/\" \/>\n<meta property=\"article:modified_time\" content=\"2019-06-10T15:08:41+00:00\" \/>\n<meta property=\"og:image\" content=\"https:\/\/www.zigboat.com\/wp-content\/uploads\/2018\/02\/zigboat-heat-alarm-sensor-5.png\" \/>\n\t<meta property=\"og:image:width\" content=\"1280\" \/>\n\t<meta property=\"og:image:height\" content=\"817\" \/>\n<meta name=\"twitter:card\" content=\"summary_large_image\" \/>\n<meta name=\"twitter:site\" content=\"@glomexmarine\" \/>\n<meta name=\"twitter:label1\" content=\"Tempo di lettura stimato\" \/>\n\t<meta name=\"twitter:data1\" content=\"2 minuti\" \/>\n<script type=\"application\/ld+json\" class=\"yoast-schema-graph\">{\"@context\":\"https:\/\/schema.org\",\"@graph\":[{\"@type\":\"Organization\",\"@id\":\"https:\/\/www.zigboat.com\/#organization\",\"name\":\"ZigBoat&trade;\",\"url\":\"https:\/\/www.zigboat.com\/\",\"sameAs\":[\"https:\/\/www.facebook.com\/Glomex\/\",\"https:\/\/twitter.com\/glomexmarine\",\"https:\/\/twitter.com\/glomexmarine\"],\"logo\":{\"@type\":\"ImageObject\",\"@id\":\"https:\/\/www.zigboat.com\/#logo\",\"inLanguage\":\"it-IT\",\"url\":\"http:\/\/www.zigboat.com\/wp-content\/uploads\/2018\/02\/Logo-Zigboat-TM.jpg\",\"contentUrl\":\"http:\/\/www.zigboat.com\/wp-content\/uploads\/2018\/02\/Logo-Zigboat-TM.jpg\",\"width\":1024,\"height\":455,\"caption\":\"ZigBoat&trade;\"},\"image\":{\"@id\":\"https:\/\/www.zigboat.com\/#logo\"}},{\"@type\":\"WebSite\",\"@id\":\"https:\/\/www.zigboat.com\/#website\",\"url\":\"https:\/\/www.zigboat.com\/\",\"name\":\"ZigBoat\\u2122\",\"description\":\"ZigBoat&trade; - The Best in Marine Antennas  \",\"publisher\":{\"@id\":\"https:\/\/www.zigboat.com\/#organization\"},\"potentialAction\":[{\"@type\":\"SearchAction\",\"target\":{\"@type\":\"EntryPoint\",\"urlTemplate\":\"https:\/\/www.zigboat.com\/?s={search_term_string}\"},\"query-input\":\"required name=search_term_string\"}],\"inLanguage\":\"it-IT\"},{\"@type\":\"ImageObject\",\"@id\":\"http:\/\/www.zigboat.com\/it\/prodotto\/heat-alarm-sensor\/#primaryimage\",\"inLanguage\":\"it-IT\",\"url\":\"https:\/\/www.zigboat.com\/wp-content\/uploads\/2018\/02\/zigboat-heat-alarm-sensor-5.png\",\"contentUrl\":\"https:\/\/www.zigboat.com\/wp-content\/uploads\/2018\/02\/zigboat-heat-alarm-sensor-5.png\",\"width\":1280,\"height\":817},{\"@type\":\"WebPage\",\"@id\":\"http:\/\/www.zigboat.com\/it\/prodotto\/heat-alarm-sensor\/#webpage\",\"url\":\"http:\/\/www.zigboat.com\/it\/prodotto\/heat-alarm-sensor\/\",\"name\":\"Sensore calore - ZigBoat\\u2122\",\"isPartOf\":{\"@id\":\"https:\/\/www.zigboat.com\/#website\"},\"primaryImageOfPage\":{\"@id\":\"http:\/\/www.zigboat.com\/it\/prodotto\/heat-alarm-sensor\/#primaryimage\"},\"datePublished\":\"2018-02-21T23:15:23+00:00\",\"dateModified\":\"2019-06-10T15:08:41+00:00\",\"breadcrumb\":{\"@id\":\"http:\/\/www.zigboat.com\/it\/prodotto\/heat-alarm-sensor\/#breadcrumb\"},\"inLanguage\":\"it-IT\",\"potentialAction\":[{\"@type\":\"ReadAction\",\"target\":[\"http:\/\/www.zigboat.com\/it\/prodotto\/heat-alarm-sensor\/\"]}]},{\"@type\":\"BreadcrumbList\",\"@id\":\"http:\/\/www.zigboat.com\/it\/prodotto\/heat-alarm-sensor\/#breadcrumb\",\"itemListElement\":[{\"@type\":\"ListItem\",\"position\":1,\"name\":\"Home\",\"item\":\"https:\/\/www.zigboat.com\/it\/\"},{\"@type\":\"ListItem\",\"position\":2,\"name\":\"Products\",\"item\":\"https:\/\/www.zigboat.com\/shop\/\"},{\"@type\":\"ListItem\",\"position\":3,\"name\":\"Sensore calore\"}]}]}<\/script>\n<!-- \/ Yoast SEO plugin. -->","yoast_head_json":{"robots":{"index":"index","follow":"follow","max-snippet":"max-snippet:-1","max-image-preview":"max-image-preview:large","max-video-preview":"max-video-preview:-1"},"canonical":"http:\/\/www.zigboat.com\/it\/prodotto\/heat-alarm-sensor\/","og_locale":"it_IT","og_type":"article","og_title":"Sensore calore - ZigBoat\u2122","og_description":"Il sensore di allarme calore rileva sia l'aumento rapido ed improvviso della temperatura sia i livelli di calore assoluti e avvisa l'utente in caso di eventi critici. Pu\u00f2 essere installato in ambienti con presenza di fumo per evitare falsi allarmi. \u00c8 particolarmente utile in ambienti in cui un sensore di rilevamento fumo tradizionale pu\u00f2 causare falsi rilevamenti.      Manuale di Installazione &nbsp;","og_url":"http:\/\/www.zigboat.com\/it\/prodotto\/heat-alarm-sensor\/","og_site_name":"ZigBoat\u2122","article_publisher":"https:\/\/www.facebook.com\/Glomex\/","article_modified_time":"2019-06-10T15:08:41+00:00","og_image":[{"width":1280,"height":817,"url":"https:\/\/www.zigboat.com\/wp-content\/uploads\/2018\/02\/zigboat-heat-alarm-sensor-5.png","path":"\/home\/zigboatcuw\/www\/wp-content\/uploads\/2018\/02\/zigboat-heat-alarm-sensor-5.png","size":"full","id":551,"alt":"","pixels":1045760,"type":"image\/png"}],"twitter_card":"summary_large_image","twitter_site":"@glomexmarine","twitter_misc":{"Tempo di lettura stimato":"2 minuti"},"schema":{"@context":"https:\/\/schema.org","@graph":[{"@type":"Organization","@id":"https:\/\/www.zigboat.com\/#organization","name":"ZigBoat&trade;","url":"https:\/\/www.zigboat.com\/","sameAs":["https:\/\/www.facebook.com\/Glomex\/","https:\/\/twitter.com\/glomexmarine","https:\/\/twitter.com\/glomexmarine"],"logo":{"@type":"ImageObject","@id":"https:\/\/www.zigboat.com\/#logo","inLanguage":"it-IT","url":"http:\/\/www.zigboat.com\/wp-content\/uploads\/2018\/02\/Logo-Zigboat-TM.jpg","contentUrl":"http:\/\/www.zigboat.com\/wp-content\/uploads\/2018\/02\/Logo-Zigboat-TM.jpg","width":1024,"height":455,"caption":"ZigBoat&trade;"},"image":{"@id":"https:\/\/www.zigboat.com\/#logo"}},{"@type":"WebSite","@id":"https:\/\/www.zigboat.com\/#website","url":"https:\/\/www.zigboat.com\/","name":"ZigBoat\u2122","description":"ZigBoat&trade; - The Best in Marine Antennas  ","publisher":{"@id":"https:\/\/www.zigboat.com\/#organization"},"potentialAction":[{"@type":"SearchAction","target":{"@type":"EntryPoint","urlTemplate":"https:\/\/www.zigboat.com\/?s={search_term_string}"},"query-input":"required name=search_term_string"}],"inLanguage":"it-IT"},{"@type":"ImageObject","@id":"http:\/\/www.zigboat.com\/it\/prodotto\/heat-alarm-sensor\/#primaryimage","inLanguage":"it-IT","url":"https:\/\/www.zigboat.com\/wp-content\/uploads\/2018\/02\/zigboat-heat-alarm-sensor-5.png","contentUrl":"https:\/\/www.zigboat.com\/wp-content\/uploads\/2018\/02\/zigboat-heat-alarm-sensor-5.png","width":1280,"height":817},{"@type":"WebPage","@id":"http:\/\/www.zigboat.com\/it\/prodotto\/heat-alarm-sensor\/#webpage","url":"http:\/\/www.zigboat.com\/it\/prodotto\/heat-alarm-sensor\/","name":"Sensore calore - ZigBoat\u2122","isPartOf":{"@id":"https:\/\/www.zigboat.com\/#website"},"primaryImageOfPage":{"@id":"http:\/\/www.zigboat.com\/it\/prodotto\/heat-alarm-sensor\/#primaryimage"},"datePublished":"2018-02-21T23:15:23+00:00","dateModified":"2019-06-10T15:08:41+00:00","breadcrumb":{"@id":"http:\/\/www.zigboat.com\/it\/prodotto\/heat-alarm-sensor\/#breadcrumb"},"inLanguage":"it-IT","potentialAction":[{"@type":"ReadAction","target":["http:\/\/www.zigboat.com\/it\/prodotto\/heat-alarm-sensor\/"]}]},{"@type":"BreadcrumbList","@id":"http:\/\/www.zigboat.com\/it\/prodotto\/heat-alarm-sensor\/#breadcrumb","itemListElement":[{"@type":"ListItem","position":1,"name":"Home","item":"https:\/\/www.zigboat.com\/it\/"},{"@type":"ListItem","position":2,"name":"Products","item":"https:\/\/www.zigboat.com\/shop\/"},{"@type":"ListItem","position":3,"name":"Sensore calore"}]}]}},"_links":{"self":[{"href":"https:\/\/www.zigboat.com\/it\/wp-json\/wp\/v2\/product\/572"}],"collection":[{"href":"https:\/\/www.zigboat.com\/it\/wp-json\/wp\/v2\/product"}],"about":[{"href":"https:\/\/www.zigboat.com\/it\/wp-json\/wp\/v2\/types\/product"}],"wp:featuredmedia":[{"embeddable":true,"href":"https:\/\/www.zigboat.com\/it\/wp-json\/wp\/v2\/media\/551"}],"wp:attachment":[{"href":"https:\/\/www.zigboat.com\/it\/wp-json\/wp\/v2\/media?parent=572"}],"curies":[{"name":"wp","href":"https:\/\/api.w.org\/{rel}","templated":true}]}}