{"id":587,"date":"2018-02-21T23:26:06","date_gmt":"2018-02-21T23:26:06","guid":{"rendered":"http:\/\/www.zigboat.com\/product\/gps\/"},"modified":"2019-06-10T14:45:32","modified_gmt":"2019-06-10T14:45:32","slug":"gps","status":"publish","type":"product","link":"https:\/\/www.zigboat.com\/it\/prodotto\/gps\/","title":{"rendered":"GPS\/TRACKING ZIGBEE\u00ae"},"content":{"rendered":"<p>Rileva la posizione e i movimenti della barca e invia notifiche push qualora la barca esca da un\u2019area di geofence pre-impostata, senza abbonamenti, n\u00e9 costi mensili, n\u00e9 cloud. Include caratteristiche essenziali per monitorare la barca e garantirvi la pi\u00f9 compelta tranquillit\u00e0 e sicurezza, quali: Geofencing, Controllo dell\u2019ancora, Fleet tracking e Previsioni meteo.<\/p>\n<p>L\u2019innovativo GPS wireless ZigBee\u00ae ha le seguenti caratteristiche essenziali:<\/p>\n<p>&nbsp;<\/p>\n<p><strong>GEOFENCING<\/strong><br \/>\nTiene traccia della tua barca e invia una notifica quando \u00e8 fuori dalla portata impostata.<\/p>\n<p><strong>FLEET TRACKING<\/strong><br \/>\nTiene traccia della tua flotta utilizzando una connessione diretta, crittografata e in tempo reale per garantire il 100% di privacy e sicurezza.<\/p>\n<p><strong>CONTROLLO DELL\u2019ANCORA<\/strong><br \/>\nIl posizionamento GPS permette di avvisarvi se l\u2019ancora ara.<\/p>\n<p><strong>PREVISIONI METEO<\/strong><br \/>\nPrevisioni meteo giornaliere in tempo reale<\/p>\n<p>&nbsp;<\/p>\n<p>Specifiche tecniche<br \/>\n1. Colore: Bianco<br \/>\n2. Dimensioni: 100mm \u00d8 \/ Altezza: unit\u00e0 GPS 58mm + base da 72mm<br \/>\n3. Peso: 180 gr<br \/>\n4. Frequenza GPS Rx: L1 (1575.42 MHz)<br \/>\n5. Alimentazione: 12\/24 V DC<br \/>\n6. Consumo: Max 0.8 W, Typical 0.2 W<br \/>\n7. Connettivit\u00e0: IEEE 802.15.4 \/ ZigBee (2.4 GHz)<br \/>\n8. Potenza di uscita: fino a 20 dBm<br \/>\n9. GPS: fino a 3 GNSS (GPS, Galileo, GLONASS, BeiDou)<br \/>\n10. Temperatura di esercizio: -25\u00b0C to +55\u00b0C<br \/>\n11. Precisione della distanza: &lt; 10 m (in condizioni di cielo limpido)<\/p>\n<p>&nbsp;<\/p>\n<p><a href=\"http:\/\/www.zigboat.com\/wp-content\/uploads\/2019\/06\/ZigBoat-GPS-owner-manual.pdf\" target=\"_blank\" rel=\"noopener noreferrer\"><img loading=\"lazy\" class=\"size-full wp-image-346\" src=\"http:\/\/www.zigboat.com\/wp-content\/uploads\/2018\/02\/pdf.png\" alt=\"Owner's Manual\" width=\"100\" height=\"100\" srcset=\"https:\/\/www.zigboat.com\/wp-content\/uploads\/2018\/02\/pdf.png 256w, https:\/\/www.zigboat.com\/wp-content\/uploads\/2018\/02\/pdf-150x150.png 150w, https:\/\/www.zigboat.com\/wp-content\/uploads\/2018\/02\/pdf-100x100.png 100w\" sizes=\"(max-width: 100px) 100vw, 100px\" \/><\/a><\/p>\n<h5 style=\"margin-top: 40px\">MANUALE DI INSTALLAZIONE<\/h5>\n<p>&nbsp;<\/p>\n","protected":false},"excerpt":{"rendered":"<p>L\u2019unico GPS wireless ZigBee\u00ae nel mercato.<\/p>\n<table>\n<tbody>\n<tr>\n<td><a href=\"http:\/\/www.zigboat.com\/wp-content\/uploads\/2019\/06\/ZigBoat-GPS-owner-manual.pdf\" target=\"_blank\" rel=\"noopener noreferrer\"><img loading=\"lazy\" class=\"size-full wp-image-346\" src=\"http:\/\/www.zigboat.com\/wp-content\/uploads\/2018\/02\/pdf.png\" alt=\"Owner's Manual\" width=\"100\" height=\"100\" srcset=\"https:\/\/www.zigboat.com\/wp-content\/uploads\/2018\/02\/pdf.png 256w, https:\/\/www.zigboat.com\/wp-content\/uploads\/2018\/02\/pdf-150x150.png 150w, https:\/\/www.zigboat.com\/wp-content\/uploads\/2018\/02\/pdf-100x100.png 100w\" sizes=\"(max-width: 100px) 100vw, 100px\" \/><\/a><\/td>\n<td style=\"vertical-align: middle\">\n<h5 style=\"margin-top: 40px\">MANUALE DI INSTALLAZIONE<\/h5>\n<p>&nbsp;<\/td>\n<\/tr>\n<\/tbody>\n<\/table>\n<p>COD. ZB211<\/p>\n","protected":false},"featured_media":1198,"template":"","meta":[],"yoast_head":"<!-- This site is optimized with the Yoast SEO plugin v17.1 - https:\/\/yoast.com\/wordpress\/plugins\/seo\/ -->\n<meta name=\"robots\" content=\"index, follow, max-snippet:-1, max-image-preview:large, max-video-preview:-1\" \/>\n<link rel=\"canonical\" href=\"http:\/\/www.zigboat.com\/it\/prodotto\/gps\/\" \/>\n<meta property=\"og:locale\" content=\"it_IT\" \/>\n<meta property=\"og:type\" content=\"article\" \/>\n<meta property=\"og:title\" content=\"GPS\/TRACKING ZIGBEE\u00ae - ZigBoat\u2122\" \/>\n<meta property=\"og:description\" content=\"L\u2019unico GPS wireless ZigBee\u00ae nel mercato.      MANUALE DI INSTALLAZIONE &nbsp;    COD. ZB211\" \/>\n<meta property=\"og:url\" content=\"http:\/\/www.zigboat.com\/it\/prodotto\/gps\/\" \/>\n<meta property=\"og:site_name\" content=\"ZigBoat\u2122\" \/>\n<meta property=\"article:publisher\" content=\"https:\/\/www.facebook.com\/Glomex\/\" \/>\n<meta property=\"article:modified_time\" content=\"2019-06-10T14:45:32+00:00\" \/>\n<meta property=\"og:image\" content=\"http:\/\/www.zigboat.com\/wp-content\/uploads\/2019\/04\/GPS-1.png\" \/>\n\t<meta property=\"og:image:width\" content=\"432\" \/>\n\t<meta property=\"og:image:height\" content=\"837\" \/>\n<meta name=\"twitter:card\" content=\"summary_large_image\" \/>\n<meta name=\"twitter:site\" content=\"@glomexmarine\" \/>\n<meta name=\"twitter:label1\" content=\"Tempo di lettura stimato\" \/>\n\t<meta name=\"twitter:data1\" content=\"1 minuto\" \/>\n<script type=\"application\/ld+json\" class=\"yoast-schema-graph\">{\"@context\":\"https:\/\/schema.org\",\"@graph\":[{\"@type\":\"Organization\",\"@id\":\"https:\/\/www.zigboat.com\/#organization\",\"name\":\"ZigBoat&trade;\",\"url\":\"https:\/\/www.zigboat.com\/\",\"sameAs\":[\"https:\/\/www.facebook.com\/Glomex\/\",\"https:\/\/twitter.com\/glomexmarine\",\"https:\/\/twitter.com\/glomexmarine\"],\"logo\":{\"@type\":\"ImageObject\",\"@id\":\"https:\/\/www.zigboat.com\/#logo\",\"inLanguage\":\"it-IT\",\"url\":\"http:\/\/www.zigboat.com\/wp-content\/uploads\/2018\/02\/Logo-Zigboat-TM.jpg\",\"contentUrl\":\"http:\/\/www.zigboat.com\/wp-content\/uploads\/2018\/02\/Logo-Zigboat-TM.jpg\",\"width\":1024,\"height\":455,\"caption\":\"ZigBoat&trade;\"},\"image\":{\"@id\":\"https:\/\/www.zigboat.com\/#logo\"}},{\"@type\":\"WebSite\",\"@id\":\"https:\/\/www.zigboat.com\/#website\",\"url\":\"https:\/\/www.zigboat.com\/\",\"name\":\"ZigBoat\\u2122\",\"description\":\"ZigBoat&trade; - The Best in Marine Antennas  \",\"publisher\":{\"@id\":\"https:\/\/www.zigboat.com\/#organization\"},\"potentialAction\":[{\"@type\":\"SearchAction\",\"target\":{\"@type\":\"EntryPoint\",\"urlTemplate\":\"https:\/\/www.zigboat.com\/?s={search_term_string}\"},\"query-input\":\"required name=search_term_string\"}],\"inLanguage\":\"it-IT\"},{\"@type\":\"ImageObject\",\"@id\":\"http:\/\/www.zigboat.com\/it\/prodotto\/gps\/#primaryimage\",\"inLanguage\":\"it-IT\",\"url\":\"https:\/\/www.zigboat.com\/wp-content\/uploads\/2019\/04\/GPS-1.png\",\"contentUrl\":\"https:\/\/www.zigboat.com\/wp-content\/uploads\/2019\/04\/GPS-1.png\",\"width\":432,\"height\":837},{\"@type\":\"WebPage\",\"@id\":\"http:\/\/www.zigboat.com\/it\/prodotto\/gps\/#webpage\",\"url\":\"http:\/\/www.zigboat.com\/it\/prodotto\/gps\/\",\"name\":\"GPS\/TRACKING ZIGBEE\\u00ae - ZigBoat\\u2122\",\"isPartOf\":{\"@id\":\"https:\/\/www.zigboat.com\/#website\"},\"primaryImageOfPage\":{\"@id\":\"http:\/\/www.zigboat.com\/it\/prodotto\/gps\/#primaryimage\"},\"datePublished\":\"2018-02-21T23:26:06+00:00\",\"dateModified\":\"2019-06-10T14:45:32+00:00\",\"breadcrumb\":{\"@id\":\"http:\/\/www.zigboat.com\/it\/prodotto\/gps\/#breadcrumb\"},\"inLanguage\":\"it-IT\",\"potentialAction\":[{\"@type\":\"ReadAction\",\"target\":[\"http:\/\/www.zigboat.com\/it\/prodotto\/gps\/\"]}]},{\"@type\":\"BreadcrumbList\",\"@id\":\"http:\/\/www.zigboat.com\/it\/prodotto\/gps\/#breadcrumb\",\"itemListElement\":[{\"@type\":\"ListItem\",\"position\":1,\"name\":\"Home\",\"item\":\"https:\/\/www.zigboat.com\/it\/\"},{\"@type\":\"ListItem\",\"position\":2,\"name\":\"Products\",\"item\":\"https:\/\/www.zigboat.com\/shop\/\"},{\"@type\":\"ListItem\",\"position\":3,\"name\":\"GPS\/TRACKING ZIGBEE\\u00ae\"}]}]}<\/script>\n<!-- \/ Yoast SEO plugin. -->","yoast_head_json":{"robots":{"index":"index","follow":"follow","max-snippet":"max-snippet:-1","max-image-preview":"max-image-preview:large","max-video-preview":"max-video-preview:-1"},"canonical":"http:\/\/www.zigboat.com\/it\/prodotto\/gps\/","og_locale":"it_IT","og_type":"article","og_title":"GPS\/TRACKING ZIGBEE\u00ae - ZigBoat\u2122","og_description":"L\u2019unico GPS wireless ZigBee\u00ae nel mercato.      MANUALE DI INSTALLAZIONE &nbsp;    COD. ZB211","og_url":"http:\/\/www.zigboat.com\/it\/prodotto\/gps\/","og_site_name":"ZigBoat\u2122","article_publisher":"https:\/\/www.facebook.com\/Glomex\/","article_modified_time":"2019-06-10T14:45:32+00:00","og_image":[{"width":432,"height":837,"url":"http:\/\/www.zigboat.com\/wp-content\/uploads\/2019\/04\/GPS-1.png","path":"\/home\/zigboatcuw\/www\/wp-content\/uploads\/2019\/04\/GPS-1.png","size":"full","id":1198,"alt":"","pixels":361584,"type":"image\/png"}],"twitter_card":"summary_large_image","twitter_site":"@glomexmarine","twitter_misc":{"Tempo di lettura stimato":"1 minuto"},"schema":{"@context":"https:\/\/schema.org","@graph":[{"@type":"Organization","@id":"https:\/\/www.zigboat.com\/#organization","name":"ZigBoat&trade;","url":"https:\/\/www.zigboat.com\/","sameAs":["https:\/\/www.facebook.com\/Glomex\/","https:\/\/twitter.com\/glomexmarine","https:\/\/twitter.com\/glomexmarine"],"logo":{"@type":"ImageObject","@id":"https:\/\/www.zigboat.com\/#logo","inLanguage":"it-IT","url":"http:\/\/www.zigboat.com\/wp-content\/uploads\/2018\/02\/Logo-Zigboat-TM.jpg","contentUrl":"http:\/\/www.zigboat.com\/wp-content\/uploads\/2018\/02\/Logo-Zigboat-TM.jpg","width":1024,"height":455,"caption":"ZigBoat&trade;"},"image":{"@id":"https:\/\/www.zigboat.com\/#logo"}},{"@type":"WebSite","@id":"https:\/\/www.zigboat.com\/#website","url":"https:\/\/www.zigboat.com\/","name":"ZigBoat\u2122","description":"ZigBoat&trade; - The Best in Marine Antennas  ","publisher":{"@id":"https:\/\/www.zigboat.com\/#organization"},"potentialAction":[{"@type":"SearchAction","target":{"@type":"EntryPoint","urlTemplate":"https:\/\/www.zigboat.com\/?s={search_term_string}"},"query-input":"required name=search_term_string"}],"inLanguage":"it-IT"},{"@type":"ImageObject","@id":"http:\/\/www.zigboat.com\/it\/prodotto\/gps\/#primaryimage","inLanguage":"it-IT","url":"https:\/\/www.zigboat.com\/wp-content\/uploads\/2019\/04\/GPS-1.png","contentUrl":"https:\/\/www.zigboat.com\/wp-content\/uploads\/2019\/04\/GPS-1.png","width":432,"height":837},{"@type":"WebPage","@id":"http:\/\/www.zigboat.com\/it\/prodotto\/gps\/#webpage","url":"http:\/\/www.zigboat.com\/it\/prodotto\/gps\/","name":"GPS\/TRACKING ZIGBEE\u00ae - ZigBoat\u2122","isPartOf":{"@id":"https:\/\/www.zigboat.com\/#website"},"primaryImageOfPage":{"@id":"http:\/\/www.zigboat.com\/it\/prodotto\/gps\/#primaryimage"},"datePublished":"2018-02-21T23:26:06+00:00","dateModified":"2019-06-10T14:45:32+00:00","breadcrumb":{"@id":"http:\/\/www.zigboat.com\/it\/prodotto\/gps\/#breadcrumb"},"inLanguage":"it-IT","potentialAction":[{"@type":"ReadAction","target":["http:\/\/www.zigboat.com\/it\/prodotto\/gps\/"]}]},{"@type":"BreadcrumbList","@id":"http:\/\/www.zigboat.com\/it\/prodotto\/gps\/#breadcrumb","itemListElement":[{"@type":"ListItem","position":1,"name":"Home","item":"https:\/\/www.zigboat.com\/it\/"},{"@type":"ListItem","position":2,"name":"Products","item":"https:\/\/www.zigboat.com\/shop\/"},{"@type":"ListItem","position":3,"name":"GPS\/TRACKING ZIGBEE\u00ae"}]}]}},"_links":{"self":[{"href":"https:\/\/www.zigboat.com\/it\/wp-json\/wp\/v2\/product\/587"}],"collection":[{"href":"https:\/\/www.zigboat.com\/it\/wp-json\/wp\/v2\/product"}],"about":[{"href":"https:\/\/www.zigboat.com\/it\/wp-json\/wp\/v2\/types\/product"}],"wp:featuredmedia":[{"embeddable":true,"href":"https:\/\/www.zigboat.com\/it\/wp-json\/wp\/v2\/media\/1198"}],"wp:attachment":[{"href":"https:\/\/www.zigboat.com\/it\/wp-json\/wp\/v2\/media?parent=587"}],"curies":[{"name":"wp","href":"https:\/\/api.w.org\/{rel}","templated":true}]}}